{"id":720,"date":"2023-12-01T07:25:27","date_gmt":"2023-11-30T23:25:27","guid":{"rendered":"https:\/\/hkcscheer.net\/trang-chu\/"},"modified":"2025-01-20T11:24:44","modified_gmt":"2025-01-20T03:24:44","slug":"trang-chu","status":"publish","type":"page","link":"https:\/\/hkcscheer.net\/vi\/","title":{"rendered":"Trang ch\u1ee7"},"content":{"rendered":"<p><div class=\"wrapper \" style=\"\"><div class=\"row blox-row \"><div class=\"col-xs-12 col-sm-12 col-md-12 col-lg-12\"><div class='blox_element tt_raw_content  '><link href=\"https:\/\/fonts.googleapis.com\/css?family=Open+Sans:400\" rel=\"stylesheet\" property=\"stylesheet\" type=\"text\/css\" media=\"all\">\n<div id=\"rev_slider_1_1_wrapper\" class=\"rev_slider_wrapper fullwidthbanner-container\" data-source=\"gallery\" style=\"margin:0px auto;background:transparent;padding:0px;margin-top:0px;margin-bottom:0px;\">\n<!-- START REVOLUTION SLIDER 5.4.3.1 fullwidth mode -->\n\t<div id=\"rev_slider_1_1\" class=\"rev_slider fullwidthabanner\" style=\"display:none;\" data-version=\"5.4.3.1\">\n<ul>\t<!-- SLIDE  -->\n\t<li data-index=\"rs-15\" data-transition=\"slideleft\" data-slotamount=\"default\" data-hideafterloop=\"0\" data-hideslideonmobile=\"off\"  data-easein=\"default\" data-easeout=\"default\" data-masterspeed=\"default\"  data-thumb=\"https:\/\/hkcscheer.net\/wp-content\/uploads\/2024\/02\/DSC_6290_edited-scaled-100x50.jpg\"  data-rotate=\"0\"  data-saveperformance=\"off\"  data-title=\"Slide\" data-param1=\"\" data-param2=\"\" data-param3=\"\" data-param4=\"\" data-param5=\"\" data-param6=\"\" data-param7=\"\" data-param8=\"\" data-param9=\"\" data-param10=\"\" data-description=\"\">\n\t\t<!-- MAIN IMAGE -->\n\t\t<img loading=\"lazy\" decoding=\"async\" src=\"https:\/\/hkcscheer.net\/wp-content\/uploads\/2024\/02\/DSC_6290_edited-scaled.jpg\"  alt=\"\" title=\"DSC_6290_edited\"  width=\"2560\" height=\"1704\" data-bgposition=\"center center\" data-bgfit=\"cover\" data-bgrepeat=\"no-repeat\" class=\"rev-slidebg\" data-no-retina>\n\t\t<!-- LAYERS -->\n\n\t\t<!-- LAYER NR. 1 -->\n\t\t<div class=\"tp-caption   tp-resizeme\" \n\t\t\t id=\"slide-15-layer-3\" \n\t\t\t data-x=\"40\" \n\t\t\t data-y=\"106\" \n\t\t\t\t\t\tdata-width=\"['755']\"\n\t\t\tdata-height=\"['auto']\"\n \n\t\t\tdata-type=\"text\" \n\t\t\tdata-responsive_offset=\"on\" \n\n\t\t\tdata-frames='[{\"delay\":10,\"speed\":300,\"frame\":\"0\",\"from\":\"opacity:0;\",\"to\":\"o:1;\",\"ease\":\"Power3.easeInOut\"},{\"delay\":\"+4370.00030518\",\"speed\":300,\"frame\":\"999\",\"to\":\"opacity:0;\",\"ease\":\"Power3.easeInOut\"}]'\n\t\t\tdata-textAlign=\"['inherit','inherit','inherit','inherit']\"\n\t\t\tdata-paddingtop=\"[0,0,0,0]\"\n\t\t\tdata-paddingright=\"[0,0,0,0]\"\n\t\t\tdata-paddingbottom=\"[0,0,0,0]\"\n\t\t\tdata-paddingleft=\"[0,0,0,0]\"\n\n\t\t\tstyle=\"z-index: 5; min-width: 755px; max-width: 755px; white-space: normal; font-size: 60px; line-height: 62px; font-weight: 400; color: #ffffff; letter-spacing: 0px;font-family:Open Sans;\">T\u1ea1o \u0111i\u1ec1u ki\u1ec7n cho ng\u01b0\u1eddi d\u00e2n t\u1ed9c thi\u1ec3u s\u1ed1 c\u00f3 cu\u1ed9c s\u1ed1ng vui v\u1ebb v\u00e0 h\u00f2a h\u1ee3p trong x\u00e3 h\u1ed9i <\/div>\n\t<\/li>\n\t<!-- SLIDE  -->\n\t<li data-index=\"rs-2\" data-transition=\"slideleft\" data-slotamount=\"default\" data-hideafterloop=\"0\" data-hideslideonmobile=\"off\"  data-easein=\"default\" data-easeout=\"default\" data-masterspeed=\"default\"  data-thumb=\"https:\/\/hkcscheer.net\/wp-content\/uploads\/2024\/02\/DSC_6316_edited4-100x50.jpg\"  data-rotate=\"0\"  data-saveperformance=\"off\"  data-title=\"Slide\" data-param1=\"\" data-param2=\"\" data-param3=\"\" data-param4=\"\" data-param5=\"\" data-param6=\"\" data-param7=\"\" data-param8=\"\" data-param9=\"\" data-param10=\"\" data-description=\"\">\n\t\t<!-- MAIN IMAGE -->\n\t\t<img loading=\"lazy\" decoding=\"async\" src=\"https:\/\/hkcscheer.net\/wp-content\/uploads\/2024\/02\/DSC_6316_edited4.jpg\"  alt=\"\" title=\"DSC_6316_edited4\"  width=\"1920\" height=\"711\" data-bgposition=\"center center\" data-bgfit=\"cover\" data-bgrepeat=\"no-repeat\" class=\"rev-slidebg\" data-no-retina>\n\t\t<!-- LAYERS -->\n\t<\/li>\n<\/ul>\n<script>var htmlDiv = document.getElementById(\"rs-plugin-settings-inline-css\"); var htmlDivCss=\"\";\r\n\t\t\t\t\t\tif(htmlDiv) {\r\n\t\t\t\t\t\t\thtmlDiv.innerHTML = htmlDiv.innerHTML + htmlDivCss;\r\n\t\t\t\t\t\t}else{\r\n\t\t\t\t\t\t\tvar htmlDiv = document.createElement(\"div\");\r\n\t\t\t\t\t\t\thtmlDiv.innerHTML = \"<style>\" + htmlDivCss + \"<\/style>\";\r\n\t\t\t\t\t\t\tdocument.getElementsByTagName(\"head\")[0].appendChild(htmlDiv.childNodes[0]);\r\n\t\t\t\t\t\t}\r\n\t\t\t\t\t<\/script>\n<div class=\"tp-bannertimer tp-bottom\" style=\"visibility: hidden !important;\"><\/div>\t<\/div>\n<script>var htmlDiv = document.getElementById(\"rs-plugin-settings-inline-css\"); var htmlDivCss=\"\";\r\n\t\t\t\tif(htmlDiv) {\r\n\t\t\t\t\thtmlDiv.innerHTML = htmlDiv.innerHTML + htmlDivCss;\r\n\t\t\t\t}else{\r\n\t\t\t\t\tvar htmlDiv = document.createElement(\"div\");\r\n\t\t\t\t\thtmlDiv.innerHTML = \"<style>\" + htmlDivCss + \"<\/style>\";\r\n\t\t\t\t\tdocument.getElementsByTagName(\"head\")[0].appendChild(htmlDiv.childNodes[0]);\r\n\t\t\t\t}\r\n\t\t\t<\/script>\n\t\t<script type=\"text\/javascript\">\r\nsetREVStartSize({c: jQuery('#rev_slider_1_1'), gridwidth: [1440], gridheight: [460], sliderLayout: 'fullwidth'});\r\n\t\t\t\r\nvar revapi1,\r\n\ttpj=jQuery;\r\n\t\t\t\r\ntpj(document).ready(function() {\n\tif(tpj(\"#rev_slider_1_1\").revolution == undefined){\n\t\trevslider_showDoubleJqueryError(\"#rev_slider_1_1\");\n\t}else{\n\t\trevapi1 = tpj(\"#rev_slider_1_1\").show().revolution({\n\t\t\tsliderType:\"standard\",\n\t\t\tjsFileLocation:\"\/\/hkcscheer.net\/wp-content\/plugins\/revslider\/public\/assets\/js\/\",\n\t\t\tsliderLayout:\"fullwidth\",\n\t\t\tdottedOverlay:\"none\",\n\t\t\tdelay:5000,\n\t\t\tnavigation: {\n\t\t\t\tkeyboardNavigation:\"off\",\n\t\t\t\tkeyboard_direction: \"horizontal\",\n\t\t\t\tmouseScrollNavigation:\"off\",\n \t\t\t\t\t\t\tmouseScrollReverse:\"default\",\n\t\t\t\tonHoverStop:\"off\",\n\t\t\t\tarrows: {\n\t\t\t\t\tstyle:\"hesperiden\",\n\t\t\t\t\tenable:true,\n\t\t\t\t\thide_onmobile:false,\n\t\t\t\t\thide_onleave:false,\n\t\t\t\t\ttmp:'',\n\t\t\t\t\tleft: {\n\t\t\t\t\t\th_align:\"left\",\n\t\t\t\t\t\tv_align:\"center\",\n\t\t\t\t\t\th_offset:20,\n\t\t\t\t\t\tv_offset:0\n\t\t\t\t\t},\n\t\t\t\t\tright: {\n\t\t\t\t\t\th_align:\"right\",\n\t\t\t\t\t\tv_align:\"center\",\n\t\t\t\t\t\th_offset:20,\n\t\t\t\t\t\tv_offset:0\n\t\t\t\t\t}\n\t\t\t\t}\n\t\t\t},\n\t\t\tvisibilityLevels:[1240,1024,778,480],\n\t\t\tgridwidth:1440,\n\t\t\tgridheight:460,\n\t\t\tlazyType:\"none\",\n\t\t\tshadow:0,\n\t\t\tspinner:\"spinner0\",\n\t\t\tstopLoop:\"off\",\n\t\t\tstopAfterLoops:-1,\n\t\t\tstopAtSlide:-1,\n\t\t\tshuffle:\"off\",\n\t\t\tautoHeight:\"off\",\n\t\t\tdisableProgressBar:\"on\",\n\t\t\thideThumbsOnMobile:\"off\",\n\t\t\thideSliderAtLimit:0,\n\t\t\thideCaptionAtLimit:0,\n\t\t\thideAllCaptionAtLilmit:0,\n\t\t\tdebugMode:false,\n\t\t\tfallbacks: {\n\t\t\t\tsimplifyAll:\"off\",\n\t\t\t\tnextSlideOnWindowFocus:\"off\",\n\t\t\t\tdisableFocusListener:false,\n\t\t\t}\n\t\t});\n\t}\n\t\n});\t\/*ready*\/\n<\/script>\r\n\t\t<script>\r\n\t\t\t\t\tvar htmlDivCss = unescape(\".hesperiden.tparrows%20%7B%0A%09cursor%3Apointer%3B%0A%09background%3Argba%280%2C0%2C0%2C0.5%29%3B%0A%09width%3A40px%3B%0A%09height%3A40px%3B%0A%09position%3Aabsolute%3B%0A%09display%3Ablock%3B%0A%09z-index%3A100%3B%0A%20%20%20%20border-radius%3A%2050%25%3B%0A%7D%0A.hesperiden.tparrows%3Ahover%20%7B%0A%09background%3Argba%280%2C%200%2C%200%2C%201%29%3B%0A%7D%0A.hesperiden.tparrows%3Abefore%20%7B%0A%09font-family%3A%20%22revicons%22%3B%0A%09font-size%3A20px%3B%0A%09color%3Argb%28255%2C%20255%2C%20255%29%3B%0A%09display%3Ablock%3B%0A%09line-height%3A%2040px%3B%0A%09text-align%3A%20center%3B%0A%7D%0A.hesperiden.tparrows.tp-leftarrow%3Abefore%20%7B%0A%09content%3A%20%22%5Ce82c%22%3B%0A%20%20%20%20margin-left%3A-3px%3B%0A%7D%0A.hesperiden.tparrows.tp-rightarrow%3Abefore%20%7B%0A%09content%3A%20%22%5Ce82d%22%3B%0A%20%20%20%20margin-right%3A-3px%3B%0A%7D%0A\");\r\n\t\t\t\t\tvar htmlDiv = document.getElementById('rs-plugin-settings-inline-css');\r\n\t\t\t\t\tif(htmlDiv) {\r\n\t\t\t\t\t\thtmlDiv.innerHTML = htmlDiv.innerHTML + htmlDivCss;\r\n\t\t\t\t\t}\r\n\t\t\t\t\telse{\r\n\t\t\t\t\t\tvar htmlDiv = document.createElement('div');\r\n\t\t\t\t\t\thtmlDiv.innerHTML = '<style>' + htmlDivCss + '<\/style>';\r\n\t\t\t\t\t\tdocument.getElementsByTagName('head')[0].appendChild(htmlDiv.childNodes[0]);\r\n\t\t\t\t\t}\r\n\t\t\t\t  <\/script>\r\n\t\t\t\t<\/div><!-- END REVOLUTION SLIDER --><\/div><div class='blox_element tt_raw_content  '>\n<div class=\"row\">\n  <div class=\"content-link-blocks\">\n                <div class=\"col-md-4 col-sm-6 col-xs-12\">\n        <a class=\"content-link-blocks-item\" href=\"https:\/\/hkcscheer.net\/vi\/ve-chung-toi\/\">\n          <div class=\"content-link-blocks-item-content\">\n            <img decoding=\"async\" class=\"content-link-blocks-item-icon\" src=\"https:\/\/hkcscheer.net\/wp-content\/uploads\/2023\/12\/about-cheer-icon.png\" \/>\n            <span class=\"content-link-blocks-item-title\">\n              V\u1ec1 Ch\u00fang t\u00f4i            <\/span>\n            <\/div>\n        <\/a>\n      <\/div>\n                <div class=\"col-md-4 col-sm-6 col-xs-12\">\n        <a class=\"content-link-blocks-item\" href=\"https:\/\/hkcscheer.net\/vi\/dich-vu-phien-dich-va-bien-dich\/\">\n          <div class=\"content-link-blocks-item-content\">\n            <img decoding=\"async\" class=\"content-link-blocks-item-icon\" src=\"https:\/\/hkcscheer.net\/wp-content\/uploads\/2023\/12\/its-icon.png\" \/>\n            <span class=\"content-link-blocks-item-title\">\n              D\u1ecbch v\u1ee5 Phi\u00ean d\u1ecbch v\u00e0 Bi\u00ean d\u1ecbch            <\/span>\n            <\/div>\n        <\/a>\n      <\/div>\n                <div class=\"col-md-4 col-sm-6 col-xs-12\">\n        <a class=\"content-link-blocks-item\" href=\"https:\/\/hkcscheer.net\/vi\/programme-list\/\">\n          <div class=\"content-link-blocks-item-content\">\n            <img decoding=\"async\" class=\"content-link-blocks-item-icon\" src=\"https:\/\/hkcscheer.net\/wp-content\/uploads\/2023\/12\/cheer-program-icon.png\" \/>\n            <span class=\"content-link-blocks-item-title\">\n              Danh s\u00e1ch ch\u01b0\u01a1ng tr\u00ecnh            <\/span>\n            <\/div>\n        <\/a>\n      <\/div>\n      <\/div>\n<\/div>\n<\/div><\/div><\/div><\/div><div class=\"wrapper \" style=\"\"><div class=\"row blox-row \"><div class=\"col-xs-12 col-sm-12 col-md-12 col-lg-12\"><div class=\"wrapper lastest-news-header-row\" style=\"\"><div class=\"row blox-row \"><div class=\"col-xs-12 col-sm-8 col-md-8 col-lg-8\"><div class='blox-element blox-element-text   ' data-animate='none'><h3 class=\"element-title\">Tin m\u1edbi nh\u1ea5t<\/h3><\/div><\/div><div class=\"col-xs-12 col-sm-4 col-md-4 col-lg-4\"><a href='https:\/\/hkcscheer.net\/category\/news\/' class='btn btn-link btn-md  pull-right  ' target='_self' data-animate='none'> Xem t\u1ea5t c\u1ea3<\/a><\/div><\/div><\/div><div class=\"blox-element blog grid-loop   \">\n                            <div class=\"row\">\n                                <div class=\"loop-container\">    <div class=\"col-md-4 col-sm-6 col-xs-12 loop-item\">\n        <article itemscope itemtype='http:\/\/schema.org\/BlogPosting' class=\"entry format-standard post-5906 post type-post status-publish hentry category-tin-tuc\">\n                        <div class=\"relative\">\n                <div class=\"entry-title\">\n                    <h2 itemprop=\"headline\">\n                        <a itemprop=\"url\" href=\"https:\/\/hkcscheer.net\/vi\/governments-seasonal-influenza-vaccination-siv-programmes-and-pneumococcal-vaccination-pv-programme-provide-free-or-subsidised-siv-or-pv-to-eligible-hong-kong-residents\/\">Government\u2019s Seasonal Influenza Vaccination (SIV) Programmes and Pneumococcal Vaccination (PV) programme provide free or subsidised SIV or PV to eligible Hong Kong residents.<\/a>\n                    <\/h2>\n                <\/div>\n                                <ul class=\"entry-meta list-inline\">\n                    <li itemprop=\"datePublished\" class=\"meta-date\">2026-02-24<\/li>\n                    <li itemprop=\"author\" class=\"meta-author\">BY <a href=\"https:\/\/hkcscheer.net\/vi\/author\/hosea\/\" title=\"Posts by hosea\" rel=\"author\">hosea<\/a><\/li>\n                    <li itemprop=\"keywords\" class=\"meta-category\">In <a href=\"https:\/\/hkcscheer.net\/vi\/C\u00e1c%20m\u1ee5c\/tin-tuc\/\" rel=\"category tag\">Tin t\u1ee9c<\/a><\/li>\n                    <li itemprop=\"comment\" class=\"meta-comment pull-right\"><a href='https:\/\/hkcscheer.net\/vi\/governments-seasonal-influenza-vaccination-siv-programmes-and-pneumococcal-vaccination-pv-programme-provide-free-or-subsidised-siv-or-pv-to-eligible-hong-kong-residents\/#respond' title='<i class=\"glyphicon glyphicon-comment\"><\/i> 0'> <i class=\"glyphicon glyphicon-comment\"><\/i> 0<\/a><\/li>\n                    <li class=\"meta-like pull-right\"><a href=\"javascript:;\" data-pid=\"5906\" class=\"\"><i class=\"glyphicon glyphicon-heart\"><\/i> <span>0<\/span><\/a><\/li>\n                <\/ul>\n            <\/div>\n        <\/article>\n    <\/div>\n        <div class=\"col-md-4 col-sm-6 col-xs-12 loop-item\">\n        <article itemscope itemtype='http:\/\/schema.org\/BlogPosting' class=\"entry format-standard post-5880 post type-post status-publish hentry category-tin-tuc\">\n                        <div class=\"relative\">\n                <div class=\"entry-title\">\n                    <h2 itemprop=\"headline\">\n                        <a itemprop=\"url\" href=\"https:\/\/hkcscheer.net\/vi\/dh-reminds-the-public-to-take-measures-to-reduce-infection-risk-if-travelling-to-nipah-virus-affected-areas\/\">DH reminds the public to take measures to reduce infection risk if travelling to Nipah virus-affected areas<\/a>\n                    <\/h2>\n                <\/div>\n                                <ul class=\"entry-meta list-inline\">\n                    <li itemprop=\"datePublished\" class=\"meta-date\">2026-02-02<\/li>\n                    <li itemprop=\"author\" class=\"meta-author\">BY <a href=\"https:\/\/hkcscheer.net\/vi\/author\/hosea\/\" title=\"Posts by hosea\" rel=\"author\">hosea<\/a><\/li>\n                    <li itemprop=\"keywords\" class=\"meta-category\">In <a href=\"https:\/\/hkcscheer.net\/vi\/C\u00e1c%20m\u1ee5c\/tin-tuc\/\" rel=\"category tag\">Tin t\u1ee9c<\/a><\/li>\n                    <li itemprop=\"comment\" class=\"meta-comment pull-right\"><a href='https:\/\/hkcscheer.net\/vi\/dh-reminds-the-public-to-take-measures-to-reduce-infection-risk-if-travelling-to-nipah-virus-affected-areas\/#respond' title='<i class=\"glyphicon glyphicon-comment\"><\/i> 0'> <i class=\"glyphicon glyphicon-comment\"><\/i> 0<\/a><\/li>\n                    <li class=\"meta-like pull-right\"><a href=\"javascript:;\" data-pid=\"5880\" class=\"\"><i class=\"glyphicon glyphicon-heart\"><\/i> <span>0<\/span><\/a><\/li>\n                <\/ul>\n            <\/div>\n        <\/article>\n    <\/div>\n        <div class=\"col-md-4 col-sm-6 col-xs-12 loop-item\">\n        <article itemscope itemtype='http:\/\/schema.org\/BlogPosting' class=\"entry format-standard post-5844 post type-post status-publish hentry category-tin-tuc\">\n                        <div class=\"relative\">\n                <div class=\"entry-title\">\n                    <h2 itemprop=\"headline\">\n                        <a itemprop=\"url\" href=\"https:\/\/hkcscheer.net\/vi\/babys-safe-sleeping-position-and-environment\/\">Baby&#8217;s safe sleeping position and environment<\/a>\n                    <\/h2>\n                <\/div>\n                                <ul class=\"entry-meta list-inline\">\n                    <li itemprop=\"datePublished\" class=\"meta-date\">2025-12-19<\/li>\n                    <li itemprop=\"author\" class=\"meta-author\">BY <a href=\"https:\/\/hkcscheer.net\/vi\/author\/hosea\/\" title=\"Posts by hosea\" rel=\"author\">hosea<\/a><\/li>\n                    <li itemprop=\"keywords\" class=\"meta-category\">In <a href=\"https:\/\/hkcscheer.net\/vi\/C\u00e1c%20m\u1ee5c\/tin-tuc\/\" rel=\"category tag\">Tin t\u1ee9c<\/a><\/li>\n                    <li itemprop=\"comment\" class=\"meta-comment pull-right\"><a href='https:\/\/hkcscheer.net\/vi\/babys-safe-sleeping-position-and-environment\/#respond' title='<i class=\"glyphicon glyphicon-comment\"><\/i> 0'> <i class=\"glyphicon glyphicon-comment\"><\/i> 0<\/a><\/li>\n                    <li class=\"meta-like pull-right\"><a href=\"javascript:;\" data-pid=\"5844\" class=\"\"><i class=\"glyphicon glyphicon-heart\"><\/i> <span>0<\/span><\/a><\/li>\n                <\/ul>\n            <\/div>\n        <\/article>\n    <\/div>\n    <\/div>\n                            <\/div>\n                            \n                        <\/div><\/div><\/div><\/div><div class=\"wrapper \" style=\"\"><div class=\"row blox-row \"><div class=\"col-xs-12 col-sm-12 col-md-12 col-lg-12\"><div class='blox-element blox-element-text   ' data-animate='none'><h3 class=\"element-title\">B\u1ea3n tin<\/h3><\/div><div class='blox_element tt_raw_content  '>\n<div class=\"newsletter-blocks\">\n  <div class=\"col-md-4 col-sm-6 col-xs-12\">\n    <img decoding=\"async\" src=\"https:\/\/hkcscheer.net\/wp-content\/uploads\/2026\/03\/Newsletter-Issue-3-Cover.png\"\/>\n  <\/div>\n  <div class=\"col-md-8 col-sm-6 col-xs-12\">\n  <h3>T\u1ea3i B\u1ea3n tin<\/h3>\n  <div class=\"newsletter-blocks-download\">\n    <i class=\"fa fa-solid fa-circle-down\"><\/i>\n    <a href=\"https:\/\/drive.google.com\/file\/d\/19KRyXci5kJ7nhDZwjVPtGVUetwgzlznG\/view?usp=sharing\">Ti\u1ebfng Vi\u1ec7t<\/a>\n  <\/div>\n  <\/div>\n<\/div>\n<\/div><\/div><\/div><\/div><div class=\"wrapper hkcscheer-resources\" style=\"\"><div class=\"row blox-row \"><div class=\"col-xs-12 col-sm-12 col-md-12 col-lg-12\"><div class='blox-element blox-element-text   ' data-animate='none'><h3 class=\"element-title\">Ngu\u1ed3n T\u00e0i nguy\u00ean<\/h3><\/div><div class=\"wrapper \" style=\"\"><div class=\"row blox-row \"><div class=\"col-xs-12 col-sm-6 col-md-6 col-lg-6\"><a href='https:\/\/hkcscheer.net\/vi\/lam-the-nao-de-giam-rao-can-ngon-ngu\/' class='btn btn-link btn-md   fa-handshake-angle ' target='_self' data-animate='none'> L\u00e0m th\u1ebf n\u00e0o \u0111\u1ec3 gi\u1ea3m r\u00e0o c\u1ea3n ng\u00f4n ng\u1eef<\/a><\/div><div class=\"col-xs-12 col-sm-6 col-md-6 col-lg-6\"><a href='https:\/\/hkcscheer.net\/vi\/lam-the-nao-de-su-dung-cac-dich-vu-cua-cheer\/' class='btn btn-link btn-md   fa-user-plus ' target='_self' data-animate='none'> L\u00e0m th\u1ebf n\u00e0o \u0111\u1ec3 tr\u1edf th\u00e0nh th\u00e0nh vi\u00ean c\u1ee7a CHEER?<\/a><\/div><\/div><\/div><div class=\"wrapper \" style=\"\"><div class=\"row blox-row \"><div class=\"col-xs-12 col-sm-6 col-md-6 col-lg-6\"><a href='https:\/\/hkcscheer.net\/vi\/programme-calendar\/' class='btn btn-link btn-md   fa-globe ' target='_self' data-animate='none'> Khu \u0110a V\u0103n h\u00f3a v\u00e0 L\u1ecbch S\u1ef1 ki\u1ec7n<\/a><\/div><div class=\"col-xs-12 col-sm-6 col-md-6 col-lg-6\"><a href='https:\/\/wa.me\/+85256344587' class='btn btn-link btn-md   fa-whatsapp ' target='_self' data-animate='none'> Whatsapp \u0111\u1ebfn s\u1ed1 56344587 \u0111\u1ec3 d\u1ecbch Th\u00f4ng b\u00e1o b\u1eb1ng Ti\u1ebfng Anh<\/a><\/div><\/div><\/div><\/div><\/div><\/div><\/p>\n","protected":false},"excerpt":{"rendered":"","protected":false},"author":1,"featured_media":0,"parent":0,"menu_order":0,"comment_status":"closed","ping_status":"closed","template":"","meta":{"footnotes":""},"class_list":["post-720","page","type-page","status-publish","hentry"],"acf":[],"yoast_head":"<!-- This site is optimized with the Yoast SEO plugin v27.3 - https:\/\/yoast.com\/product\/yoast-seo-wordpress\/ -->\n<title>Trang ch\u1ee7 - Centre for Harmony and Enhancement of Ethnic Minority Residents (CHEER)<\/title>\n<meta name=\"robots\" content=\"index, follow, max-snippet:-1, max-image-preview:large, max-video-preview:-1\" \/>\n<link rel=\"canonical\" href=\"https:\/\/hkcscheer.net\/vi\/\" \/>\n<meta property=\"og:locale\" content=\"vi_VN\" \/>\n<meta property=\"og:type\" content=\"article\" \/>\n<meta property=\"og:title\" content=\"Trang ch\u1ee7 - Centre for Harmony and Enhancement of Ethnic Minority Residents (CHEER)\" \/>\n<meta property=\"og:url\" content=\"https:\/\/hkcscheer.net\/vi\/\" \/>\n<meta property=\"og:site_name\" content=\"Centre for Harmony and Enhancement of Ethnic Minority Residents (CHEER)\" \/>\n<meta property=\"article:publisher\" content=\"https:\/\/www.facebook.com\/CHEERHKCS\/\" \/>\n<meta property=\"article:modified_time\" content=\"2025-01-20T03:24:44+00:00\" \/>\n<meta name=\"twitter:card\" content=\"summary_large_image\" \/>\n<meta name=\"twitter:label1\" content=\"Est. reading time\" \/>\n\t<meta name=\"twitter:data1\" content=\"1 minute\" \/>\n<script type=\"application\/ld+json\" class=\"yoast-schema-graph\">{\"@context\":\"https:\\\/\\\/schema.org\",\"@graph\":[{\"@type\":\"WebPage\",\"@id\":\"https:\\\/\\\/hkcscheer.net\\\/vi\\\/\",\"url\":\"https:\\\/\\\/hkcscheer.net\\\/vi\\\/\",\"name\":\"Trang ch\u1ee7 - Centre for Harmony and Enhancement of Ethnic Minority Residents (CHEER)\",\"isPartOf\":{\"@id\":\"https:\\\/\\\/hkcscheer.net\\\/#website\"},\"datePublished\":\"2023-11-30T23:25:27+00:00\",\"dateModified\":\"2025-01-20T03:24:44+00:00\",\"breadcrumb\":{\"@id\":\"https:\\\/\\\/hkcscheer.net\\\/vi\\\/#breadcrumb\"},\"inLanguage\":\"vi-VN\",\"potentialAction\":[{\"@type\":\"ReadAction\",\"target\":[\"https:\\\/\\\/hkcscheer.net\\\/vi\\\/\"]}]},{\"@type\":\"BreadcrumbList\",\"@id\":\"https:\\\/\\\/hkcscheer.net\\\/vi\\\/#breadcrumb\",\"itemListElement\":[{\"@type\":\"ListItem\",\"position\":1,\"name\":\"Home\",\"item\":\"https:\\\/\\\/hkcscheer.net\\\/vi\\\/\"},{\"@type\":\"ListItem\",\"position\":2,\"name\":\"Trang ch\u1ee7\"}]},{\"@type\":\"WebSite\",\"@id\":\"https:\\\/\\\/hkcscheer.net\\\/#website\",\"url\":\"https:\\\/\\\/hkcscheer.net\\\/\",\"name\":\"Centre for Harmony and Enhancement of Ethnic Minority Residents (CHEER)\",\"description\":\"Centre for Harmony and Enhancement of Ethnic Minority Residents (CHEER)\",\"publisher\":{\"@id\":\"https:\\\/\\\/hkcscheer.net\\\/#organization\"},\"potentialAction\":[{\"@type\":\"SearchAction\",\"target\":{\"@type\":\"EntryPoint\",\"urlTemplate\":\"https:\\\/\\\/hkcscheer.net\\\/?s={search_term_string}\"},\"query-input\":{\"@type\":\"PropertyValueSpecification\",\"valueRequired\":true,\"valueName\":\"search_term_string\"}}],\"inLanguage\":\"vi-VN\"},{\"@type\":\"Organization\",\"@id\":\"https:\\\/\\\/hkcscheer.net\\\/#organization\",\"name\":\"Centre for Harmony and Enhancement of Ethnic Minority Residents (CHEER)\",\"url\":\"https:\\\/\\\/hkcscheer.net\\\/\",\"logo\":{\"@type\":\"ImageObject\",\"inLanguage\":\"vi-VN\",\"@id\":\"https:\\\/\\\/hkcscheer.net\\\/#\\\/schema\\\/logo\\\/image\\\/\",\"url\":\"https:\\\/\\\/hkcscheer.net\\\/wp-content\\\/uploads\\\/2024\\\/08\\\/Site-Logo.jpg\",\"contentUrl\":\"https:\\\/\\\/hkcscheer.net\\\/wp-content\\\/uploads\\\/2024\\\/08\\\/Site-Logo.jpg\",\"width\":512,\"height\":512,\"caption\":\"Centre for Harmony and Enhancement of Ethnic Minority Residents (CHEER)\"},\"image\":{\"@id\":\"https:\\\/\\\/hkcscheer.net\\\/#\\\/schema\\\/logo\\\/image\\\/\"},\"sameAs\":[\"https:\\\/\\\/www.facebook.com\\\/CHEERHKCS\\\/\",\"https:\\\/\\\/www.instagram.com\\\/hkcs_cheer\"]}]}<\/script>\n<!-- \/ Yoast SEO plugin. -->","yoast_head_json":{"title":"Trang ch\u1ee7 - Centre for Harmony and Enhancement of Ethnic Minority Residents (CHEER)","robots":{"index":"index","follow":"follow","max-snippet":"max-snippet:-1","max-image-preview":"max-image-preview:large","max-video-preview":"max-video-preview:-1"},"canonical":"https:\/\/hkcscheer.net\/vi\/","og_locale":"vi_VN","og_type":"article","og_title":"Trang ch\u1ee7 - Centre for Harmony and Enhancement of Ethnic Minority Residents (CHEER)","og_url":"https:\/\/hkcscheer.net\/vi\/","og_site_name":"Centre for Harmony and Enhancement of Ethnic Minority Residents (CHEER)","article_publisher":"https:\/\/www.facebook.com\/CHEERHKCS\/","article_modified_time":"2025-01-20T03:24:44+00:00","twitter_card":"summary_large_image","twitter_misc":{"Est. reading time":"1 minute"},"schema":{"@context":"https:\/\/schema.org","@graph":[{"@type":"WebPage","@id":"https:\/\/hkcscheer.net\/vi\/","url":"https:\/\/hkcscheer.net\/vi\/","name":"Trang ch\u1ee7 - Centre for Harmony and Enhancement of Ethnic Minority Residents (CHEER)","isPartOf":{"@id":"https:\/\/hkcscheer.net\/#website"},"datePublished":"2023-11-30T23:25:27+00:00","dateModified":"2025-01-20T03:24:44+00:00","breadcrumb":{"@id":"https:\/\/hkcscheer.net\/vi\/#breadcrumb"},"inLanguage":"vi-VN","potentialAction":[{"@type":"ReadAction","target":["https:\/\/hkcscheer.net\/vi\/"]}]},{"@type":"BreadcrumbList","@id":"https:\/\/hkcscheer.net\/vi\/#breadcrumb","itemListElement":[{"@type":"ListItem","position":1,"name":"Home","item":"https:\/\/hkcscheer.net\/vi\/"},{"@type":"ListItem","position":2,"name":"Trang ch\u1ee7"}]},{"@type":"WebSite","@id":"https:\/\/hkcscheer.net\/#website","url":"https:\/\/hkcscheer.net\/","name":"Centre for Harmony and Enhancement of Ethnic Minority Residents (CHEER)","description":"Centre for Harmony and Enhancement of Ethnic Minority Residents (CHEER)","publisher":{"@id":"https:\/\/hkcscheer.net\/#organization"},"potentialAction":[{"@type":"SearchAction","target":{"@type":"EntryPoint","urlTemplate":"https:\/\/hkcscheer.net\/?s={search_term_string}"},"query-input":{"@type":"PropertyValueSpecification","valueRequired":true,"valueName":"search_term_string"}}],"inLanguage":"vi-VN"},{"@type":"Organization","@id":"https:\/\/hkcscheer.net\/#organization","name":"Centre for Harmony and Enhancement of Ethnic Minority Residents (CHEER)","url":"https:\/\/hkcscheer.net\/","logo":{"@type":"ImageObject","inLanguage":"vi-VN","@id":"https:\/\/hkcscheer.net\/#\/schema\/logo\/image\/","url":"https:\/\/hkcscheer.net\/wp-content\/uploads\/2024\/08\/Site-Logo.jpg","contentUrl":"https:\/\/hkcscheer.net\/wp-content\/uploads\/2024\/08\/Site-Logo.jpg","width":512,"height":512,"caption":"Centre for Harmony and Enhancement of Ethnic Minority Residents (CHEER)"},"image":{"@id":"https:\/\/hkcscheer.net\/#\/schema\/logo\/image\/"},"sameAs":["https:\/\/www.facebook.com\/CHEERHKCS\/","https:\/\/www.instagram.com\/hkcs_cheer"]}]}},"featured_image_src":null,"featured_image_src_square":null,"_links":{"self":[{"href":"https:\/\/hkcscheer.net\/vi\/wp-json\/wp\/v2\/pages\/720","targetHints":{"allow":["GET"]}}],"collection":[{"href":"https:\/\/hkcscheer.net\/vi\/wp-json\/wp\/v2\/pages"}],"about":[{"href":"https:\/\/hkcscheer.net\/vi\/wp-json\/wp\/v2\/types\/page"}],"author":[{"embeddable":true,"href":"https:\/\/hkcscheer.net\/vi\/wp-json\/wp\/v2\/users\/1"}],"replies":[{"embeddable":true,"href":"https:\/\/hkcscheer.net\/vi\/wp-json\/wp\/v2\/comments?post=720"}],"version-history":[{"count":0,"href":"https:\/\/hkcscheer.net\/vi\/wp-json\/wp\/v2\/pages\/720\/revisions"}],"wp:attachment":[{"href":"https:\/\/hkcscheer.net\/vi\/wp-json\/wp\/v2\/media?parent=720"}],"curies":[{"name":"wp","href":"https:\/\/api.w.org\/{rel}","templated":true}]}}