{"id":5491,"date":"2025-09-29T10:56:18","date_gmt":"2025-09-29T02:56:18","guid":{"rendered":"https:\/\/hkcscheer.net\/dich-vu-phien-dich-va-bien-dich\/subtitling-service-subs\/"},"modified":"2025-09-29T10:56:18","modified_gmt":"2025-09-29T02:56:18","slug":"subtitling-service-subs","status":"publish","type":"page","link":"https:\/\/hkcscheer.net\/vi\/dich-vu-phien-dich-va-bien-dich\/subtitling-service-subs\/","title":{"rendered":"D\u1ecbch v\u1ee5 Ph\u1ee5 \u0111\u1ec1 (SUBS)"},"content":{"rendered":"<ul>\n<li>D\u1ecbch v\u1ee5 ph\u1ee5 \u0111\u1ec1 l\u00e0 d\u1ecbch v\u1ee5 b\u1ed5 sung cho d\u1ecbch v\u1ee5 bi\u00ean d\u1ecbch t\u1eeb ti\u1ebfng Anh sang 8 ng\u00f4n ng\u1eef EM. Quy tr\u00ecnh bao g\u1ed3m phi\u00ean \u00e2m, m\u00e3 h\u00f3a th\u1eddi gian v\u00e0 bi\u00ean d\u1ecbch video.<\/li>\n<li>SUBS \u0111\u01b0\u1ee3c cung c\u1ea5p THEO Y\u00caU C\u1ea6U C\u1ee6A NH\u00c0 CUNG C\u1ea4P D\u1ecaCH V\u1ee4 C\u00d4NG.<\/li>\n<\/ul>\n<blockquote><p> C\u00e1c nh\u00e0 cung c\u1ea5p d\u1ecbch v\u1ee5 c\u00f4ng c\u00f3 th\u1ec3 g\u1eedi y\u00eau c\u1ea7u qua fax (+852 3106 0455), email (<a class=\"autolinked\" href=\"mailto:tis-cheer@hkcs.org\" target=\"_blank\" rel=\"noopener noreferrer\" data-behavior=\"truncate\">tis-cheer@hkcs.org<\/a>) ho\u1eb7c \u0111\u0103ng k\u00fd <strong><a href=\"https:\/\/tis.hkcscheer.net\/tsps\/request\/guest\">tr\u1ef1c tuy\u1ebfn<\/a><\/strong> tr\u01b0\u1edbc \u00edt nh\u1ea5t 14 ng\u00e0y l\u00e0m vi\u1ec7c.<\/p><\/blockquote>\n<ul>\n<li>Th\u1eddi gian x\u1eed l\u00fd ti\u00eau chu\u1ea9n l\u00e0 14 ng\u00e0y \u0111\u1ed1i v\u1edbi video d\u00e0i t\u1ed1i \u0111a 5 ph\u00fat. C\u00e1c y\u00eau c\u1ea7u d\u00e0i h\u01a1n 5 ph\u00fat s\u1ebd \u0111\u01b0\u1ee3c \u0111\u00e1nh gi\u00e1 d\u1ef1a tr\u00ean th\u1eddi gian x\u1eed l\u00fd v\u00e0 n\u1ed9i dung.<\/li>\n<li>\u0110\u1ecbnh d\u1ea1ng ph\u00e1t h\u00e0nh s\u1ebd l\u00e0 SRT.<\/li>\n<li>C\u00f3 th\u1ec3 th\u00eam ph\u1ee5 \u0111\u1ec1 v\u00e0o video theo y\u00eau c\u1ea7u m\u00e0 kh\u00f4ng m\u1ea5t th\u00eam ph\u00ed.<\/li>\n<li>D\u1ecbch v\u1ee5 kh\u00f4ng bao g\u1ed3m l\u1ed3ng ti\u1ebfng.<\/li>\n<\/ul>\n<p><strong> <\/strong><\/p>\n<p><strong> <\/strong><strong>Ph\u00ed d\u1ecbch v\u1ee5 nh\u01b0 sau:<\/strong><strong> <\/strong><\/p>\n<table>\n<tbody>\n<tr>\n<td width=\"160\"><\/td>\n<td width=\"180\">C\u00e1c c\u01a1 quan ch\u00ednh ph\u1ee7 v\u00e0 \u0111\u01a1n v\u1ecb c\u00f4ng<\/td>\n<td width=\"227\">Tr\u01b0\u1eddng h\u1ecdc v\u00e0 c\u00e1c T\u1ed5 ch\u1ee9c Phi ch\u00ednh ph\u1ee7 NGOs<\/td>\n<\/tr>\n<tr>\n<td width=\"160\">Phi\u00ean \u00e2m ti\u1ebfng Anh<\/td>\n<td width=\"180\">100 \u0111\u00f4 la m\u1ed9t ph\u00fat<\/td>\n<td width=\"227\">Mi\u1ec5n ph\u00ed 3 ph\u00fat \u0111\u1ea7u ti\u00ean;<\/p>\n<p>50 \u0111\u00f4 la m\u1ed7i ph\u00fat sau \u0111\u00f3.<\/td>\n<\/tr>\n<tr>\n<td width=\"160\">Ph\u1ee5 \u0111\u1ec1 sang ng\u00f4n ng\u1eef EM<\/td>\n<td width=\"180\">600 \u0111\u00f4 la m\u1ed9t ph\u00fat<\/td>\n<td width=\"227\">Mi\u1ec5n ph\u00ed 3 ph\u00fat \u0111\u1ea7u ti\u00ean;<\/p>\n<p>200 \u0111\u00f4 la m\u1ed7i ph\u00fat sau \u0111\u00f3.<\/td>\n<\/tr>\n<\/tbody>\n<\/table>\n<p><strong> <\/strong>* (Ph\u00ed \u0111\u01b0\u1ee3c t\u00ednh t\u1ed1i thi\u1ec3u cho 1 ph\u00fat cho m\u1ed7i y\u00eau c\u1ea7u)<\/p>\n<p>* Phi\u00ean \u00e2m ti\u1ebfng Anh kh\u00f4ng th\u1ec3 \u0111\u01b0\u1ee3c y\u00eau c\u1ea7u \u0111\u1ed9c l\u1eadp. Ph\u1ea3i y\u00eau c\u1ea7u k\u00e8m theo d\u1ecbch v\u1ee5 ph\u1ee5 \u0111\u1ec1.)<\/p>\n","protected":false},"excerpt":{"rendered":"<p>D\u1ecbch v\u1ee5 ph\u1ee5 \u0111\u1ec1 l\u00e0 d\u1ecbch v\u1ee5 b\u1ed5 sung cho d\u1ecbch v\u1ee5 bi\u00ean d\u1ecbch t\u1eeb ti\u1ebfng Anh sang 8 ng\u00f4n ng\u1eef EM. Quy tr\u00ecnh bao g\u1ed3m phi\u00ean \u00e2m, m\u00e3 h\u00f3a th\u1eddi gian v\u00e0 bi\u00ean d\u1ecbch video. SUBS \u0111\u01b0\u1ee3c cung c\u1ea5p THEO Y\u00caU C\u1ea6U C\u1ee6A NH\u00c0 CUNG C\u1ea4P D\u1ecaCH V\u1ee4 C\u00d4NG. C\u00e1c nh\u00e0 cung c\u1ea5p d\u1ecbch [&hellip;]<\/p>\n","protected":false},"author":2,"featured_media":0,"parent":1721,"menu_order":0,"comment_status":"closed","ping_status":"closed","template":"","meta":{"footnotes":""},"class_list":["post-5491","page","type-page","status-publish","hentry"],"acf":[],"yoast_head":"<!-- This site is optimized with the Yoast SEO plugin v27.5 - https:\/\/yoast.com\/product\/yoast-seo-wordpress\/ -->\n<title>D\u1ecbch v\u1ee5 Ph\u1ee5 \u0111\u1ec1 (SUBS) - Centre for Harmony and Enhancement of Ethnic Minority Residents (CHEER)<\/title>\n<meta name=\"robots\" content=\"index, follow, max-snippet:-1, max-image-preview:large, max-video-preview:-1\" \/>\n<link rel=\"canonical\" href=\"https:\/\/hkcscheer.net\/dich-vu-phien-dich-va-bien-dich\/subtitling-service-subs\/\" \/>\n<meta property=\"og:locale\" content=\"vi_VN\" \/>\n<meta property=\"og:type\" content=\"article\" \/>\n<meta property=\"og:title\" content=\"D\u1ecbch v\u1ee5 Ph\u1ee5 \u0111\u1ec1 (SUBS) - Centre for Harmony and Enhancement of Ethnic Minority Residents (CHEER)\" \/>\n<meta property=\"og:description\" content=\"D\u1ecbch v\u1ee5 ph\u1ee5 \u0111\u1ec1 l\u00e0 d\u1ecbch v\u1ee5 b\u1ed5 sung cho d\u1ecbch v\u1ee5 bi\u00ean d\u1ecbch t\u1eeb ti\u1ebfng Anh sang 8 ng\u00f4n ng\u1eef EM. Quy tr\u00ecnh bao g\u1ed3m phi\u00ean \u00e2m, m\u00e3 h\u00f3a th\u1eddi gian v\u00e0 bi\u00ean d\u1ecbch video. SUBS \u0111\u01b0\u1ee3c cung c\u1ea5p THEO Y\u00caU C\u1ea6U C\u1ee6A NH\u00c0 CUNG C\u1ea4P D\u1ecaCH V\u1ee4 C\u00d4NG. C\u00e1c nh\u00e0 cung c\u1ea5p d\u1ecbch [&hellip;]\" \/>\n<meta property=\"og:url\" content=\"https:\/\/hkcscheer.net\/dich-vu-phien-dich-va-bien-dich\/subtitling-service-subs\/\" \/>\n<meta property=\"og:site_name\" content=\"Centre for Harmony and Enhancement of Ethnic Minority Residents (CHEER)\" \/>\n<meta property=\"article:publisher\" content=\"https:\/\/www.facebook.com\/CHEERHKCS\/\" \/>\n<meta name=\"twitter:card\" content=\"summary_large_image\" \/>\n<meta name=\"twitter:label1\" content=\"Est. reading time\" \/>\n\t<meta name=\"twitter:data1\" content=\"2 minutes\" \/>\n<script type=\"application\/ld+json\" class=\"yoast-schema-graph\">{\"@context\":\"https:\\\/\\\/schema.org\",\"@graph\":[{\"@type\":\"WebPage\",\"@id\":\"https:\\\/\\\/hkcscheer.net\\\/dich-vu-phien-dich-va-bien-dich\\\/subtitling-service-subs\\\/\",\"url\":\"https:\\\/\\\/hkcscheer.net\\\/dich-vu-phien-dich-va-bien-dich\\\/subtitling-service-subs\\\/\",\"name\":\"D\u1ecbch v\u1ee5 Ph\u1ee5 \u0111\u1ec1 (SUBS) - Centre for Harmony and Enhancement of Ethnic Minority Residents (CHEER)\",\"isPartOf\":{\"@id\":\"https:\\\/\\\/hkcscheer.net\\\/#website\"},\"datePublished\":\"2025-09-29T02:56:18+00:00\",\"breadcrumb\":{\"@id\":\"https:\\\/\\\/hkcscheer.net\\\/dich-vu-phien-dich-va-bien-dich\\\/subtitling-service-subs\\\/#breadcrumb\"},\"inLanguage\":\"vi-VN\",\"potentialAction\":[{\"@type\":\"ReadAction\",\"target\":[\"https:\\\/\\\/hkcscheer.net\\\/dich-vu-phien-dich-va-bien-dich\\\/subtitling-service-subs\\\/\"]}]},{\"@type\":\"BreadcrumbList\",\"@id\":\"https:\\\/\\\/hkcscheer.net\\\/dich-vu-phien-dich-va-bien-dich\\\/subtitling-service-subs\\\/#breadcrumb\",\"itemListElement\":[{\"@type\":\"ListItem\",\"position\":1,\"name\":\"Home\",\"item\":\"https:\\\/\\\/hkcscheer.net\\\/vi\\\/\"},{\"@type\":\"ListItem\",\"position\":2,\"name\":\"D\u1ecbch v\u1ee5 Phi\u00ean d\u1ecbch v\u00e0 Bi\u00ean d\u1ecbch\",\"item\":\"https:\\\/\\\/hkcscheer.net\\\/vi\\\/dich-vu-phien-dich-va-bien-dich\\\/\"},{\"@type\":\"ListItem\",\"position\":3,\"name\":\"D\u1ecbch v\u1ee5 Ph\u1ee5 \u0111\u1ec1 (SUBS)\"}]},{\"@type\":\"WebSite\",\"@id\":\"https:\\\/\\\/hkcscheer.net\\\/#website\",\"url\":\"https:\\\/\\\/hkcscheer.net\\\/\",\"name\":\"Centre for Harmony and Enhancement of Ethnic Minority Residents (CHEER)\",\"description\":\"Centre for Harmony and Enhancement of Ethnic Minority Residents (CHEER)\",\"publisher\":{\"@id\":\"https:\\\/\\\/hkcscheer.net\\\/#organization\"},\"potentialAction\":[{\"@type\":\"SearchAction\",\"target\":{\"@type\":\"EntryPoint\",\"urlTemplate\":\"https:\\\/\\\/hkcscheer.net\\\/?s={search_term_string}\"},\"query-input\":{\"@type\":\"PropertyValueSpecification\",\"valueRequired\":true,\"valueName\":\"search_term_string\"}}],\"inLanguage\":\"vi-VN\"},{\"@type\":\"Organization\",\"@id\":\"https:\\\/\\\/hkcscheer.net\\\/#organization\",\"name\":\"Centre for Harmony and Enhancement of Ethnic Minority Residents (CHEER)\",\"url\":\"https:\\\/\\\/hkcscheer.net\\\/\",\"logo\":{\"@type\":\"ImageObject\",\"inLanguage\":\"vi-VN\",\"@id\":\"https:\\\/\\\/hkcscheer.net\\\/#\\\/schema\\\/logo\\\/image\\\/\",\"url\":\"https:\\\/\\\/hkcscheer.net\\\/wp-content\\\/uploads\\\/2024\\\/08\\\/Site-Logo.jpg\",\"contentUrl\":\"https:\\\/\\\/hkcscheer.net\\\/wp-content\\\/uploads\\\/2024\\\/08\\\/Site-Logo.jpg\",\"width\":512,\"height\":512,\"caption\":\"Centre for Harmony and Enhancement of Ethnic Minority Residents (CHEER)\"},\"image\":{\"@id\":\"https:\\\/\\\/hkcscheer.net\\\/#\\\/schema\\\/logo\\\/image\\\/\"},\"sameAs\":[\"https:\\\/\\\/www.facebook.com\\\/CHEERHKCS\\\/\",\"https:\\\/\\\/www.instagram.com\\\/hkcs_cheer\"]}]}<\/script>\n<!-- \/ Yoast SEO plugin. -->","yoast_head_json":{"title":"D\u1ecbch v\u1ee5 Ph\u1ee5 \u0111\u1ec1 (SUBS) - Centre for Harmony and Enhancement of Ethnic Minority Residents (CHEER)","robots":{"index":"index","follow":"follow","max-snippet":"max-snippet:-1","max-image-preview":"max-image-preview:large","max-video-preview":"max-video-preview:-1"},"canonical":"https:\/\/hkcscheer.net\/dich-vu-phien-dich-va-bien-dich\/subtitling-service-subs\/","og_locale":"vi_VN","og_type":"article","og_title":"D\u1ecbch v\u1ee5 Ph\u1ee5 \u0111\u1ec1 (SUBS) - Centre for Harmony and Enhancement of Ethnic Minority Residents (CHEER)","og_description":"D\u1ecbch v\u1ee5 ph\u1ee5 \u0111\u1ec1 l\u00e0 d\u1ecbch v\u1ee5 b\u1ed5 sung cho d\u1ecbch v\u1ee5 bi\u00ean d\u1ecbch t\u1eeb ti\u1ebfng Anh sang 8 ng\u00f4n ng\u1eef EM. Quy tr\u00ecnh bao g\u1ed3m phi\u00ean \u00e2m, m\u00e3 h\u00f3a th\u1eddi gian v\u00e0 bi\u00ean d\u1ecbch video. SUBS \u0111\u01b0\u1ee3c cung c\u1ea5p THEO Y\u00caU C\u1ea6U C\u1ee6A NH\u00c0 CUNG C\u1ea4P D\u1ecaCH V\u1ee4 C\u00d4NG. C\u00e1c nh\u00e0 cung c\u1ea5p d\u1ecbch [&hellip;]","og_url":"https:\/\/hkcscheer.net\/dich-vu-phien-dich-va-bien-dich\/subtitling-service-subs\/","og_site_name":"Centre for Harmony and Enhancement of Ethnic Minority Residents (CHEER)","article_publisher":"https:\/\/www.facebook.com\/CHEERHKCS\/","twitter_card":"summary_large_image","twitter_misc":{"Est. reading time":"2 minutes"},"schema":{"@context":"https:\/\/schema.org","@graph":[{"@type":"WebPage","@id":"https:\/\/hkcscheer.net\/dich-vu-phien-dich-va-bien-dich\/subtitling-service-subs\/","url":"https:\/\/hkcscheer.net\/dich-vu-phien-dich-va-bien-dich\/subtitling-service-subs\/","name":"D\u1ecbch v\u1ee5 Ph\u1ee5 \u0111\u1ec1 (SUBS) - Centre for Harmony and Enhancement of Ethnic Minority Residents (CHEER)","isPartOf":{"@id":"https:\/\/hkcscheer.net\/#website"},"datePublished":"2025-09-29T02:56:18+00:00","breadcrumb":{"@id":"https:\/\/hkcscheer.net\/dich-vu-phien-dich-va-bien-dich\/subtitling-service-subs\/#breadcrumb"},"inLanguage":"vi-VN","potentialAction":[{"@type":"ReadAction","target":["https:\/\/hkcscheer.net\/dich-vu-phien-dich-va-bien-dich\/subtitling-service-subs\/"]}]},{"@type":"BreadcrumbList","@id":"https:\/\/hkcscheer.net\/dich-vu-phien-dich-va-bien-dich\/subtitling-service-subs\/#breadcrumb","itemListElement":[{"@type":"ListItem","position":1,"name":"Home","item":"https:\/\/hkcscheer.net\/vi\/"},{"@type":"ListItem","position":2,"name":"D\u1ecbch v\u1ee5 Phi\u00ean d\u1ecbch v\u00e0 Bi\u00ean d\u1ecbch","item":"https:\/\/hkcscheer.net\/vi\/dich-vu-phien-dich-va-bien-dich\/"},{"@type":"ListItem","position":3,"name":"D\u1ecbch v\u1ee5 Ph\u1ee5 \u0111\u1ec1 (SUBS)"}]},{"@type":"WebSite","@id":"https:\/\/hkcscheer.net\/#website","url":"https:\/\/hkcscheer.net\/","name":"Centre for Harmony and Enhancement of Ethnic Minority Residents (CHEER)","description":"Centre for Harmony and Enhancement of Ethnic Minority Residents (CHEER)","publisher":{"@id":"https:\/\/hkcscheer.net\/#organization"},"potentialAction":[{"@type":"SearchAction","target":{"@type":"EntryPoint","urlTemplate":"https:\/\/hkcscheer.net\/?s={search_term_string}"},"query-input":{"@type":"PropertyValueSpecification","valueRequired":true,"valueName":"search_term_string"}}],"inLanguage":"vi-VN"},{"@type":"Organization","@id":"https:\/\/hkcscheer.net\/#organization","name":"Centre for Harmony and Enhancement of Ethnic Minority Residents (CHEER)","url":"https:\/\/hkcscheer.net\/","logo":{"@type":"ImageObject","inLanguage":"vi-VN","@id":"https:\/\/hkcscheer.net\/#\/schema\/logo\/image\/","url":"https:\/\/hkcscheer.net\/wp-content\/uploads\/2024\/08\/Site-Logo.jpg","contentUrl":"https:\/\/hkcscheer.net\/wp-content\/uploads\/2024\/08\/Site-Logo.jpg","width":512,"height":512,"caption":"Centre for Harmony and Enhancement of Ethnic Minority Residents (CHEER)"},"image":{"@id":"https:\/\/hkcscheer.net\/#\/schema\/logo\/image\/"},"sameAs":["https:\/\/www.facebook.com\/CHEERHKCS\/","https:\/\/www.instagram.com\/hkcs_cheer"]}]}},"featured_image_src":null,"featured_image_src_square":null,"_links":{"self":[{"href":"https:\/\/hkcscheer.net\/vi\/wp-json\/wp\/v2\/pages\/5491","targetHints":{"allow":["GET"]}}],"collection":[{"href":"https:\/\/hkcscheer.net\/vi\/wp-json\/wp\/v2\/pages"}],"about":[{"href":"https:\/\/hkcscheer.net\/vi\/wp-json\/wp\/v2\/types\/page"}],"author":[{"embeddable":true,"href":"https:\/\/hkcscheer.net\/vi\/wp-json\/wp\/v2\/users\/2"}],"replies":[{"embeddable":true,"href":"https:\/\/hkcscheer.net\/vi\/wp-json\/wp\/v2\/comments?post=5491"}],"version-history":[{"count":0,"href":"https:\/\/hkcscheer.net\/vi\/wp-json\/wp\/v2\/pages\/5491\/revisions"}],"up":[{"embeddable":true,"href":"https:\/\/hkcscheer.net\/vi\/wp-json\/wp\/v2\/pages\/1721"}],"wp:attachment":[{"href":"https:\/\/hkcscheer.net\/vi\/wp-json\/wp\/v2\/media?parent=5491"}],"curies":[{"name":"wp","href":"https:\/\/api.w.org\/{rel}","templated":true}]}}