{"id":1721,"date":"2023-12-01T14:30:30","date_gmt":"2023-12-01T06:30:30","guid":{"rendered":"https:\/\/hkcscheer.net\/dich-vu-phien-dich-va-bien-dich\/"},"modified":"2025-10-23T16:55:28","modified_gmt":"2025-10-23T08:55:28","slug":"dich-vu-phien-dich-va-bien-dich","status":"publish","type":"page","link":"https:\/\/hkcscheer.net\/vi\/dich-vu-phien-dich-va-bien-dich\/","title":{"rendered":"D\u1ecbch v\u1ee5 Phi\u00ean d\u1ecbch v\u00e0 Bi\u00ean d\u1ecbch"},"content":{"rendered":"<h1><strong><a href=\"https:\/\/hkcscheer.net\/vi\/dich-vu-phien-dich-va-bien-dich\/telephone-interpretation-service-telis-telephone-interpretation-service-appointment-telisa\/\">D\u1ecbch v\u1ee5 Phi\u00ean d\u1ecbch qua \u0110i\u1ec7n tho\u1ea1i (TELIS) &amp; D\u1ecbch v\u1ee5 Phi\u00ean d\u1ecbch qua \u0110i\u1ec7n tho\u1ea1i \u0111\u01b0\u1ee3c h\u1eb9n tr\u01b0\u1edbc (TELISA)<\/a><\/strong><\/h1>\n<h1><strong><a href=\"https:\/\/hkcscheer.net\/vi\/dich-vu-phien-dich-va-bien-dich\/on-site-interpretation-service-ois\/\">D\u1ecbch v\u1ee5 Phi\u00ean d\u1ecbch t\u1ea1i ch\u1ed7 (OIS)<\/a><\/strong><\/h1>\n<h1><strong><a href=\"https:\/\/hkcscheer.net\/vi\/dich-vu-phien-dich-va-bien-dich\/simultaneous-interpretation-service-sis\/\">D\u1ecbch v\u1ee5 Phi\u00ean d\u1ecbch \u0110\u1ed3ng th\u1eddi (SIS)<\/a><\/strong><\/h1>\n<h1><strong><a href=\"https:\/\/hkcscheer.net\/vi\/dich-vu-phien-dich-va-bien-dich\/translation-service-ts-proof-reading-service-ps\/\">D\u1ecbch v\u1ee5 d\u1ecbch thu\u1eadt (TS) &amp; D\u1ecbch v\u1ee5 hi\u1ec7u \u0111\u00ednh (PS)<\/a><\/strong><\/h1>\n<h1><strong><a href=\"https:\/\/hkcscheer.net\/vi\/dich-vu-phien-dich-va-bien-dich\/whatsapp-sight-interpretation-service-wsis\/\">D\u1ecbch v\u1ee5 Phi\u00ean d\u1ecbch qua Whatsapp v\u00e0 D\u1ecbch Th\u1ecb gi\u00e1c (WSIS)<\/a><\/strong><\/h1>\n<h1><strong><a href=\"https:\/\/hkcscheer.net\/vi\/dich-vu-bac-cau-brs\/\">D\u1ecbch v\u1ee5 B\u1eafc c\u1ea7u (BRS)<\/a><\/strong><\/h1>\n<h1><strong><a href=\"https:\/\/hkcscheer.net\/vi\/dich-vu-phien-dich-va-bien-dich\/voice-recording-service-vrs\/\">D\u1ecbch v\u1ee5 Ghi \u00e2m Gi\u1ecdng n\u00f3i (VRS)<\/a><\/strong><\/h1>\n<h1><strong><a href=\"https:\/\/hkcscheer.net\/vi\/dich-vu-phien-dich-va-bien-dich\/sight-translation-service-for-service-providers-sts\/\">D\u1ecbch v\u1ee5 D\u1ecbch Th\u1ecb gi\u00e1c cho c\u00e1c Nh\u00e0 Cung c\u1ea5p d\u1ecbch v\u1ee5 (STS)<\/a><\/strong><\/h1>\n<h1><a href=\"https:\/\/hkcscheer.net\/vi\/dich-vu-phien-dich-va-bien-dich\/subtitling-service-subs\/\"><strong>D\u1ecbch v\u1ee5 Ph\u1ee5 \u0111\u1ec1 (SUBS)<\/strong><\/a><\/h1>\n","protected":false},"excerpt":{"rendered":"<p>D\u1ecbch v\u1ee5 Phi\u00ean d\u1ecbch qua \u0110i\u1ec7n tho\u1ea1i (TELIS) &amp; D\u1ecbch v\u1ee5 Phi\u00ean d\u1ecbch qua \u0110i\u1ec7n tho\u1ea1i \u0111\u01b0\u1ee3c h\u1eb9n tr\u01b0\u1edbc (TELISA) D\u1ecbch v\u1ee5 Phi\u00ean d\u1ecbch t\u1ea1i ch\u1ed7 (OIS) D\u1ecbch v\u1ee5 Phi\u00ean d\u1ecbch \u0110\u1ed3ng th\u1eddi (SIS) D\u1ecbch v\u1ee5 d\u1ecbch thu\u1eadt (TS) &amp; D\u1ecbch v\u1ee5 hi\u1ec7u \u0111\u00ednh (PS) D\u1ecbch v\u1ee5 Phi\u00ean d\u1ecbch qua Whatsapp v\u00e0 D\u1ecbch Th\u1ecb gi\u00e1c [&hellip;]<\/p>\n","protected":false},"author":1,"featured_media":0,"parent":0,"menu_order":0,"comment_status":"closed","ping_status":"closed","template":"","meta":{"footnotes":""},"class_list":["post-1721","page","type-page","status-publish","hentry"],"acf":[],"yoast_head":"<!-- This site is optimized with the Yoast SEO plugin v27.3 - https:\/\/yoast.com\/product\/yoast-seo-wordpress\/ -->\n<title>D\u1ecbch v\u1ee5 Phi\u00ean d\u1ecbch v\u00e0 Bi\u00ean d\u1ecbch - Centre for Harmony and Enhancement of Ethnic Minority Residents (CHEER)<\/title>\n<meta name=\"robots\" content=\"index, follow, max-snippet:-1, max-image-preview:large, max-video-preview:-1\" \/>\n<link rel=\"canonical\" href=\"https:\/\/hkcscheer.net\/vi\/dich-vu-phien-dich-va-bien-dich\/\" \/>\n<meta property=\"og:locale\" content=\"vi_VN\" \/>\n<meta property=\"og:type\" content=\"article\" \/>\n<meta property=\"og:title\" content=\"D\u1ecbch v\u1ee5 Phi\u00ean d\u1ecbch v\u00e0 Bi\u00ean d\u1ecbch - Centre for Harmony and Enhancement of Ethnic Minority Residents (CHEER)\" \/>\n<meta property=\"og:description\" content=\"D\u1ecbch v\u1ee5 Phi\u00ean d\u1ecbch qua \u0110i\u1ec7n tho\u1ea1i (TELIS) &amp; D\u1ecbch v\u1ee5 Phi\u00ean d\u1ecbch qua \u0110i\u1ec7n tho\u1ea1i \u0111\u01b0\u1ee3c h\u1eb9n tr\u01b0\u1edbc (TELISA) D\u1ecbch v\u1ee5 Phi\u00ean d\u1ecbch t\u1ea1i ch\u1ed7 (OIS) D\u1ecbch v\u1ee5 Phi\u00ean d\u1ecbch \u0110\u1ed3ng th\u1eddi (SIS) D\u1ecbch v\u1ee5 d\u1ecbch thu\u1eadt (TS) &amp; D\u1ecbch v\u1ee5 hi\u1ec7u \u0111\u00ednh (PS) D\u1ecbch v\u1ee5 Phi\u00ean d\u1ecbch qua Whatsapp v\u00e0 D\u1ecbch Th\u1ecb gi\u00e1c [&hellip;]\" \/>\n<meta property=\"og:url\" content=\"https:\/\/hkcscheer.net\/vi\/dich-vu-phien-dich-va-bien-dich\/\" \/>\n<meta property=\"og:site_name\" content=\"Centre for Harmony and Enhancement of Ethnic Minority Residents (CHEER)\" \/>\n<meta property=\"article:publisher\" content=\"https:\/\/www.facebook.com\/CHEERHKCS\/\" \/>\n<meta property=\"article:modified_time\" content=\"2025-10-23T08:55:28+00:00\" \/>\n<meta name=\"twitter:card\" content=\"summary_large_image\" \/>\n<meta name=\"twitter:label1\" content=\"Est. reading time\" \/>\n\t<meta name=\"twitter:data1\" content=\"1 minute\" \/>\n<script type=\"application\/ld+json\" class=\"yoast-schema-graph\">{\"@context\":\"https:\\\/\\\/schema.org\",\"@graph\":[{\"@type\":\"WebPage\",\"@id\":\"https:\\\/\\\/hkcscheer.net\\\/vi\\\/dich-vu-phien-dich-va-bien-dich\\\/\",\"url\":\"https:\\\/\\\/hkcscheer.net\\\/vi\\\/dich-vu-phien-dich-va-bien-dich\\\/\",\"name\":\"D\u1ecbch v\u1ee5 Phi\u00ean d\u1ecbch v\u00e0 Bi\u00ean d\u1ecbch - Centre for Harmony and Enhancement of Ethnic Minority Residents (CHEER)\",\"isPartOf\":{\"@id\":\"https:\\\/\\\/hkcscheer.net\\\/#website\"},\"datePublished\":\"2023-12-01T06:30:30+00:00\",\"dateModified\":\"2025-10-23T08:55:28+00:00\",\"breadcrumb\":{\"@id\":\"https:\\\/\\\/hkcscheer.net\\\/vi\\\/dich-vu-phien-dich-va-bien-dich\\\/#breadcrumb\"},\"inLanguage\":\"vi-VN\",\"potentialAction\":[{\"@type\":\"ReadAction\",\"target\":[\"https:\\\/\\\/hkcscheer.net\\\/vi\\\/dich-vu-phien-dich-va-bien-dich\\\/\"]}]},{\"@type\":\"BreadcrumbList\",\"@id\":\"https:\\\/\\\/hkcscheer.net\\\/vi\\\/dich-vu-phien-dich-va-bien-dich\\\/#breadcrumb\",\"itemListElement\":[{\"@type\":\"ListItem\",\"position\":1,\"name\":\"Home\",\"item\":\"https:\\\/\\\/hkcscheer.net\\\/vi\\\/\"},{\"@type\":\"ListItem\",\"position\":2,\"name\":\"D\u1ecbch v\u1ee5 Phi\u00ean d\u1ecbch v\u00e0 Bi\u00ean d\u1ecbch\"}]},{\"@type\":\"WebSite\",\"@id\":\"https:\\\/\\\/hkcscheer.net\\\/#website\",\"url\":\"https:\\\/\\\/hkcscheer.net\\\/\",\"name\":\"Centre for Harmony and Enhancement of Ethnic Minority Residents (CHEER)\",\"description\":\"Centre for Harmony and Enhancement of Ethnic Minority Residents (CHEER)\",\"publisher\":{\"@id\":\"https:\\\/\\\/hkcscheer.net\\\/#organization\"},\"potentialAction\":[{\"@type\":\"SearchAction\",\"target\":{\"@type\":\"EntryPoint\",\"urlTemplate\":\"https:\\\/\\\/hkcscheer.net\\\/?s={search_term_string}\"},\"query-input\":{\"@type\":\"PropertyValueSpecification\",\"valueRequired\":true,\"valueName\":\"search_term_string\"}}],\"inLanguage\":\"vi-VN\"},{\"@type\":\"Organization\",\"@id\":\"https:\\\/\\\/hkcscheer.net\\\/#organization\",\"name\":\"Centre for Harmony and Enhancement of Ethnic Minority Residents (CHEER)\",\"url\":\"https:\\\/\\\/hkcscheer.net\\\/\",\"logo\":{\"@type\":\"ImageObject\",\"inLanguage\":\"vi-VN\",\"@id\":\"https:\\\/\\\/hkcscheer.net\\\/#\\\/schema\\\/logo\\\/image\\\/\",\"url\":\"https:\\\/\\\/hkcscheer.net\\\/wp-content\\\/uploads\\\/2024\\\/08\\\/Site-Logo.jpg\",\"contentUrl\":\"https:\\\/\\\/hkcscheer.net\\\/wp-content\\\/uploads\\\/2024\\\/08\\\/Site-Logo.jpg\",\"width\":512,\"height\":512,\"caption\":\"Centre for Harmony and Enhancement of Ethnic Minority Residents (CHEER)\"},\"image\":{\"@id\":\"https:\\\/\\\/hkcscheer.net\\\/#\\\/schema\\\/logo\\\/image\\\/\"},\"sameAs\":[\"https:\\\/\\\/www.facebook.com\\\/CHEERHKCS\\\/\",\"https:\\\/\\\/www.instagram.com\\\/hkcs_cheer\"]}]}<\/script>\n<!-- \/ Yoast SEO plugin. -->","yoast_head_json":{"title":"D\u1ecbch v\u1ee5 Phi\u00ean d\u1ecbch v\u00e0 Bi\u00ean d\u1ecbch - Centre for Harmony and Enhancement of Ethnic Minority Residents (CHEER)","robots":{"index":"index","follow":"follow","max-snippet":"max-snippet:-1","max-image-preview":"max-image-preview:large","max-video-preview":"max-video-preview:-1"},"canonical":"https:\/\/hkcscheer.net\/vi\/dich-vu-phien-dich-va-bien-dich\/","og_locale":"vi_VN","og_type":"article","og_title":"D\u1ecbch v\u1ee5 Phi\u00ean d\u1ecbch v\u00e0 Bi\u00ean d\u1ecbch - Centre for Harmony and Enhancement of Ethnic Minority Residents (CHEER)","og_description":"D\u1ecbch v\u1ee5 Phi\u00ean d\u1ecbch qua \u0110i\u1ec7n tho\u1ea1i (TELIS) &amp; D\u1ecbch v\u1ee5 Phi\u00ean d\u1ecbch qua \u0110i\u1ec7n tho\u1ea1i \u0111\u01b0\u1ee3c h\u1eb9n tr\u01b0\u1edbc (TELISA) D\u1ecbch v\u1ee5 Phi\u00ean d\u1ecbch t\u1ea1i ch\u1ed7 (OIS) D\u1ecbch v\u1ee5 Phi\u00ean d\u1ecbch \u0110\u1ed3ng th\u1eddi (SIS) D\u1ecbch v\u1ee5 d\u1ecbch thu\u1eadt (TS) &amp; D\u1ecbch v\u1ee5 hi\u1ec7u \u0111\u00ednh (PS) D\u1ecbch v\u1ee5 Phi\u00ean d\u1ecbch qua Whatsapp v\u00e0 D\u1ecbch Th\u1ecb gi\u00e1c [&hellip;]","og_url":"https:\/\/hkcscheer.net\/vi\/dich-vu-phien-dich-va-bien-dich\/","og_site_name":"Centre for Harmony and Enhancement of Ethnic Minority Residents (CHEER)","article_publisher":"https:\/\/www.facebook.com\/CHEERHKCS\/","article_modified_time":"2025-10-23T08:55:28+00:00","twitter_card":"summary_large_image","twitter_misc":{"Est. reading time":"1 minute"},"schema":{"@context":"https:\/\/schema.org","@graph":[{"@type":"WebPage","@id":"https:\/\/hkcscheer.net\/vi\/dich-vu-phien-dich-va-bien-dich\/","url":"https:\/\/hkcscheer.net\/vi\/dich-vu-phien-dich-va-bien-dich\/","name":"D\u1ecbch v\u1ee5 Phi\u00ean d\u1ecbch v\u00e0 Bi\u00ean d\u1ecbch - Centre for Harmony and Enhancement of Ethnic Minority Residents (CHEER)","isPartOf":{"@id":"https:\/\/hkcscheer.net\/#website"},"datePublished":"2023-12-01T06:30:30+00:00","dateModified":"2025-10-23T08:55:28+00:00","breadcrumb":{"@id":"https:\/\/hkcscheer.net\/vi\/dich-vu-phien-dich-va-bien-dich\/#breadcrumb"},"inLanguage":"vi-VN","potentialAction":[{"@type":"ReadAction","target":["https:\/\/hkcscheer.net\/vi\/dich-vu-phien-dich-va-bien-dich\/"]}]},{"@type":"BreadcrumbList","@id":"https:\/\/hkcscheer.net\/vi\/dich-vu-phien-dich-va-bien-dich\/#breadcrumb","itemListElement":[{"@type":"ListItem","position":1,"name":"Home","item":"https:\/\/hkcscheer.net\/vi\/"},{"@type":"ListItem","position":2,"name":"D\u1ecbch v\u1ee5 Phi\u00ean d\u1ecbch v\u00e0 Bi\u00ean d\u1ecbch"}]},{"@type":"WebSite","@id":"https:\/\/hkcscheer.net\/#website","url":"https:\/\/hkcscheer.net\/","name":"Centre for Harmony and Enhancement of Ethnic Minority Residents (CHEER)","description":"Centre for Harmony and Enhancement of Ethnic Minority Residents (CHEER)","publisher":{"@id":"https:\/\/hkcscheer.net\/#organization"},"potentialAction":[{"@type":"SearchAction","target":{"@type":"EntryPoint","urlTemplate":"https:\/\/hkcscheer.net\/?s={search_term_string}"},"query-input":{"@type":"PropertyValueSpecification","valueRequired":true,"valueName":"search_term_string"}}],"inLanguage":"vi-VN"},{"@type":"Organization","@id":"https:\/\/hkcscheer.net\/#organization","name":"Centre for Harmony and Enhancement of Ethnic Minority Residents (CHEER)","url":"https:\/\/hkcscheer.net\/","logo":{"@type":"ImageObject","inLanguage":"vi-VN","@id":"https:\/\/hkcscheer.net\/#\/schema\/logo\/image\/","url":"https:\/\/hkcscheer.net\/wp-content\/uploads\/2024\/08\/Site-Logo.jpg","contentUrl":"https:\/\/hkcscheer.net\/wp-content\/uploads\/2024\/08\/Site-Logo.jpg","width":512,"height":512,"caption":"Centre for Harmony and Enhancement of Ethnic Minority Residents (CHEER)"},"image":{"@id":"https:\/\/hkcscheer.net\/#\/schema\/logo\/image\/"},"sameAs":["https:\/\/www.facebook.com\/CHEERHKCS\/","https:\/\/www.instagram.com\/hkcs_cheer"]}]}},"featured_image_src":null,"featured_image_src_square":null,"_links":{"self":[{"href":"https:\/\/hkcscheer.net\/vi\/wp-json\/wp\/v2\/pages\/1721","targetHints":{"allow":["GET"]}}],"collection":[{"href":"https:\/\/hkcscheer.net\/vi\/wp-json\/wp\/v2\/pages"}],"about":[{"href":"https:\/\/hkcscheer.net\/vi\/wp-json\/wp\/v2\/types\/page"}],"author":[{"embeddable":true,"href":"https:\/\/hkcscheer.net\/vi\/wp-json\/wp\/v2\/users\/1"}],"replies":[{"embeddable":true,"href":"https:\/\/hkcscheer.net\/vi\/wp-json\/wp\/v2\/comments?post=1721"}],"version-history":[{"count":0,"href":"https:\/\/hkcscheer.net\/vi\/wp-json\/wp\/v2\/pages\/1721\/revisions"}],"wp:attachment":[{"href":"https:\/\/hkcscheer.net\/vi\/wp-json\/wp\/v2\/media?parent=1721"}],"curies":[{"name":"wp","href":"https:\/\/api.w.org\/{rel}","templated":true}]}}