{"id":1719,"date":"2023-12-10T06:02:34","date_gmt":"2023-12-09T22:02:34","guid":{"rendered":"https:\/\/hkcscheer.net\/so-do-trang-web\/"},"modified":"2024-04-30T17:16:51","modified_gmt":"2024-04-30T09:16:51","slug":"so-do-trang-web","status":"publish","type":"page","link":"https:\/\/hkcscheer.net\/vi\/so-do-trang-web\/","title":{"rendered":"S\u01a1 \u0111\u1ed3 trang web"},"content":{"rendered":"<p><div class=\"wrapper \" style=\"\"><div class=\"row blox-row \"><div class=\"col-xs-12 col-sm-4 col-md-4 col-lg-4\"><div class=\"row blox_elem_price_table   \" data-animate=\"none\" data-skin=\"default\" data-button-icon=\"\"><div class=\"blox_table_row\" type=\"header\"><div class=\"blox_table_cell\" type=\"default\"><a href=\"https:\/\/hkcscheer.net\/vi\/\">Trang ch\u1ee7<\/a><\/div><\/div><\/div><\/div><div class=\"col-xs-12 col-sm-4 col-md-4 col-lg-4\"><div class=\"row blox_elem_price_table   \" data-animate=\"none\" data-skin=\"default\" data-button-icon=\"\"><div class=\"blox_table_row\" type=\"header\"><div class=\"blox_table_cell\" type=\"default\"><a href=\"https:\/\/hkcscheer.net\/vi\/ve-chung-toi\/\">V\u1ec1 Ch\u00fang t\u00f4i<\/a><\/div><\/div><\/div><\/div><div class=\"col-xs-12 col-sm-4 col-md-4 col-lg-4\"><div class=\"row blox_elem_price_table   \" data-animate=\"none\" data-skin=\"default\" data-button-icon=\"\"><div class=\"blox_table_row\" type=\"header\"><div class=\"blox_table_cell\" type=\"default\"><a href=\"https:\/\/hkcscheer.net\/vi\/C%C3%A1c%20m%E1%BB%A5c\/tin-tuc\/\">Tin t\u1ee9c<\/a><\/div><\/div><\/div><\/div><\/div><\/div><div class=\"wrapper \" style=\"\"><div class=\"row blox-row \"><div class=\"col-xs-12 col-sm-4 col-md-4 col-lg-4\"><div class=\"row blox_elem_price_table   \" data-animate=\"none\" data-skin=\"default\" data-button-icon=\"\"><div class=\"blox_table_row\" type=\"header\"><div class=\"blox_table_cell\" type=\"default\"><a href=\"https:\/\/hkcscheer.net\/vi\/dich-vu-phien-dich-va-bien-dich\/\">D\u1ecbch v\u1ee5 Phi\u00ean d\u1ecbch v\u00e0 Bi\u00ean d\u1ecbch<\/a><\/div><\/div><div class=\"blox_table_row\" type=\"default\"><div class=\"blox_table_cell\" type=\"default\"><a href=\"https:\/\/hkcscheer.net\/vi\/dich-vu-phien-dich-va-bien-dich\/dich-vu-phien-dich-qua-dien-thoai-telis-dich-vu-phien-dich-qua-dien-thoai-duoc-hen-truoc-telisa\/\">D\u1ecbch v\u1ee5 Phi\u00ean d\u1ecbch qua \u0110i\u1ec7n tho\u1ea1i (TELIS) &amp; D\u1ecbch v\u1ee5 Phi\u00ean d\u1ecbch qua \u0110i\u1ec7n tho\u1ea1i \u0111\u01b0\u1ee3c h\u1eb9n tr\u01b0\u1edbc (TELISA)<\/a><\/div><\/div><div class=\"blox_table_row\" type=\"default\"><div class=\"blox_table_cell\" type=\"default\"><a href=\"https:\/\/hkcscheer.net\/vi\/dich-vu-phien-dich-va-bien-dich\/dich-vu-phien-dich-tai-cho-ois\/\">D\u1ecbch v\u1ee5 Phi\u00ean d\u1ecbch t\u1ea1i ch\u1ed7 (OIS)<\/a><\/div><\/div><div class=\"blox_table_row\" type=\"default\"><div class=\"blox_table_cell\" type=\"default\"><a href=\"https:\/\/hkcscheer.net\/vi\/dich-vu-phien-dich-va-bien-dich\/dich-vu-phien-dich-dong-thoi-sis\/\">D\u1ecbch v\u1ee5 Phi\u00ean d\u1ecbch \u0110\u1ed3ng th\u1eddi (SIS)<\/a><\/div><\/div><div class=\"blox_table_row\" type=\"default\"><div class=\"blox_table_cell\" type=\"default\"><a href=\"https:\/\/hkcscheer.net\/vi\/dich-vu-phien-dich-va-bien-dich\/dich-vu-dich-thuat-ts-dich-vu-hieu-dinh-ps\/\">D\u1ecbch v\u1ee5 d\u1ecbch thu\u1eadt (TS) &amp; D\u1ecbch v\u1ee5 hi\u1ec7u \u0111\u00ednh (PS)<\/a><\/div><\/div><div class=\"blox_table_row\" type=\"default\"><div class=\"blox_table_cell\" type=\"default\"><a href=\"https:\/\/hkcscheer.net\/vi\/dich-vu-phien-dich-va-bien-dich\/dich-vu-phien-dich-qua-whatsapp-va-dich-thi-giac-wsis\/\">D\u1ecbch v\u1ee5 Phi\u00ean d\u1ecbch qua Whatsapp v\u00e0 D\u1ecbch Th\u1ecb gi\u00e1c (WSIS)<\/a><\/div><\/div><div class=\"blox_table_row\" type=\"default\"><div class=\"blox_table_cell\" type=\"default\"><a href=\"https:\/\/hkcscheer.net\/vi\/dich-vu-phien-dich-va-bien-dich\/dich-vu-bac-cau-brs\/\">D\u1ecbch v\u1ee5 B\u1eafc c\u1ea7u (BRS)<\/a><\/div><\/div><div class=\"blox_table_row\" type=\"default\"><div class=\"blox_table_cell\" type=\"default\"><a href=\"https:\/\/hkcscheer.net\/vi\/dich-vu-phien-dich-va-bien-dich\/dich-vu-ghi-am-giong-noi-vrs\/\">D\u1ecbch v\u1ee5 Ghi \u00e2m Gi\u1ecdng n\u00f3i (VRS)<\/a><\/div><\/div><div class=\"blox_table_row\" type=\"default\"><div class=\"blox_table_cell\" type=\"default\"><a href=\"https:\/\/hkcscheer.net\/vi\/dich-vu-phien-dich-va-bien-dich\/dich-vu-dich-thi-giac-cho-cac-nha-cung-cap-dich-vu-sts\/\">D\u1ecbch v\u1ee5 D\u1ecbch Th\u1ecb gi\u00e1c cho c\u00e1c Nh\u00e0 Cung c\u1ea5p d\u1ecbch v\u1ee5 (STS)<\/a><\/div><\/div><\/div><\/div><div class=\"col-xs-12 col-sm-4 col-md-4 col-lg-4\"><div class=\"row blox_elem_price_table   \" data-animate=\"none\" data-skin=\"default\" data-button-icon=\"\"><div class=\"blox_table_row\" type=\"header\"><div class=\"blox_table_cell\" type=\"default\"><a href=\"https:\/\/hkcscheer.net\/vi\/C%C3%A1c%20m%E1%BB%A5c\/cac-chuong-trinh\/\">C\u00e1c Ch\u01b0\u01a1ng tr\u00ecnh<\/a><\/div><\/div><div class=\"blox_table_row\" type=\"default\"><div class=\"blox_table_cell\" type=\"default\"><a href=\"https:\/\/hkcscheer.net\/vi\/C%C3%A1c%20m%E1%BB%A5c\/cac-chuong-trinh\/cac-chuong-trinh-sap-dien-ra\/\">C\u00e1c Ch\u01b0\u01a1ng tr\u00ecnh s\u1eafp di\u1ec5n ra<\/a><\/div><\/div><div class=\"blox_table_row\" type=\"default\"><div class=\"blox_table_cell\" type=\"default\"><a href=\"https:\/\/hkcscheer.net\/vi\/C%C3%A1c%20m%E1%BB%A5c\/cac-chuong-trinh\/cac-chuong-trinh-truoc-day\/\">C\u00e1c Ch\u01b0\u01a1ng tr\u00ecnh tr\u01b0\u1edbc \u0111\u00e2y<\/a><\/div><\/div><div class=\"blox_table_row\" type=\"default\"><div class=\"blox_table_cell\" type=\"default\"><a href=\"https:\/\/programme.hkcscheer.net\/member\/request\">\u0110\u0103ng k\u00fd Th\u00e0nh vi\u00ean<\/a><\/div><\/div><\/div><\/div><div class=\"col-xs-12 col-sm-4 col-md-4 col-lg-4\"><div class=\"row blox_elem_price_table   \" data-animate=\"none\" data-skin=\"default\" data-button-icon=\"\"><div class=\"blox_table_row\" type=\"header\"><div class=\"blox_table_cell\" type=\"default\"><a href=\"https:\/\/hkcscheer.net\/vi\/viec-lam\/\">Vi\u1ec7c l\u00e0m<\/a><\/div><\/div><div class=\"blox_table_row\" type=\"default\"><div class=\"blox_table_cell\" type=\"default\"><a href=\"https:\/\/hkcscheer.net\/vi\/cho-nguoi-tim-viec\/\">Cho Ng\u01b0\u1eddi t\u00ecm vi\u1ec7c<\/a><\/div><\/div><div class=\"blox_table_row\" type=\"default\"><div class=\"blox_table_cell\" type=\"default\"><a href=\"https:\/\/hkcscheer.net\/vi\/cho-nguoi-tim-viec\/employment-rights-and-obligations\/\">Quy\u1ec1n v\u00e0 Ngh\u0129a v\u1ee5 Lao \u0111\u1ed9ng<\/a><\/div><\/div><div class=\"blox_table_row\" type=\"default\"><div class=\"blox_table_cell\" type=\"default\"><a href=\"https:\/\/hkcscheer.net\/vi\/cho-nguoi-tim-viec\/dich-vu-viec-lam-cho-nguoi-dan-toc-thieu-so-cua-so-lao-dong\/\">D\u1ecbch v\u1ee5 Vi\u1ec7c l\u00e0m cho Ng\u01b0\u1eddi D\u00e2n t\u1ed9c Thi\u1ec3u s\u1ed1 c\u1ee7a S\u1edf Lao \u0111\u1ed9ng<\/a><\/div><\/div><div class=\"blox_table_row\" type=\"default\"><div class=\"blox_table_cell\" type=\"default\"><a href=\"https:\/\/hkcscheer.net\/vi\/cho-nguoi-tim-viec\/quy-du-phong-bat-buoc-mpf\/\">Qu\u1ef9 D\u1ef1 ph\u00f2ng B\u1eaft bu\u1ed9c<\/a><\/div><\/div><div class=\"blox_table_row\" type=\"default\"><div class=\"blox_table_cell\" type=\"default\"><a href=\"https:\/\/hkcscheer.net\/vi\/cho-nguoi-tim-viec\/cong-nhan-trinh-do-chuyen-mon\/\">C\u00f4ng nh\u1eadn Tr\u00ecnh \u0111\u1ed9 chuy\u00ean m\u00f4n<\/a><\/div><\/div><div class=\"blox_table_row\" type=\"default\"><div class=\"blox_table_cell\" type=\"default\"><a href=\"https:\/\/hkcscheer.net\/vi\/cho-nguoi-tim-viec\/chuan-bi-cho-mot-cong-viec-moi\/\">Chu\u1ea9n b\u1ecb cho c\u00f4ng vi\u1ec7c m\u1edbi<\/a><\/div><\/div><div class=\"blox_table_row\" type=\"default\"><div class=\"blox_table_cell\" type=\"default\"><a href=\"https:\/\/hkcscheer.net\/vi\/cho-nguoi-tim-viec\/tuyen-dung-viec-lam\/\">Tuy\u1ec3n d\u1ee5ng Vi\u1ec7c l\u00e0m<\/a><\/div><\/div><div class=\"blox_table_row\" type=\"default\"><div class=\"blox_table_cell\" type=\"default\"><a href=\"https:\/\/hkcscheer.net\/for-employers\/\">Cho Ng\u01b0\u1eddi s\u1eed d\u1ee5ng lao \u0111\u1ed9ng<\/a><\/div><\/div><\/div><\/div><\/div><\/div><div class=\"wrapper \" style=\"\"><div class=\"row blox-row \"><div class=\"col-xs-12 col-sm-4 col-md-4 col-lg-4\"><div class=\"row blox_elem_price_table   \" data-animate=\"none\" data-skin=\"default\" data-button-icon=\"\"><div class=\"blox_table_row\" type=\"header\"><div class=\"blox_table_cell\" type=\"default\"><a href=\"https:\/\/hkcscheer.net\/vi\/C%C3%A1c%20m%E1%BB%A5c\/nguon-tai-nguyen\/\">Ngu\u1ed3n T\u00e0i nguy\u00ean<\/a><\/div><\/div><div class=\"blox_table_row\" type=\"default\"><div class=\"blox_table_cell\" type=\"default\"><a href=\"https:\/\/hkcscheer.net\/vi\/lam-the-nao-de-giam-rao-can-ngon-ngu\/\">L\u00e0m th\u1ebf n\u00e0o \u0111\u1ec3 gi\u1ea3m r\u00e0o c\u1ea3n ng\u00f4n ng\u1eef<\/a><\/div><\/div><div class=\"blox_table_row\" type=\"default\"><div class=\"blox_table_cell\" type=\"default\"><a href=\"https:\/\/hkcscheer.net\/vi\/lam-the-nao-de-su-dung-cac-dich-vu-cua-cheer\/\">L\u00e0m th\u1ebf n\u00e0o \u0111\u1ec3 s\u1eed d\u1ee5ng c\u00e1c d\u1ecbch v\u1ee5 c\u1ee7a CHEER?<\/a><\/div><\/div><\/div><\/div><div class=\"col-xs-12 col-sm-4 col-md-4 col-lg-4\"><\/div><div class=\"col-xs-12 col-sm-4 col-md-4 col-lg-4\"><\/div><\/div><\/div><\/p>\n","protected":false},"excerpt":{"rendered":"","protected":false},"author":1,"featured_media":0,"parent":0,"menu_order":0,"comment_status":"closed","ping_status":"closed","template":"","meta":{"footnotes":""},"class_list":["post-1719","page","type-page","status-publish","hentry"],"acf":[],"yoast_head":"<!-- This site is optimized with the Yoast SEO plugin v27.3 - https:\/\/yoast.com\/product\/yoast-seo-wordpress\/ -->\n<title>S\u01a1 \u0111\u1ed3 trang web - Centre for Harmony and Enhancement of Ethnic Minority Residents (CHEER)<\/title>\n<meta name=\"robots\" content=\"index, follow, max-snippet:-1, max-image-preview:large, max-video-preview:-1\" \/>\n<link rel=\"canonical\" href=\"https:\/\/hkcscheer.net\/sitemap\/\" \/>\n<meta property=\"og:locale\" content=\"vi_VN\" \/>\n<meta property=\"og:type\" content=\"article\" \/>\n<meta property=\"og:title\" content=\"S\u01a1 \u0111\u1ed3 trang web - Centre for Harmony and Enhancement of Ethnic Minority Residents (CHEER)\" \/>\n<meta property=\"og:url\" content=\"https:\/\/hkcscheer.net\/sitemap\/\" \/>\n<meta property=\"og:site_name\" content=\"Centre for Harmony and Enhancement of Ethnic Minority Residents (CHEER)\" \/>\n<meta property=\"article:publisher\" content=\"https:\/\/www.facebook.com\/CHEERHKCS\/\" \/>\n<meta property=\"article:modified_time\" content=\"2024-04-30T09:16:51+00:00\" \/>\n<meta name=\"twitter:card\" content=\"summary_large_image\" \/>\n<meta name=\"twitter:label1\" content=\"Est. reading time\" \/>\n\t<meta name=\"twitter:data1\" content=\"4 minutes\" \/>\n<script type=\"application\/ld+json\" class=\"yoast-schema-graph\">{\"@context\":\"https:\\\/\\\/schema.org\",\"@graph\":[{\"@type\":\"WebPage\",\"@id\":\"https:\\\/\\\/hkcscheer.net\\\/sitemap\\\/\",\"url\":\"https:\\\/\\\/hkcscheer.net\\\/sitemap\\\/\",\"name\":\"S\u01a1 \u0111\u1ed3 trang web - Centre for Harmony and Enhancement of Ethnic Minority Residents (CHEER)\",\"isPartOf\":{\"@id\":\"https:\\\/\\\/hkcscheer.net\\\/#website\"},\"datePublished\":\"2023-12-09T22:02:34+00:00\",\"dateModified\":\"2024-04-30T09:16:51+00:00\",\"breadcrumb\":{\"@id\":\"https:\\\/\\\/hkcscheer.net\\\/sitemap\\\/#breadcrumb\"},\"inLanguage\":\"vi-VN\",\"potentialAction\":[{\"@type\":\"ReadAction\",\"target\":[\"https:\\\/\\\/hkcscheer.net\\\/sitemap\\\/\"]}]},{\"@type\":\"BreadcrumbList\",\"@id\":\"https:\\\/\\\/hkcscheer.net\\\/sitemap\\\/#breadcrumb\",\"itemListElement\":[{\"@type\":\"ListItem\",\"position\":1,\"name\":\"Home\",\"item\":\"https:\\\/\\\/hkcscheer.net\\\/vi\\\/\"},{\"@type\":\"ListItem\",\"position\":2,\"name\":\"S\u01a1 \u0111\u1ed3 trang web\"}]},{\"@type\":\"WebSite\",\"@id\":\"https:\\\/\\\/hkcscheer.net\\\/#website\",\"url\":\"https:\\\/\\\/hkcscheer.net\\\/\",\"name\":\"Centre for Harmony and Enhancement of Ethnic Minority Residents (CHEER)\",\"description\":\"Centre for Harmony and Enhancement of Ethnic Minority Residents (CHEER)\",\"publisher\":{\"@id\":\"https:\\\/\\\/hkcscheer.net\\\/#organization\"},\"potentialAction\":[{\"@type\":\"SearchAction\",\"target\":{\"@type\":\"EntryPoint\",\"urlTemplate\":\"https:\\\/\\\/hkcscheer.net\\\/?s={search_term_string}\"},\"query-input\":{\"@type\":\"PropertyValueSpecification\",\"valueRequired\":true,\"valueName\":\"search_term_string\"}}],\"inLanguage\":\"vi-VN\"},{\"@type\":\"Organization\",\"@id\":\"https:\\\/\\\/hkcscheer.net\\\/#organization\",\"name\":\"Centre for Harmony and Enhancement of Ethnic Minority Residents (CHEER)\",\"url\":\"https:\\\/\\\/hkcscheer.net\\\/\",\"logo\":{\"@type\":\"ImageObject\",\"inLanguage\":\"vi-VN\",\"@id\":\"https:\\\/\\\/hkcscheer.net\\\/#\\\/schema\\\/logo\\\/image\\\/\",\"url\":\"https:\\\/\\\/hkcscheer.net\\\/wp-content\\\/uploads\\\/2024\\\/08\\\/Site-Logo.jpg\",\"contentUrl\":\"https:\\\/\\\/hkcscheer.net\\\/wp-content\\\/uploads\\\/2024\\\/08\\\/Site-Logo.jpg\",\"width\":512,\"height\":512,\"caption\":\"Centre for Harmony and Enhancement of Ethnic Minority Residents (CHEER)\"},\"image\":{\"@id\":\"https:\\\/\\\/hkcscheer.net\\\/#\\\/schema\\\/logo\\\/image\\\/\"},\"sameAs\":[\"https:\\\/\\\/www.facebook.com\\\/CHEERHKCS\\\/\",\"https:\\\/\\\/www.instagram.com\\\/hkcs_cheer\"]}]}<\/script>\n<!-- \/ Yoast SEO plugin. -->","yoast_head_json":{"title":"S\u01a1 \u0111\u1ed3 trang web - Centre for Harmony and Enhancement of Ethnic Minority Residents (CHEER)","robots":{"index":"index","follow":"follow","max-snippet":"max-snippet:-1","max-image-preview":"max-image-preview:large","max-video-preview":"max-video-preview:-1"},"canonical":"https:\/\/hkcscheer.net\/sitemap\/","og_locale":"vi_VN","og_type":"article","og_title":"S\u01a1 \u0111\u1ed3 trang web - Centre for Harmony and Enhancement of Ethnic Minority Residents (CHEER)","og_url":"https:\/\/hkcscheer.net\/sitemap\/","og_site_name":"Centre for Harmony and Enhancement of Ethnic Minority Residents (CHEER)","article_publisher":"https:\/\/www.facebook.com\/CHEERHKCS\/","article_modified_time":"2024-04-30T09:16:51+00:00","twitter_card":"summary_large_image","twitter_misc":{"Est. reading time":"4 minutes"},"schema":{"@context":"https:\/\/schema.org","@graph":[{"@type":"WebPage","@id":"https:\/\/hkcscheer.net\/sitemap\/","url":"https:\/\/hkcscheer.net\/sitemap\/","name":"S\u01a1 \u0111\u1ed3 trang web - Centre for Harmony and Enhancement of Ethnic Minority Residents (CHEER)","isPartOf":{"@id":"https:\/\/hkcscheer.net\/#website"},"datePublished":"2023-12-09T22:02:34+00:00","dateModified":"2024-04-30T09:16:51+00:00","breadcrumb":{"@id":"https:\/\/hkcscheer.net\/sitemap\/#breadcrumb"},"inLanguage":"vi-VN","potentialAction":[{"@type":"ReadAction","target":["https:\/\/hkcscheer.net\/sitemap\/"]}]},{"@type":"BreadcrumbList","@id":"https:\/\/hkcscheer.net\/sitemap\/#breadcrumb","itemListElement":[{"@type":"ListItem","position":1,"name":"Home","item":"https:\/\/hkcscheer.net\/vi\/"},{"@type":"ListItem","position":2,"name":"S\u01a1 \u0111\u1ed3 trang web"}]},{"@type":"WebSite","@id":"https:\/\/hkcscheer.net\/#website","url":"https:\/\/hkcscheer.net\/","name":"Centre for Harmony and Enhancement of Ethnic Minority Residents (CHEER)","description":"Centre for Harmony and Enhancement of Ethnic Minority Residents (CHEER)","publisher":{"@id":"https:\/\/hkcscheer.net\/#organization"},"potentialAction":[{"@type":"SearchAction","target":{"@type":"EntryPoint","urlTemplate":"https:\/\/hkcscheer.net\/?s={search_term_string}"},"query-input":{"@type":"PropertyValueSpecification","valueRequired":true,"valueName":"search_term_string"}}],"inLanguage":"vi-VN"},{"@type":"Organization","@id":"https:\/\/hkcscheer.net\/#organization","name":"Centre for Harmony and Enhancement of Ethnic Minority Residents (CHEER)","url":"https:\/\/hkcscheer.net\/","logo":{"@type":"ImageObject","inLanguage":"vi-VN","@id":"https:\/\/hkcscheer.net\/#\/schema\/logo\/image\/","url":"https:\/\/hkcscheer.net\/wp-content\/uploads\/2024\/08\/Site-Logo.jpg","contentUrl":"https:\/\/hkcscheer.net\/wp-content\/uploads\/2024\/08\/Site-Logo.jpg","width":512,"height":512,"caption":"Centre for Harmony and Enhancement of Ethnic Minority Residents (CHEER)"},"image":{"@id":"https:\/\/hkcscheer.net\/#\/schema\/logo\/image\/"},"sameAs":["https:\/\/www.facebook.com\/CHEERHKCS\/","https:\/\/www.instagram.com\/hkcs_cheer"]}]}},"featured_image_src":null,"featured_image_src_square":null,"_links":{"self":[{"href":"https:\/\/hkcscheer.net\/vi\/wp-json\/wp\/v2\/pages\/1719","targetHints":{"allow":["GET"]}}],"collection":[{"href":"https:\/\/hkcscheer.net\/vi\/wp-json\/wp\/v2\/pages"}],"about":[{"href":"https:\/\/hkcscheer.net\/vi\/wp-json\/wp\/v2\/types\/page"}],"author":[{"embeddable":true,"href":"https:\/\/hkcscheer.net\/vi\/wp-json\/wp\/v2\/users\/1"}],"replies":[{"embeddable":true,"href":"https:\/\/hkcscheer.net\/vi\/wp-json\/wp\/v2\/comments?post=1719"}],"version-history":[{"count":0,"href":"https:\/\/hkcscheer.net\/vi\/wp-json\/wp\/v2\/pages\/1719\/revisions"}],"wp:attachment":[{"href":"https:\/\/hkcscheer.net\/vi\/wp-json\/wp\/v2\/media?parent=1719"}],"curies":[{"name":"wp","href":"https:\/\/api.w.org\/{rel}","templated":true}]}}