{"id":1717,"date":"2023-12-22T14:16:42","date_gmt":"2023-12-22T06:16:42","guid":{"rendered":"https:\/\/hkcscheer.net\/dich-vu-phien-dich-qua-whatsapp-va-dich-thi-giac-wsis\/"},"modified":"2025-10-03T10:53:42","modified_gmt":"2025-10-03T02:53:42","slug":"whatsapp-sight-interpretation-service-wsis","status":"publish","type":"page","link":"https:\/\/hkcscheer.net\/vi\/dich-vu-phien-dich-va-bien-dich\/whatsapp-sight-interpretation-service-wsis\/","title":{"rendered":"D\u1ecbch v\u1ee5 Phi\u00ean d\u1ecbch qua Whatsapp v\u00e0 D\u1ecbch Th\u1ecb gi\u00e1c (WSIS)"},"content":{"rendered":"<header class=\"message__header\">\n<div class=\"message__attribution\">\n<div class=\"message__meta u-hide-on-template\"><\/div>\n<\/div>\n<\/header>\n<section class=\"push_double--top\">\n<div class=\"formatted_content formatted_content--large\">\n<ul>\n<li>Cung c\u1ea5p gi\u1ea3i th\u00edch b\u1eb1ng l\u1eddi v\u1ec1 \u00fd ngh\u0129a c\u1ee7a t\u00e0i li\u1ec7u t\u1eeb ti\u1ebfng Anh sang t\u00e1m ng\u00f4n ng\u1eef\/ph\u01b0\u01a1ng ng\u1eef t\u01b0\u01a1ng \u1ee9ng.<\/li>\n<li>Ng\u01b0\u1eddi d\u00e2n t\u1ed9c thi\u1ec3u s\u1ed1 c\u00f3 th\u1ec3 mang theo t\u00e0i li\u1ec7u \u0111\u1ebfn trung t\u00e2m ch\u00fang t\u00f4i trong gi\u1edd l\u00e0m vi\u1ec7c c\u1ee7a CHEER.<\/li>\n<\/ul>\n<blockquote><p>Gi\u1edd m\u1edf c\u1eeda ph\u1ee5c v\u1ee5 \u0111\u00f3n ti\u1ebfp c\u1ee7a CHEER:<br \/>\nTh\u1ee9 Hai: 9h s\u00e1ng-5h chi\u1ec1u<br \/>\nTh\u1ee9 Ba \u0111\u1ebfn Ch\u1ee7 nh\u1eadt: 9h s\u00e1ng-9h t\u1ed1i (ngo\u1ea1i tr\u1eeb ng\u00e0y l\u1ec5)<\/p><\/blockquote>\n<blockquote><p>B\u1ea1n c\u00f3 th\u1ec3 truy c\u1eadp d\u1ecbch v\u1ee5 n\u00e0y trong WhatsApp b\u1eb1ng c\u00e1ch g\u1eedi y\u00eau c\u1ea7u t\u1edbi <strong>5634 4587<\/strong>. Ch\u00fang t\u00f4i s\u1ebd ph\u1ea3n h\u1ed3i trong v\u00f2ng 24 gi\u1edd.<\/p><\/blockquote>\n<\/div>\n<\/section>\n<div class=\"push--top\">\n<div class=\"boosts boosts--small metadata push--bottom boosts--empty\" data-controller=\"boosts\" data-boosts-has-boosts-selector-value=\".boost:not(.boost-form)\" data-boosts-adding-selector-value=\".boost-form.expanded\" data-boosts-empty-class=\"boosts--empty\" data-boosts-adding-class=\"boosts--adding\" data-boosts-deleting-class=\"boost--deleting\">\n<div class=\"boost-form__link-container\"><img loading=\"lazy\" decoding=\"async\" class=\"alignnone wp-image-2212 size-large\" src=\"https:\/\/hkcscheer.net\/wp-content\/uploads\/2024\/05\/OSIS2-1024x768.jpg\" alt=\"\" width=\"960\" height=\"720\" srcset=\"https:\/\/hkcscheer.net\/wp-content\/uploads\/2024\/05\/OSIS2-1024x768.jpg 1024w, https:\/\/hkcscheer.net\/wp-content\/uploads\/2024\/05\/OSIS2-300x225.jpg 300w, https:\/\/hkcscheer.net\/wp-content\/uploads\/2024\/05\/OSIS2-768x576.jpg 768w, https:\/\/hkcscheer.net\/wp-content\/uploads\/2024\/05\/OSIS2-1536x1152.jpg 1536w, https:\/\/hkcscheer.net\/wp-content\/uploads\/2024\/05\/OSIS2.jpg 1600w\" sizes=\"auto, (max-width: 960px) 100vw, 960px\" \/><\/div>\n<\/div>\n<\/div>\n","protected":false},"excerpt":{"rendered":"<p>Cung c\u1ea5p gi\u1ea3i th\u00edch b\u1eb1ng l\u1eddi v\u1ec1 \u00fd ngh\u0129a c\u1ee7a t\u00e0i li\u1ec7u t\u1eeb ti\u1ebfng Anh sang t\u00e1m ng\u00f4n ng\u1eef\/ph\u01b0\u01a1ng ng\u1eef t\u01b0\u01a1ng \u1ee9ng. Ng\u01b0\u1eddi d\u00e2n t\u1ed9c thi\u1ec3u s\u1ed1 c\u00f3 th\u1ec3 mang theo t\u00e0i li\u1ec7u \u0111\u1ebfn trung t\u00e2m ch\u00fang t\u00f4i trong gi\u1edd l\u00e0m vi\u1ec7c c\u1ee7a CHEER. Gi\u1edd m\u1edf c\u1eeda ph\u1ee5c v\u1ee5 \u0111\u00f3n ti\u1ebfp c\u1ee7a CHEER: Th\u1ee9 Hai: [&hellip;]<\/p>\n","protected":false},"author":1,"featured_media":0,"parent":1721,"menu_order":0,"comment_status":"closed","ping_status":"closed","template":"","meta":{"footnotes":""},"class_list":["post-1717","page","type-page","status-publish","hentry"],"acf":[],"yoast_head":"<!-- This site is optimized with the Yoast SEO plugin v27.4 - https:\/\/yoast.com\/product\/yoast-seo-wordpress\/ -->\n<title>D\u1ecbch v\u1ee5 Phi\u00ean d\u1ecbch qua Whatsapp v\u00e0 D\u1ecbch Th\u1ecb gi\u00e1c (WSIS) - Centre for Harmony and Enhancement of Ethnic Minority Residents (CHEER)<\/title>\n<meta name=\"robots\" content=\"index, follow, max-snippet:-1, max-image-preview:large, max-video-preview:-1\" \/>\n<link rel=\"canonical\" href=\"https:\/\/hkcscheer.net\/vi\/dich-vu-phien-dich-va-bien-dich\/whatsapp-sight-interpretation-service-wsis\/\" \/>\n<meta property=\"og:locale\" content=\"vi_VN\" \/>\n<meta property=\"og:type\" content=\"article\" \/>\n<meta property=\"og:title\" content=\"D\u1ecbch v\u1ee5 Phi\u00ean d\u1ecbch qua Whatsapp v\u00e0 D\u1ecbch Th\u1ecb gi\u00e1c (WSIS) - Centre for Harmony and Enhancement of Ethnic Minority Residents (CHEER)\" \/>\n<meta property=\"og:description\" content=\"Cung c\u1ea5p gi\u1ea3i th\u00edch b\u1eb1ng l\u1eddi v\u1ec1 \u00fd ngh\u0129a c\u1ee7a t\u00e0i li\u1ec7u t\u1eeb ti\u1ebfng Anh sang t\u00e1m ng\u00f4n ng\u1eef\/ph\u01b0\u01a1ng ng\u1eef t\u01b0\u01a1ng \u1ee9ng. Ng\u01b0\u1eddi d\u00e2n t\u1ed9c thi\u1ec3u s\u1ed1 c\u00f3 th\u1ec3 mang theo t\u00e0i li\u1ec7u \u0111\u1ebfn trung t\u00e2m ch\u00fang t\u00f4i trong gi\u1edd l\u00e0m vi\u1ec7c c\u1ee7a CHEER. Gi\u1edd m\u1edf c\u1eeda ph\u1ee5c v\u1ee5 \u0111\u00f3n ti\u1ebfp c\u1ee7a CHEER: Th\u1ee9 Hai: [&hellip;]\" \/>\n<meta property=\"og:url\" content=\"https:\/\/hkcscheer.net\/vi\/dich-vu-phien-dich-va-bien-dich\/whatsapp-sight-interpretation-service-wsis\/\" \/>\n<meta property=\"og:site_name\" content=\"Centre for Harmony and Enhancement of Ethnic Minority Residents (CHEER)\" \/>\n<meta property=\"article:publisher\" content=\"https:\/\/www.facebook.com\/CHEERHKCS\/\" \/>\n<meta property=\"article:modified_time\" content=\"2025-10-03T02:53:42+00:00\" \/>\n<meta property=\"og:image\" content=\"https:\/\/hkcscheer.net\/wp-content\/uploads\/2024\/05\/OSIS2.jpg\" \/>\n\t<meta property=\"og:image:width\" content=\"1600\" \/>\n\t<meta property=\"og:image:height\" content=\"1200\" \/>\n\t<meta property=\"og:image:type\" content=\"image\/jpeg\" \/>\n<meta name=\"twitter:card\" content=\"summary_large_image\" \/>\n<meta name=\"twitter:label1\" content=\"Est. reading time\" \/>\n\t<meta name=\"twitter:data1\" content=\"1 minute\" \/>\n<script type=\"application\/ld+json\" class=\"yoast-schema-graph\">{\"@context\":\"https:\\\/\\\/schema.org\",\"@graph\":[{\"@type\":\"WebPage\",\"@id\":\"https:\\\/\\\/hkcscheer.net\\\/vi\\\/dich-vu-phien-dich-va-bien-dich\\\/whatsapp-sight-interpretation-service-wsis\\\/\",\"url\":\"https:\\\/\\\/hkcscheer.net\\\/vi\\\/dich-vu-phien-dich-va-bien-dich\\\/whatsapp-sight-interpretation-service-wsis\\\/\",\"name\":\"D\u1ecbch v\u1ee5 Phi\u00ean d\u1ecbch qua Whatsapp v\u00e0 D\u1ecbch Th\u1ecb gi\u00e1c (WSIS) - Centre for Harmony and Enhancement of Ethnic Minority Residents (CHEER)\",\"isPartOf\":{\"@id\":\"https:\\\/\\\/hkcscheer.net\\\/#website\"},\"primaryImageOfPage\":{\"@id\":\"https:\\\/\\\/hkcscheer.net\\\/vi\\\/dich-vu-phien-dich-va-bien-dich\\\/whatsapp-sight-interpretation-service-wsis\\\/#primaryimage\"},\"image\":{\"@id\":\"https:\\\/\\\/hkcscheer.net\\\/vi\\\/dich-vu-phien-dich-va-bien-dich\\\/whatsapp-sight-interpretation-service-wsis\\\/#primaryimage\"},\"thumbnailUrl\":\"https:\\\/\\\/hkcscheer.net\\\/wp-content\\\/uploads\\\/2024\\\/05\\\/OSIS2-1024x768.jpg\",\"datePublished\":\"2023-12-22T06:16:42+00:00\",\"dateModified\":\"2025-10-03T02:53:42+00:00\",\"breadcrumb\":{\"@id\":\"https:\\\/\\\/hkcscheer.net\\\/vi\\\/dich-vu-phien-dich-va-bien-dich\\\/whatsapp-sight-interpretation-service-wsis\\\/#breadcrumb\"},\"inLanguage\":\"vi-VN\",\"potentialAction\":[{\"@type\":\"ReadAction\",\"target\":[\"https:\\\/\\\/hkcscheer.net\\\/vi\\\/dich-vu-phien-dich-va-bien-dich\\\/whatsapp-sight-interpretation-service-wsis\\\/\"]}]},{\"@type\":\"ImageObject\",\"inLanguage\":\"vi-VN\",\"@id\":\"https:\\\/\\\/hkcscheer.net\\\/vi\\\/dich-vu-phien-dich-va-bien-dich\\\/whatsapp-sight-interpretation-service-wsis\\\/#primaryimage\",\"url\":\"https:\\\/\\\/hkcscheer.net\\\/wp-content\\\/uploads\\\/2024\\\/05\\\/OSIS2-1024x768.jpg\",\"contentUrl\":\"https:\\\/\\\/hkcscheer.net\\\/wp-content\\\/uploads\\\/2024\\\/05\\\/OSIS2-1024x768.jpg\"},{\"@type\":\"BreadcrumbList\",\"@id\":\"https:\\\/\\\/hkcscheer.net\\\/vi\\\/dich-vu-phien-dich-va-bien-dich\\\/whatsapp-sight-interpretation-service-wsis\\\/#breadcrumb\",\"itemListElement\":[{\"@type\":\"ListItem\",\"position\":1,\"name\":\"Home\",\"item\":\"https:\\\/\\\/hkcscheer.net\\\/vi\\\/\"},{\"@type\":\"ListItem\",\"position\":2,\"name\":\"D\u1ecbch v\u1ee5 Phi\u00ean d\u1ecbch v\u00e0 Bi\u00ean d\u1ecbch\",\"item\":\"https:\\\/\\\/hkcscheer.net\\\/vi\\\/dich-vu-phien-dich-va-bien-dich\\\/\"},{\"@type\":\"ListItem\",\"position\":3,\"name\":\"D\u1ecbch v\u1ee5 Phi\u00ean d\u1ecbch qua Whatsapp v\u00e0 D\u1ecbch Th\u1ecb gi\u00e1c (WSIS)\"}]},{\"@type\":\"WebSite\",\"@id\":\"https:\\\/\\\/hkcscheer.net\\\/#website\",\"url\":\"https:\\\/\\\/hkcscheer.net\\\/\",\"name\":\"Centre for Harmony and Enhancement of Ethnic Minority Residents (CHEER)\",\"description\":\"Centre for Harmony and Enhancement of Ethnic Minority Residents (CHEER)\",\"publisher\":{\"@id\":\"https:\\\/\\\/hkcscheer.net\\\/#organization\"},\"potentialAction\":[{\"@type\":\"SearchAction\",\"target\":{\"@type\":\"EntryPoint\",\"urlTemplate\":\"https:\\\/\\\/hkcscheer.net\\\/?s={search_term_string}\"},\"query-input\":{\"@type\":\"PropertyValueSpecification\",\"valueRequired\":true,\"valueName\":\"search_term_string\"}}],\"inLanguage\":\"vi-VN\"},{\"@type\":\"Organization\",\"@id\":\"https:\\\/\\\/hkcscheer.net\\\/#organization\",\"name\":\"Centre for Harmony and Enhancement of Ethnic Minority Residents (CHEER)\",\"url\":\"https:\\\/\\\/hkcscheer.net\\\/\",\"logo\":{\"@type\":\"ImageObject\",\"inLanguage\":\"vi-VN\",\"@id\":\"https:\\\/\\\/hkcscheer.net\\\/#\\\/schema\\\/logo\\\/image\\\/\",\"url\":\"https:\\\/\\\/hkcscheer.net\\\/wp-content\\\/uploads\\\/2024\\\/08\\\/Site-Logo.jpg\",\"contentUrl\":\"https:\\\/\\\/hkcscheer.net\\\/wp-content\\\/uploads\\\/2024\\\/08\\\/Site-Logo.jpg\",\"width\":512,\"height\":512,\"caption\":\"Centre for Harmony and Enhancement of Ethnic Minority Residents (CHEER)\"},\"image\":{\"@id\":\"https:\\\/\\\/hkcscheer.net\\\/#\\\/schema\\\/logo\\\/image\\\/\"},\"sameAs\":[\"https:\\\/\\\/www.facebook.com\\\/CHEERHKCS\\\/\",\"https:\\\/\\\/www.instagram.com\\\/hkcs_cheer\"]}]}<\/script>\n<!-- \/ Yoast SEO plugin. -->","yoast_head_json":{"title":"D\u1ecbch v\u1ee5 Phi\u00ean d\u1ecbch qua Whatsapp v\u00e0 D\u1ecbch Th\u1ecb gi\u00e1c (WSIS) - Centre for Harmony and Enhancement of Ethnic Minority Residents (CHEER)","robots":{"index":"index","follow":"follow","max-snippet":"max-snippet:-1","max-image-preview":"max-image-preview:large","max-video-preview":"max-video-preview:-1"},"canonical":"https:\/\/hkcscheer.net\/vi\/dich-vu-phien-dich-va-bien-dich\/whatsapp-sight-interpretation-service-wsis\/","og_locale":"vi_VN","og_type":"article","og_title":"D\u1ecbch v\u1ee5 Phi\u00ean d\u1ecbch qua Whatsapp v\u00e0 D\u1ecbch Th\u1ecb gi\u00e1c (WSIS) - Centre for Harmony and Enhancement of Ethnic Minority Residents (CHEER)","og_description":"Cung c\u1ea5p gi\u1ea3i th\u00edch b\u1eb1ng l\u1eddi v\u1ec1 \u00fd ngh\u0129a c\u1ee7a t\u00e0i li\u1ec7u t\u1eeb ti\u1ebfng Anh sang t\u00e1m ng\u00f4n ng\u1eef\/ph\u01b0\u01a1ng ng\u1eef t\u01b0\u01a1ng \u1ee9ng. Ng\u01b0\u1eddi d\u00e2n t\u1ed9c thi\u1ec3u s\u1ed1 c\u00f3 th\u1ec3 mang theo t\u00e0i li\u1ec7u \u0111\u1ebfn trung t\u00e2m ch\u00fang t\u00f4i trong gi\u1edd l\u00e0m vi\u1ec7c c\u1ee7a CHEER. Gi\u1edd m\u1edf c\u1eeda ph\u1ee5c v\u1ee5 \u0111\u00f3n ti\u1ebfp c\u1ee7a CHEER: Th\u1ee9 Hai: [&hellip;]","og_url":"https:\/\/hkcscheer.net\/vi\/dich-vu-phien-dich-va-bien-dich\/whatsapp-sight-interpretation-service-wsis\/","og_site_name":"Centre for Harmony and Enhancement of Ethnic Minority Residents (CHEER)","article_publisher":"https:\/\/www.facebook.com\/CHEERHKCS\/","article_modified_time":"2025-10-03T02:53:42+00:00","og_image":[{"width":1600,"height":1200,"url":"https:\/\/hkcscheer.net\/wp-content\/uploads\/2024\/05\/OSIS2.jpg","type":"image\/jpeg"}],"twitter_card":"summary_large_image","twitter_misc":{"Est. reading time":"1 minute"},"schema":{"@context":"https:\/\/schema.org","@graph":[{"@type":"WebPage","@id":"https:\/\/hkcscheer.net\/vi\/dich-vu-phien-dich-va-bien-dich\/whatsapp-sight-interpretation-service-wsis\/","url":"https:\/\/hkcscheer.net\/vi\/dich-vu-phien-dich-va-bien-dich\/whatsapp-sight-interpretation-service-wsis\/","name":"D\u1ecbch v\u1ee5 Phi\u00ean d\u1ecbch qua Whatsapp v\u00e0 D\u1ecbch Th\u1ecb gi\u00e1c (WSIS) - Centre for Harmony and Enhancement of Ethnic Minority Residents (CHEER)","isPartOf":{"@id":"https:\/\/hkcscheer.net\/#website"},"primaryImageOfPage":{"@id":"https:\/\/hkcscheer.net\/vi\/dich-vu-phien-dich-va-bien-dich\/whatsapp-sight-interpretation-service-wsis\/#primaryimage"},"image":{"@id":"https:\/\/hkcscheer.net\/vi\/dich-vu-phien-dich-va-bien-dich\/whatsapp-sight-interpretation-service-wsis\/#primaryimage"},"thumbnailUrl":"https:\/\/hkcscheer.net\/wp-content\/uploads\/2024\/05\/OSIS2-1024x768.jpg","datePublished":"2023-12-22T06:16:42+00:00","dateModified":"2025-10-03T02:53:42+00:00","breadcrumb":{"@id":"https:\/\/hkcscheer.net\/vi\/dich-vu-phien-dich-va-bien-dich\/whatsapp-sight-interpretation-service-wsis\/#breadcrumb"},"inLanguage":"vi-VN","potentialAction":[{"@type":"ReadAction","target":["https:\/\/hkcscheer.net\/vi\/dich-vu-phien-dich-va-bien-dich\/whatsapp-sight-interpretation-service-wsis\/"]}]},{"@type":"ImageObject","inLanguage":"vi-VN","@id":"https:\/\/hkcscheer.net\/vi\/dich-vu-phien-dich-va-bien-dich\/whatsapp-sight-interpretation-service-wsis\/#primaryimage","url":"https:\/\/hkcscheer.net\/wp-content\/uploads\/2024\/05\/OSIS2-1024x768.jpg","contentUrl":"https:\/\/hkcscheer.net\/wp-content\/uploads\/2024\/05\/OSIS2-1024x768.jpg"},{"@type":"BreadcrumbList","@id":"https:\/\/hkcscheer.net\/vi\/dich-vu-phien-dich-va-bien-dich\/whatsapp-sight-interpretation-service-wsis\/#breadcrumb","itemListElement":[{"@type":"ListItem","position":1,"name":"Home","item":"https:\/\/hkcscheer.net\/vi\/"},{"@type":"ListItem","position":2,"name":"D\u1ecbch v\u1ee5 Phi\u00ean d\u1ecbch v\u00e0 Bi\u00ean d\u1ecbch","item":"https:\/\/hkcscheer.net\/vi\/dich-vu-phien-dich-va-bien-dich\/"},{"@type":"ListItem","position":3,"name":"D\u1ecbch v\u1ee5 Phi\u00ean d\u1ecbch qua Whatsapp v\u00e0 D\u1ecbch Th\u1ecb gi\u00e1c (WSIS)"}]},{"@type":"WebSite","@id":"https:\/\/hkcscheer.net\/#website","url":"https:\/\/hkcscheer.net\/","name":"Centre for Harmony and Enhancement of Ethnic Minority Residents (CHEER)","description":"Centre for Harmony and Enhancement of Ethnic Minority Residents (CHEER)","publisher":{"@id":"https:\/\/hkcscheer.net\/#organization"},"potentialAction":[{"@type":"SearchAction","target":{"@type":"EntryPoint","urlTemplate":"https:\/\/hkcscheer.net\/?s={search_term_string}"},"query-input":{"@type":"PropertyValueSpecification","valueRequired":true,"valueName":"search_term_string"}}],"inLanguage":"vi-VN"},{"@type":"Organization","@id":"https:\/\/hkcscheer.net\/#organization","name":"Centre for Harmony and Enhancement of Ethnic Minority Residents (CHEER)","url":"https:\/\/hkcscheer.net\/","logo":{"@type":"ImageObject","inLanguage":"vi-VN","@id":"https:\/\/hkcscheer.net\/#\/schema\/logo\/image\/","url":"https:\/\/hkcscheer.net\/wp-content\/uploads\/2024\/08\/Site-Logo.jpg","contentUrl":"https:\/\/hkcscheer.net\/wp-content\/uploads\/2024\/08\/Site-Logo.jpg","width":512,"height":512,"caption":"Centre for Harmony and Enhancement of Ethnic Minority Residents (CHEER)"},"image":{"@id":"https:\/\/hkcscheer.net\/#\/schema\/logo\/image\/"},"sameAs":["https:\/\/www.facebook.com\/CHEERHKCS\/","https:\/\/www.instagram.com\/hkcs_cheer"]}]}},"featured_image_src":null,"featured_image_src_square":null,"_links":{"self":[{"href":"https:\/\/hkcscheer.net\/vi\/wp-json\/wp\/v2\/pages\/1717","targetHints":{"allow":["GET"]}}],"collection":[{"href":"https:\/\/hkcscheer.net\/vi\/wp-json\/wp\/v2\/pages"}],"about":[{"href":"https:\/\/hkcscheer.net\/vi\/wp-json\/wp\/v2\/types\/page"}],"author":[{"embeddable":true,"href":"https:\/\/hkcscheer.net\/vi\/wp-json\/wp\/v2\/users\/1"}],"replies":[{"embeddable":true,"href":"https:\/\/hkcscheer.net\/vi\/wp-json\/wp\/v2\/comments?post=1717"}],"version-history":[{"count":0,"href":"https:\/\/hkcscheer.net\/vi\/wp-json\/wp\/v2\/pages\/1717\/revisions"}],"up":[{"embeddable":true,"href":"https:\/\/hkcscheer.net\/vi\/wp-json\/wp\/v2\/pages\/1721"}],"wp:attachment":[{"href":"https:\/\/hkcscheer.net\/vi\/wp-json\/wp\/v2\/media?parent=1717"}],"curies":[{"name":"wp","href":"https:\/\/api.w.org\/{rel}","templated":true}]}}