{"id":1713,"date":"2023-12-10T05:55:02","date_gmt":"2023-12-09T21:55:02","guid":{"rendered":"https:\/\/hkcscheer.net\/dich-vu-dich-thuat-ts-dich-vu-hieu-dinh-ps\/"},"modified":"2025-10-06T10:14:21","modified_gmt":"2025-10-06T02:14:21","slug":"translation-service-ts-proof-reading-service-ps","status":"publish","type":"page","link":"https:\/\/hkcscheer.net\/vi\/dich-vu-phien-dich-va-bien-dich\/translation-service-ts-proof-reading-service-ps\/","title":{"rendered":"D\u1ecbch v\u1ee5 d\u1ecbch thu\u1eadt (TS) &amp; D\u1ecbch v\u1ee5 hi\u1ec7u \u0111\u00ednh (PS)"},"content":{"rendered":"<section class=\"push_double--top\">\n<div class=\"formatted_content formatted_content--large\">\n<h1><strong>D\u1ecbch v\u1ee5 d\u1ecbch thu\u1eadt (TS)<\/strong><\/h1>\n<ul>\n<li>Cung c\u1ea5p b\u1ea3n d\u1ecbch v\u0103n b\u1ea3n giao ti\u1ebfp t\u1eeb ti\u1ebfng Anh sang c\u00e1c ng\u00f4n ng\u1eef d\u00e2n t\u1ed9c thi\u1ec3u s\u1ed1 EM t\u01b0\u01a1ng \u1ee9ng.<\/li>\n<li>TS \u0111\u01b0\u1ee3c cung c\u1ea5p THEO Y\u00caU C\u1ea6U C\u1ee6A C\u00c1C NH\u00c0 CUNG C\u1ea4P D\u1ecaCH V\u1ee4 C\u00d4NG v\u00e0;<\/li>\n<li>D\u00e0nh cho c\u00e1c v\u0103n b\u1ea3n KH\u00d4NG CH\u1ee8A THU\u1eacT NG\u1eee CHUY\u00caN NG\u00c0NH\/CHUY\u00caN M\u00d4N<\/li>\n<li>T\u1ea3i <b><br \/>\n  <a href=\"https:\/\/drive.google.com\/file\/d\/1sj5fq4eGVuLgSxi0wD6K36KeSM-FXe7d\/view?usp=sharing\">M\u1eabu \u0111\u01a1n y\u00eau c\u1ea7u d\u1ecbch v\u1ee5 Bi\u00ean d\u1ecbch (TS) v\u00e0 Hi\u1ec7u \u0111\u00ednh (PS)<\/a><br \/>\n<\/b>.<\/li>\n<li>T\u00e0i li\u1ec7u \u0111\u1ee7 \u0111i\u1ec1u ki\u1ec7n \u0111\u1ec3 \u0111\u01b0\u1ee3c d\u1ecbch ho\u1eb7c hi\u1ec7u \u0111\u00ednh l\u00e0 t\u00e0i li\u1ec7u v\u1edbi th\u00f4ng tin nh\u00e0m th\u00fac \u0111\u1ea9y kh\u1ea3 n\u0103ng ti\u1ebfp c\u1eadn d\u1ecbch v\u1ee5 c\u00f4ng\/th\u00f4ng tin d\u1ecbch v\u1ee5 c\u1ee7a EM, ch\u1eb3ng h\u1ea1n nh\u01b0 ph\u1ea7n gi\u1edbi thi\u1ec7u ng\u1eafn g\u1ecdn v\u1ec1 c\u00e1c d\u1ecbch v\u1ee5 c\u1ee7a m\u1ed9t trung t\u00e2m, m\u1ed9t ch\u01b0\u01a1ng tr\u00ecnh ho\u1eb7c k\u1ebf ho\u1ea1ch.<\/li>\n<\/ul>\n<blockquote><p>C\u00e1c nh\u00e0 cung c\u1ea5p d\u1ecbch v\u1ee5 c\u00f4ng c\u00f3 th\u1ec3 \u0111\u1eb7t l\u1ecbch h\u1eb9n qua s\u1ed1 fax (+852 3106 0455), email (<a class=\"autolinked\" href=\"mailto:tis-cheer@hkcs.org\" target=\"_blank\" rel=\"noopener noreferrer\" data-behavior=\"truncate\">tis-cheer@hkcs.org<\/a>) ho\u1eb7c \u0111\u0103ng k\u00fd <a href=\"https:\/\/tis.hkcscheer.net\/tsps\/request\/guest\"><br \/>\n  <strong>tr\u1ef1c tuy\u1ebfn<\/strong><br \/>\n<\/a>. Ph\u1ea3n h\u1ed3i cho y\u00eau c\u1ea7u TS\/PS s\u1ebd \u0111\u01b0\u1ee3c g\u1eedi qua email trong v\u00f2ng 24 gi\u1edd.<\/p><\/blockquote>\n<blockquote><p>Vi\u1ec7c d\u1ecbch c\u00e1c t\u00e0i li\u1ec7u 800 t\u1eeb t\u1eeb ti\u1ebfng Anh sang m\u1ed9t trong t\u00e1m ng\u00f4n ng\u1eef\/ph\u01b0\u01a1ng ng\u1eef t\u01b0\u01a1ng \u1ee9ng s\u1ebd m\u1ea5t kho\u1ea3ng 14 ng\u00e0y l\u00e0m vi\u1ec7c. Vui l\u00f2ng li\u00ean l\u1ea1c v\u1edbi ch\u00fang t\u00f4i \u0111\u1ed1i v\u1edbi y\u00eau c\u1ea7u d\u1ecbch tr\u00ean 800 t\u1eeb.<\/p><\/blockquote>\n<div>\n<p><strong>Ph\u00ed d\u1ecbch v\u1ee5 nh\u01b0 sau:<\/strong><\/p>\n<p><strong>D\u00e0nh cho c\u00e1c nh\u00e0 cung c\u1ea5p d\u1ecbch v\u1ee5 c\u00f4ng t\u1eeb c\u00e1c S\u1edf ban ng\u00e0nh c\u1ee7a Ch\u00ednh ph\u1ee7:<\/strong><\/p>\n<ol>\n<li>$2.00 cho m\u1ed7i t\u1eeb ti\u1ebfng Anh sang m\u1ed9t ng\u00f4n ng\u1eef t\u01b0\u01a1ng \u1ee9ng (Ph\u00ed t\u1ed1i thi\u1ec3u l\u00e0 $300).<\/li>\n<li>Mi\u1ec5n ph\u00ed d\u1ecbch v\u1ee5 \u0111\u1ed1i v\u1edbi c\u00e1c NGO v\u00e0 Tr\u01b0\u1eddng h\u1ecdc<\/li>\n<\/ol>\n<p><strong>\u0110\u1ed1i v\u1edbi C\u00e1c \u0111\u01a1n v\u1ecb t\u01b0 nh\u00e2n:<\/strong><\/p>\n<ol>\n<li>$5,00 cho m\u1ed7i t\u1eeb ti\u1ebfng Anh sang m\u1ed9t ng\u00f4n ng\u1eef t\u01b0\u01a1ng \u1ee9ng (Ph\u00ed t\u1ed1i thi\u1ec3u l\u00e0 $300).<\/li>\n<\/ol>\n<\/div>\n<p><img loading=\"lazy\" decoding=\"async\" class=\"alignnone wp-image-2222 size-medium\" src=\"https:\/\/hkcscheer.net\/wp-content\/uploads\/2024\/05\/TS_edited-300x225.jpg\" alt=\"\" width=\"300\" height=\"225\" srcset=\"https:\/\/hkcscheer.net\/wp-content\/uploads\/2024\/05\/TS_edited-300x225.jpg 300w, https:\/\/hkcscheer.net\/wp-content\/uploads\/2024\/05\/TS_edited-1024x768.jpg 1024w, https:\/\/hkcscheer.net\/wp-content\/uploads\/2024\/05\/TS_edited-768x576.jpg 768w, https:\/\/hkcscheer.net\/wp-content\/uploads\/2024\/05\/TS_edited-1536x1152.jpg 1536w, https:\/\/hkcscheer.net\/wp-content\/uploads\/2024\/05\/TS_edited.jpg 1600w\" sizes=\"auto, (max-width: 300px) 100vw, 300px\" \/><\/p>\n<h1><strong>D\u1ecbch v\u1ee5 Hi\u1ec7u \u0111\u00ednh (PS)<\/strong><\/h1>\n<ul>\n<li>Cung c\u1ea5p d\u1ecbch v\u1ee5 hi\u1ec7u \u0111\u00ednh \u0111\u1ed1i v\u1edbi c\u00e1c ng\u00f4n ng\u1eef d\u00e2n t\u1ed9c thi\u1ec3u s\u1ed1 EM t\u01b0\u01a1ng \u1ee9ng.<\/li>\n<li>PS \u0111\u01b0\u1ee3c cung c\u1ea5p THEO Y\u00caU C\u1ea6U C\u1ee6A C\u00c1C NH\u00c0 CUNG C\u1ea4P D\u1ecaCH V\u1ee4 C\u00d4NG v\u00e0;<\/li>\n<li>D\u00e0nh cho c\u00e1c v\u0103n b\u1ea3n KH\u00d4NG CH\u1ee8A THU\u1eacT NG\u1eee CHUY\u00caN NG\u00c0NH\/CHUY\u00caN M\u00d4N<\/li>\n<li>T\u1ea3i <b><br \/>\n  <a href=\"https:\/\/drive.google.com\/file\/d\/1sj5fq4eGVuLgSxi0wD6K36KeSM-FXe7d\/view?usp=sharing\">M\u1eabu \u0111\u01a1n y\u00eau c\u1ea7u d\u1ecbch v\u1ee5 Bi\u00ean d\u1ecbch (TS) v\u00e0 Hi\u1ec7u \u0111\u00ednh (PS)<\/a><br \/>\n<\/b>.<\/li>\n<\/ul>\n<blockquote><p>C\u00e1c nh\u00e0 cung c\u1ea5p d\u1ecbch v\u1ee5 c\u00f4ng c\u00f3 th\u1ec3 \u0111\u1eb7t l\u1ecbch h\u1eb9n qua s\u1ed1 fax (+852 3106 0455), email (<a class=\"autolinked\" href=\"mailto:tis-cheer@hkcs.org\" target=\"_blank\" rel=\"noopener noreferrer\" data-behavior=\"truncate\">tis-cheer@hkcs.org<\/a>) ho\u1eb7c \u0111\u0103ng k\u00fd <a href=\"https:\/\/tis.hkcscheer.net\/tsps\/request\/guest\"><br \/>\n  <strong>tr\u1ef1c tuy\u1ebfn<\/strong><br \/>\n<\/a>. Ph\u1ea3n h\u1ed3i cho y\u00eau c\u1ea7u TS\/PS s\u1ebd \u0111\u01b0\u1ee3c g\u1eedi qua email trong v\u00f2ng 24 gi\u1edd.<\/p><\/blockquote>\n<div>\n<p><strong>Ph\u00ed d\u1ecbch v\u1ee5 nh\u01b0 sau:<\/strong><\/p>\n<p><strong>D\u00e0nh cho c\u00e1c nh\u00e0 cung c\u1ea5p d\u1ecbch v\u1ee5 c\u00f4ng t\u1eeb c\u00e1c S\u1edf ban ng\u00e0nh c\u1ee7a Ch\u00ednh ph\u1ee7:<\/strong><\/p>\n<ol>\n<li>$1.00 cho m\u1ed7i t\u1eeb ng\u00f4n ng\u1eef d\u00e2n t\u1ed9c thi\u1ec3u s\u1ed1 sang Ti\u1ebfng Anh (Ph\u00ed t\u1ed1i thi\u1ec3u l\u00e0 $100).<\/li>\n<li>Mi\u1ec5n ph\u00ed d\u1ecbch v\u1ee5 \u0111\u1ed1i v\u1edbi c\u00e1c NGO v\u00e0 Tr\u01b0\u1eddng h\u1ecdc<\/li>\n<\/ol>\n<p><strong>\u0110\u1ed1i v\u1edbi C\u00e1c \u0111\u01a1n v\u1ecb t\u01b0 nh\u00e2n:<\/strong><\/p>\n<ol>\n<li>$2.00 cho m\u1ed7i t\u1eeb ng\u00f4n ng\u1eef d\u00e2n t\u1ed9c thi\u1ec3u s\u1ed1 sang Ti\u1ebfng Anh (Ph\u00ed t\u1ed1i thi\u1ec3u l\u00e0 $100).<\/li>\n<\/ol>\n<\/div>\n<\/div>\n<\/section>\n","protected":false},"excerpt":{"rendered":"<p>D\u1ecbch v\u1ee5 d\u1ecbch thu\u1eadt (TS) Cung c\u1ea5p b\u1ea3n d\u1ecbch v\u0103n b\u1ea3n giao ti\u1ebfp t\u1eeb ti\u1ebfng Anh sang c\u00e1c ng\u00f4n ng\u1eef d\u00e2n t\u1ed9c thi\u1ec3u s\u1ed1 EM t\u01b0\u01a1ng \u1ee9ng. TS \u0111\u01b0\u1ee3c cung c\u1ea5p THEO Y\u00caU C\u1ea6U C\u1ee6A C\u00c1C NH\u00c0 CUNG C\u1ea4P D\u1ecaCH V\u1ee4 C\u00d4NG v\u00e0; D\u00e0nh cho c\u00e1c v\u0103n b\u1ea3n KH\u00d4NG CH\u1ee8A THU\u1eacT NG\u1eee CHUY\u00caN NG\u00c0NH\/CHUY\u00caN M\u00d4N [&hellip;]<\/p>\n","protected":false},"author":1,"featured_media":0,"parent":1721,"menu_order":0,"comment_status":"closed","ping_status":"closed","template":"","meta":{"footnotes":""},"class_list":["post-1713","page","type-page","status-publish","hentry"],"acf":[],"yoast_head":"<!-- This site is optimized with the Yoast SEO plugin v27.3 - https:\/\/yoast.com\/product\/yoast-seo-wordpress\/ -->\n<title>D\u1ecbch v\u1ee5 d\u1ecbch thu\u1eadt (TS) &amp; D\u1ecbch v\u1ee5 hi\u1ec7u \u0111\u00ednh (PS) - Centre for Harmony and Enhancement of Ethnic Minority Residents (CHEER)<\/title>\n<meta name=\"robots\" content=\"index, follow, max-snippet:-1, max-image-preview:large, max-video-preview:-1\" \/>\n<link rel=\"canonical\" href=\"https:\/\/hkcscheer.net\/vi\/dich-vu-phien-dich-va-bien-dich\/translation-service-ts-proof-reading-service-ps\/\" \/>\n<meta property=\"og:locale\" content=\"vi_VN\" \/>\n<meta property=\"og:type\" content=\"article\" \/>\n<meta property=\"og:title\" content=\"D\u1ecbch v\u1ee5 d\u1ecbch thu\u1eadt (TS) &amp; D\u1ecbch v\u1ee5 hi\u1ec7u \u0111\u00ednh (PS) - Centre for Harmony and Enhancement of Ethnic Minority Residents (CHEER)\" \/>\n<meta property=\"og:description\" content=\"D\u1ecbch v\u1ee5 d\u1ecbch thu\u1eadt (TS) Cung c\u1ea5p b\u1ea3n d\u1ecbch v\u0103n b\u1ea3n giao ti\u1ebfp t\u1eeb ti\u1ebfng Anh sang c\u00e1c ng\u00f4n ng\u1eef d\u00e2n t\u1ed9c thi\u1ec3u s\u1ed1 EM t\u01b0\u01a1ng \u1ee9ng. TS \u0111\u01b0\u1ee3c cung c\u1ea5p THEO Y\u00caU C\u1ea6U C\u1ee6A C\u00c1C NH\u00c0 CUNG C\u1ea4P D\u1ecaCH V\u1ee4 C\u00d4NG v\u00e0; D\u00e0nh cho c\u00e1c v\u0103n b\u1ea3n KH\u00d4NG CH\u1ee8A THU\u1eacT NG\u1eee CHUY\u00caN NG\u00c0NH\/CHUY\u00caN M\u00d4N [&hellip;]\" \/>\n<meta property=\"og:url\" content=\"https:\/\/hkcscheer.net\/vi\/dich-vu-phien-dich-va-bien-dich\/translation-service-ts-proof-reading-service-ps\/\" \/>\n<meta property=\"og:site_name\" content=\"Centre for Harmony and Enhancement of Ethnic Minority Residents (CHEER)\" \/>\n<meta property=\"article:publisher\" content=\"https:\/\/www.facebook.com\/CHEERHKCS\/\" \/>\n<meta property=\"article:modified_time\" content=\"2025-10-06T02:14:21+00:00\" \/>\n<meta property=\"og:image\" content=\"https:\/\/hkcscheer.net\/wp-content\/uploads\/2024\/05\/TS_edited.jpg\" \/>\n\t<meta property=\"og:image:width\" content=\"1600\" \/>\n\t<meta property=\"og:image:height\" content=\"1200\" \/>\n\t<meta property=\"og:image:type\" content=\"image\/jpeg\" \/>\n<meta name=\"twitter:card\" content=\"summary_large_image\" \/>\n<meta name=\"twitter:label1\" content=\"Est. reading time\" \/>\n\t<meta name=\"twitter:data1\" content=\"3 minutes\" \/>\n<script type=\"application\/ld+json\" class=\"yoast-schema-graph\">{\"@context\":\"https:\\\/\\\/schema.org\",\"@graph\":[{\"@type\":\"WebPage\",\"@id\":\"https:\\\/\\\/hkcscheer.net\\\/vi\\\/dich-vu-phien-dich-va-bien-dich\\\/translation-service-ts-proof-reading-service-ps\\\/\",\"url\":\"https:\\\/\\\/hkcscheer.net\\\/vi\\\/dich-vu-phien-dich-va-bien-dich\\\/translation-service-ts-proof-reading-service-ps\\\/\",\"name\":\"D\u1ecbch v\u1ee5 d\u1ecbch thu\u1eadt (TS) &amp; D\u1ecbch v\u1ee5 hi\u1ec7u \u0111\u00ednh (PS) - Centre for Harmony and Enhancement of Ethnic Minority Residents (CHEER)\",\"isPartOf\":{\"@id\":\"https:\\\/\\\/hkcscheer.net\\\/#website\"},\"primaryImageOfPage\":{\"@id\":\"https:\\\/\\\/hkcscheer.net\\\/vi\\\/dich-vu-phien-dich-va-bien-dich\\\/translation-service-ts-proof-reading-service-ps\\\/#primaryimage\"},\"image\":{\"@id\":\"https:\\\/\\\/hkcscheer.net\\\/vi\\\/dich-vu-phien-dich-va-bien-dich\\\/translation-service-ts-proof-reading-service-ps\\\/#primaryimage\"},\"thumbnailUrl\":\"https:\\\/\\\/hkcscheer.net\\\/wp-content\\\/uploads\\\/2024\\\/05\\\/TS_edited-300x225.jpg\",\"datePublished\":\"2023-12-09T21:55:02+00:00\",\"dateModified\":\"2025-10-06T02:14:21+00:00\",\"breadcrumb\":{\"@id\":\"https:\\\/\\\/hkcscheer.net\\\/vi\\\/dich-vu-phien-dich-va-bien-dich\\\/translation-service-ts-proof-reading-service-ps\\\/#breadcrumb\"},\"inLanguage\":\"vi-VN\",\"potentialAction\":[{\"@type\":\"ReadAction\",\"target\":[\"https:\\\/\\\/hkcscheer.net\\\/vi\\\/dich-vu-phien-dich-va-bien-dich\\\/translation-service-ts-proof-reading-service-ps\\\/\"]}]},{\"@type\":\"ImageObject\",\"inLanguage\":\"vi-VN\",\"@id\":\"https:\\\/\\\/hkcscheer.net\\\/vi\\\/dich-vu-phien-dich-va-bien-dich\\\/translation-service-ts-proof-reading-service-ps\\\/#primaryimage\",\"url\":\"https:\\\/\\\/hkcscheer.net\\\/wp-content\\\/uploads\\\/2024\\\/05\\\/TS_edited-300x225.jpg\",\"contentUrl\":\"https:\\\/\\\/hkcscheer.net\\\/wp-content\\\/uploads\\\/2024\\\/05\\\/TS_edited-300x225.jpg\"},{\"@type\":\"BreadcrumbList\",\"@id\":\"https:\\\/\\\/hkcscheer.net\\\/vi\\\/dich-vu-phien-dich-va-bien-dich\\\/translation-service-ts-proof-reading-service-ps\\\/#breadcrumb\",\"itemListElement\":[{\"@type\":\"ListItem\",\"position\":1,\"name\":\"Home\",\"item\":\"https:\\\/\\\/hkcscheer.net\\\/vi\\\/\"},{\"@type\":\"ListItem\",\"position\":2,\"name\":\"D\u1ecbch v\u1ee5 Phi\u00ean d\u1ecbch v\u00e0 Bi\u00ean d\u1ecbch\",\"item\":\"https:\\\/\\\/hkcscheer.net\\\/vi\\\/dich-vu-phien-dich-va-bien-dich\\\/\"},{\"@type\":\"ListItem\",\"position\":3,\"name\":\"D\u1ecbch v\u1ee5 d\u1ecbch thu\u1eadt (TS) &amp; D\u1ecbch v\u1ee5 hi\u1ec7u \u0111\u00ednh (PS)\"}]},{\"@type\":\"WebSite\",\"@id\":\"https:\\\/\\\/hkcscheer.net\\\/#website\",\"url\":\"https:\\\/\\\/hkcscheer.net\\\/\",\"name\":\"Centre for Harmony and Enhancement of Ethnic Minority Residents (CHEER)\",\"description\":\"Centre for Harmony and Enhancement of Ethnic Minority Residents (CHEER)\",\"publisher\":{\"@id\":\"https:\\\/\\\/hkcscheer.net\\\/#organization\"},\"potentialAction\":[{\"@type\":\"SearchAction\",\"target\":{\"@type\":\"EntryPoint\",\"urlTemplate\":\"https:\\\/\\\/hkcscheer.net\\\/?s={search_term_string}\"},\"query-input\":{\"@type\":\"PropertyValueSpecification\",\"valueRequired\":true,\"valueName\":\"search_term_string\"}}],\"inLanguage\":\"vi-VN\"},{\"@type\":\"Organization\",\"@id\":\"https:\\\/\\\/hkcscheer.net\\\/#organization\",\"name\":\"Centre for Harmony and Enhancement of Ethnic Minority Residents (CHEER)\",\"url\":\"https:\\\/\\\/hkcscheer.net\\\/\",\"logo\":{\"@type\":\"ImageObject\",\"inLanguage\":\"vi-VN\",\"@id\":\"https:\\\/\\\/hkcscheer.net\\\/#\\\/schema\\\/logo\\\/image\\\/\",\"url\":\"https:\\\/\\\/hkcscheer.net\\\/wp-content\\\/uploads\\\/2024\\\/08\\\/Site-Logo.jpg\",\"contentUrl\":\"https:\\\/\\\/hkcscheer.net\\\/wp-content\\\/uploads\\\/2024\\\/08\\\/Site-Logo.jpg\",\"width\":512,\"height\":512,\"caption\":\"Centre for Harmony and Enhancement of Ethnic Minority Residents (CHEER)\"},\"image\":{\"@id\":\"https:\\\/\\\/hkcscheer.net\\\/#\\\/schema\\\/logo\\\/image\\\/\"},\"sameAs\":[\"https:\\\/\\\/www.facebook.com\\\/CHEERHKCS\\\/\",\"https:\\\/\\\/www.instagram.com\\\/hkcs_cheer\"]}]}<\/script>\n<!-- \/ Yoast SEO plugin. -->","yoast_head_json":{"title":"D\u1ecbch v\u1ee5 d\u1ecbch thu\u1eadt (TS) &amp; D\u1ecbch v\u1ee5 hi\u1ec7u \u0111\u00ednh (PS) - Centre for Harmony and Enhancement of Ethnic Minority Residents (CHEER)","robots":{"index":"index","follow":"follow","max-snippet":"max-snippet:-1","max-image-preview":"max-image-preview:large","max-video-preview":"max-video-preview:-1"},"canonical":"https:\/\/hkcscheer.net\/vi\/dich-vu-phien-dich-va-bien-dich\/translation-service-ts-proof-reading-service-ps\/","og_locale":"vi_VN","og_type":"article","og_title":"D\u1ecbch v\u1ee5 d\u1ecbch thu\u1eadt (TS) &amp; D\u1ecbch v\u1ee5 hi\u1ec7u \u0111\u00ednh (PS) - Centre for Harmony and Enhancement of Ethnic Minority Residents (CHEER)","og_description":"D\u1ecbch v\u1ee5 d\u1ecbch thu\u1eadt (TS) Cung c\u1ea5p b\u1ea3n d\u1ecbch v\u0103n b\u1ea3n giao ti\u1ebfp t\u1eeb ti\u1ebfng Anh sang c\u00e1c ng\u00f4n ng\u1eef d\u00e2n t\u1ed9c thi\u1ec3u s\u1ed1 EM t\u01b0\u01a1ng \u1ee9ng. TS \u0111\u01b0\u1ee3c cung c\u1ea5p THEO Y\u00caU C\u1ea6U C\u1ee6A C\u00c1C NH\u00c0 CUNG C\u1ea4P D\u1ecaCH V\u1ee4 C\u00d4NG v\u00e0; D\u00e0nh cho c\u00e1c v\u0103n b\u1ea3n KH\u00d4NG CH\u1ee8A THU\u1eacT NG\u1eee CHUY\u00caN NG\u00c0NH\/CHUY\u00caN M\u00d4N [&hellip;]","og_url":"https:\/\/hkcscheer.net\/vi\/dich-vu-phien-dich-va-bien-dich\/translation-service-ts-proof-reading-service-ps\/","og_site_name":"Centre for Harmony and Enhancement of Ethnic Minority Residents (CHEER)","article_publisher":"https:\/\/www.facebook.com\/CHEERHKCS\/","article_modified_time":"2025-10-06T02:14:21+00:00","og_image":[{"width":1600,"height":1200,"url":"https:\/\/hkcscheer.net\/wp-content\/uploads\/2024\/05\/TS_edited.jpg","type":"image\/jpeg"}],"twitter_card":"summary_large_image","twitter_misc":{"Est. reading time":"3 minutes"},"schema":{"@context":"https:\/\/schema.org","@graph":[{"@type":"WebPage","@id":"https:\/\/hkcscheer.net\/vi\/dich-vu-phien-dich-va-bien-dich\/translation-service-ts-proof-reading-service-ps\/","url":"https:\/\/hkcscheer.net\/vi\/dich-vu-phien-dich-va-bien-dich\/translation-service-ts-proof-reading-service-ps\/","name":"D\u1ecbch v\u1ee5 d\u1ecbch thu\u1eadt (TS) &amp; D\u1ecbch v\u1ee5 hi\u1ec7u \u0111\u00ednh (PS) - Centre for Harmony and Enhancement of Ethnic Minority Residents (CHEER)","isPartOf":{"@id":"https:\/\/hkcscheer.net\/#website"},"primaryImageOfPage":{"@id":"https:\/\/hkcscheer.net\/vi\/dich-vu-phien-dich-va-bien-dich\/translation-service-ts-proof-reading-service-ps\/#primaryimage"},"image":{"@id":"https:\/\/hkcscheer.net\/vi\/dich-vu-phien-dich-va-bien-dich\/translation-service-ts-proof-reading-service-ps\/#primaryimage"},"thumbnailUrl":"https:\/\/hkcscheer.net\/wp-content\/uploads\/2024\/05\/TS_edited-300x225.jpg","datePublished":"2023-12-09T21:55:02+00:00","dateModified":"2025-10-06T02:14:21+00:00","breadcrumb":{"@id":"https:\/\/hkcscheer.net\/vi\/dich-vu-phien-dich-va-bien-dich\/translation-service-ts-proof-reading-service-ps\/#breadcrumb"},"inLanguage":"vi-VN","potentialAction":[{"@type":"ReadAction","target":["https:\/\/hkcscheer.net\/vi\/dich-vu-phien-dich-va-bien-dich\/translation-service-ts-proof-reading-service-ps\/"]}]},{"@type":"ImageObject","inLanguage":"vi-VN","@id":"https:\/\/hkcscheer.net\/vi\/dich-vu-phien-dich-va-bien-dich\/translation-service-ts-proof-reading-service-ps\/#primaryimage","url":"https:\/\/hkcscheer.net\/wp-content\/uploads\/2024\/05\/TS_edited-300x225.jpg","contentUrl":"https:\/\/hkcscheer.net\/wp-content\/uploads\/2024\/05\/TS_edited-300x225.jpg"},{"@type":"BreadcrumbList","@id":"https:\/\/hkcscheer.net\/vi\/dich-vu-phien-dich-va-bien-dich\/translation-service-ts-proof-reading-service-ps\/#breadcrumb","itemListElement":[{"@type":"ListItem","position":1,"name":"Home","item":"https:\/\/hkcscheer.net\/vi\/"},{"@type":"ListItem","position":2,"name":"D\u1ecbch v\u1ee5 Phi\u00ean d\u1ecbch v\u00e0 Bi\u00ean d\u1ecbch","item":"https:\/\/hkcscheer.net\/vi\/dich-vu-phien-dich-va-bien-dich\/"},{"@type":"ListItem","position":3,"name":"D\u1ecbch v\u1ee5 d\u1ecbch thu\u1eadt (TS) &amp; D\u1ecbch v\u1ee5 hi\u1ec7u \u0111\u00ednh (PS)"}]},{"@type":"WebSite","@id":"https:\/\/hkcscheer.net\/#website","url":"https:\/\/hkcscheer.net\/","name":"Centre for Harmony and Enhancement of Ethnic Minority Residents (CHEER)","description":"Centre for Harmony and Enhancement of Ethnic Minority Residents (CHEER)","publisher":{"@id":"https:\/\/hkcscheer.net\/#organization"},"potentialAction":[{"@type":"SearchAction","target":{"@type":"EntryPoint","urlTemplate":"https:\/\/hkcscheer.net\/?s={search_term_string}"},"query-input":{"@type":"PropertyValueSpecification","valueRequired":true,"valueName":"search_term_string"}}],"inLanguage":"vi-VN"},{"@type":"Organization","@id":"https:\/\/hkcscheer.net\/#organization","name":"Centre for Harmony and Enhancement of Ethnic Minority Residents (CHEER)","url":"https:\/\/hkcscheer.net\/","logo":{"@type":"ImageObject","inLanguage":"vi-VN","@id":"https:\/\/hkcscheer.net\/#\/schema\/logo\/image\/","url":"https:\/\/hkcscheer.net\/wp-content\/uploads\/2024\/08\/Site-Logo.jpg","contentUrl":"https:\/\/hkcscheer.net\/wp-content\/uploads\/2024\/08\/Site-Logo.jpg","width":512,"height":512,"caption":"Centre for Harmony and Enhancement of Ethnic Minority Residents (CHEER)"},"image":{"@id":"https:\/\/hkcscheer.net\/#\/schema\/logo\/image\/"},"sameAs":["https:\/\/www.facebook.com\/CHEERHKCS\/","https:\/\/www.instagram.com\/hkcs_cheer"]}]}},"featured_image_src":null,"featured_image_src_square":null,"_links":{"self":[{"href":"https:\/\/hkcscheer.net\/vi\/wp-json\/wp\/v2\/pages\/1713","targetHints":{"allow":["GET"]}}],"collection":[{"href":"https:\/\/hkcscheer.net\/vi\/wp-json\/wp\/v2\/pages"}],"about":[{"href":"https:\/\/hkcscheer.net\/vi\/wp-json\/wp\/v2\/types\/page"}],"author":[{"embeddable":true,"href":"https:\/\/hkcscheer.net\/vi\/wp-json\/wp\/v2\/users\/1"}],"replies":[{"embeddable":true,"href":"https:\/\/hkcscheer.net\/vi\/wp-json\/wp\/v2\/comments?post=1713"}],"version-history":[{"count":0,"href":"https:\/\/hkcscheer.net\/vi\/wp-json\/wp\/v2\/pages\/1713\/revisions"}],"up":[{"embeddable":true,"href":"https:\/\/hkcscheer.net\/vi\/wp-json\/wp\/v2\/pages\/1721"}],"wp:attachment":[{"href":"https:\/\/hkcscheer.net\/vi\/wp-json\/wp\/v2\/media?parent=1713"}],"curies":[{"name":"wp","href":"https:\/\/api.w.org\/{rel}","templated":true}]}}