{"id":1707,"date":"2023-12-22T13:55:11","date_gmt":"2023-12-22T05:55:11","guid":{"rendered":"https:\/\/hkcscheer.net\/dich-vu-dich-thi-giac-cho-cac-nha-cung-cap-dich-vu-sts\/"},"modified":"2025-10-03T10:47:40","modified_gmt":"2025-10-03T02:47:40","slug":"sight-translation-service-for-service-providers-sts","status":"publish","type":"page","link":"https:\/\/hkcscheer.net\/vi\/dich-vu-phien-dich-va-bien-dich\/sight-translation-service-for-service-providers-sts\/","title":{"rendered":"D\u1ecbch v\u1ee5 D\u1ecbch Th\u1ecb gi\u00e1c cho c\u00e1c Nh\u00e0 Cung c\u1ea5p d\u1ecbch v\u1ee5 (STS)"},"content":{"rendered":"<ul>\n<li>Phi\u00ean d\u1ecbch b\u1eb1ng l\u1eddi n\u00f3i n\u1ed9i dung t\u00e0i li\u1ec7u\/ch\u1ee9ng ch\u1ec9 t\u1eeb 8 ng\u00f4n ng\u1eef D\u00e2n t\u1ed9c Thi\u1ec3u s\u1ed1 EM sang ti\u1ebfng Anh. (Kh\u00f4ng qu\u00e1 2 trang A4).<\/li>\n<li>Kh\u00f4ng c\u00f3 d\u1ecbch v\u1ee5 d\u1ecbch v\u0103n b\u1ea3n ho\u1eb7c d\u1ecbch c\u00f4ng ch\u1ee9ng\/ch\u1ee9ng nh\u1eadn<\/li>\n<\/ul>\n<div><strong>D\u00e0nh cho c\u00e1c nh\u00e0 cung c\u1ea5p d\u1ecbch v\u1ee5 c\u00f4ng<\/strong><\/div>\n<blockquote><p>C\u00e1c nh\u00e0 cung c\u1ea5p d\u1ecbch v\u1ee5 c\u00f4ng c\u00f3 th\u1ec3 \u0111\u1eb7t l\u1ecbch h\u1eb9n qua s\u1ed1 fax (+852 3106 0455), email (<a class=\"autolinked\" href=\"mailto:tis-cheer@hkcs.org\" target=\"_blank\" rel=\"noopener noreferrer\" data-behavior=\"truncate\">tis-cheer@hkcs.org<\/a>) ho\u1eb7c \u0111\u0103ng k\u00fd <strong><br \/>\n  <a href=\"https:\/\/tis.hkcscheer.net\/sts\/request\/guest\">tr\u1ef1c tuy\u1ebfn<\/a><br \/>\n<\/strong> tr\u01b0\u1edbc \u00edt nh\u1ea5t 24 gi\u1edd. Ph\u1ea3n h\u1ed3i cho y\u00eau c\u1ea7u STS s\u1ebd \u0111\u01b0\u1ee3c g\u1eedi qua email trong v\u00f2ng 24 gi\u1edd.<\/p><\/blockquote>\n<ul>\n<li>T\u1ea3i <strong><br \/>\n  <a href=\"https:\/\/drive.google.com\/file\/d\/1PsL52RlOCb-X7GzFmPZoJvE0IAM9NPZM\/view?usp=sharing\">M\u1eabu \u0111\u01a1n Y\u00eau c\u1ea7u D\u1ecbch v\u1ee5 STS<\/a><br \/>\n<\/strong>.<\/li>\n<li>Email ho\u1eb7c g\u1ecdi \u0111\u1ebfn 31063104 cho ch\u00fang t\u00f4i \u0111\u1ec3 bi\u1ebft th\u00eam chi ti\u1ebft<\/li>\n<li><strong>Mi\u1ec5n ph\u00ed<\/strong><\/li>\n<\/ul>\n<blockquote><p>Th\u1ee9 Hai \u0111\u1ebfn Ch\u1ee7 nh\u1eadt: 8h s\u00e1ng &#8211; 10h t\u1ed1i (ngo\u1ea1i tr\u1eeb ng\u00e0y l\u1ec5)<\/p><\/blockquote>\n","protected":false},"excerpt":{"rendered":"<p>Phi\u00ean d\u1ecbch b\u1eb1ng l\u1eddi n\u00f3i n\u1ed9i dung t\u00e0i li\u1ec7u\/ch\u1ee9ng ch\u1ec9 t\u1eeb 8 ng\u00f4n ng\u1eef D\u00e2n t\u1ed9c Thi\u1ec3u s\u1ed1 EM sang ti\u1ebfng Anh. (Kh\u00f4ng qu\u00e1 2 trang A4). Kh\u00f4ng c\u00f3 d\u1ecbch v\u1ee5 d\u1ecbch v\u0103n b\u1ea3n ho\u1eb7c d\u1ecbch c\u00f4ng ch\u1ee9ng\/ch\u1ee9ng nh\u1eadn D\u00e0nh cho c\u00e1c nh\u00e0 cung c\u1ea5p d\u1ecbch v\u1ee5 c\u00f4ng C\u00e1c nh\u00e0 cung c\u1ea5p d\u1ecbch v\u1ee5 c\u00f4ng [&hellip;]<\/p>\n","protected":false},"author":1,"featured_media":0,"parent":1721,"menu_order":0,"comment_status":"closed","ping_status":"closed","template":"","meta":{"footnotes":""},"class_list":["post-1707","page","type-page","status-publish","hentry"],"acf":[],"yoast_head":"<!-- This site is optimized with the Yoast SEO plugin v27.4 - https:\/\/yoast.com\/product\/yoast-seo-wordpress\/ -->\n<title>D\u1ecbch v\u1ee5 D\u1ecbch Th\u1ecb gi\u00e1c cho c\u00e1c Nh\u00e0 Cung c\u1ea5p d\u1ecbch v\u1ee5 (STS) - Centre for Harmony and Enhancement of Ethnic Minority Residents (CHEER)<\/title>\n<meta name=\"robots\" content=\"index, follow, max-snippet:-1, max-image-preview:large, max-video-preview:-1\" \/>\n<link rel=\"canonical\" href=\"https:\/\/hkcscheer.net\/vi\/dich-vu-phien-dich-va-bien-dich\/sight-translation-service-for-service-providers-sts\/\" \/>\n<meta property=\"og:locale\" content=\"vi_VN\" \/>\n<meta property=\"og:type\" content=\"article\" \/>\n<meta property=\"og:title\" content=\"D\u1ecbch v\u1ee5 D\u1ecbch Th\u1ecb gi\u00e1c cho c\u00e1c Nh\u00e0 Cung c\u1ea5p d\u1ecbch v\u1ee5 (STS) - Centre for Harmony and Enhancement of Ethnic Minority Residents (CHEER)\" \/>\n<meta property=\"og:description\" content=\"Phi\u00ean d\u1ecbch b\u1eb1ng l\u1eddi n\u00f3i n\u1ed9i dung t\u00e0i li\u1ec7u\/ch\u1ee9ng ch\u1ec9 t\u1eeb 8 ng\u00f4n ng\u1eef D\u00e2n t\u1ed9c Thi\u1ec3u s\u1ed1 EM sang ti\u1ebfng Anh. (Kh\u00f4ng qu\u00e1 2 trang A4). Kh\u00f4ng c\u00f3 d\u1ecbch v\u1ee5 d\u1ecbch v\u0103n b\u1ea3n ho\u1eb7c d\u1ecbch c\u00f4ng ch\u1ee9ng\/ch\u1ee9ng nh\u1eadn D\u00e0nh cho c\u00e1c nh\u00e0 cung c\u1ea5p d\u1ecbch v\u1ee5 c\u00f4ng C\u00e1c nh\u00e0 cung c\u1ea5p d\u1ecbch v\u1ee5 c\u00f4ng [&hellip;]\" \/>\n<meta property=\"og:url\" content=\"https:\/\/hkcscheer.net\/vi\/dich-vu-phien-dich-va-bien-dich\/sight-translation-service-for-service-providers-sts\/\" \/>\n<meta property=\"og:site_name\" content=\"Centre for Harmony and Enhancement of Ethnic Minority Residents (CHEER)\" \/>\n<meta property=\"article:publisher\" content=\"https:\/\/www.facebook.com\/CHEERHKCS\/\" \/>\n<meta property=\"article:modified_time\" content=\"2025-10-03T02:47:40+00:00\" \/>\n<meta name=\"twitter:card\" content=\"summary_large_image\" \/>\n<meta name=\"twitter:label1\" content=\"Est. reading time\" \/>\n\t<meta name=\"twitter:data1\" content=\"1 minute\" \/>\n<script type=\"application\/ld+json\" class=\"yoast-schema-graph\">{\"@context\":\"https:\\\/\\\/schema.org\",\"@graph\":[{\"@type\":\"WebPage\",\"@id\":\"https:\\\/\\\/hkcscheer.net\\\/vi\\\/dich-vu-phien-dich-va-bien-dich\\\/sight-translation-service-for-service-providers-sts\\\/\",\"url\":\"https:\\\/\\\/hkcscheer.net\\\/vi\\\/dich-vu-phien-dich-va-bien-dich\\\/sight-translation-service-for-service-providers-sts\\\/\",\"name\":\"D\u1ecbch v\u1ee5 D\u1ecbch Th\u1ecb gi\u00e1c cho c\u00e1c Nh\u00e0 Cung c\u1ea5p d\u1ecbch v\u1ee5 (STS) - Centre for Harmony and Enhancement of Ethnic Minority Residents (CHEER)\",\"isPartOf\":{\"@id\":\"https:\\\/\\\/hkcscheer.net\\\/#website\"},\"datePublished\":\"2023-12-22T05:55:11+00:00\",\"dateModified\":\"2025-10-03T02:47:40+00:00\",\"breadcrumb\":{\"@id\":\"https:\\\/\\\/hkcscheer.net\\\/vi\\\/dich-vu-phien-dich-va-bien-dich\\\/sight-translation-service-for-service-providers-sts\\\/#breadcrumb\"},\"inLanguage\":\"vi-VN\",\"potentialAction\":[{\"@type\":\"ReadAction\",\"target\":[\"https:\\\/\\\/hkcscheer.net\\\/vi\\\/dich-vu-phien-dich-va-bien-dich\\\/sight-translation-service-for-service-providers-sts\\\/\"]}]},{\"@type\":\"BreadcrumbList\",\"@id\":\"https:\\\/\\\/hkcscheer.net\\\/vi\\\/dich-vu-phien-dich-va-bien-dich\\\/sight-translation-service-for-service-providers-sts\\\/#breadcrumb\",\"itemListElement\":[{\"@type\":\"ListItem\",\"position\":1,\"name\":\"Home\",\"item\":\"https:\\\/\\\/hkcscheer.net\\\/vi\\\/\"},{\"@type\":\"ListItem\",\"position\":2,\"name\":\"D\u1ecbch v\u1ee5 Phi\u00ean d\u1ecbch v\u00e0 Bi\u00ean d\u1ecbch\",\"item\":\"https:\\\/\\\/hkcscheer.net\\\/vi\\\/dich-vu-phien-dich-va-bien-dich\\\/\"},{\"@type\":\"ListItem\",\"position\":3,\"name\":\"D\u1ecbch v\u1ee5 D\u1ecbch Th\u1ecb gi\u00e1c cho c\u00e1c Nh\u00e0 Cung c\u1ea5p d\u1ecbch v\u1ee5 (STS)\"}]},{\"@type\":\"WebSite\",\"@id\":\"https:\\\/\\\/hkcscheer.net\\\/#website\",\"url\":\"https:\\\/\\\/hkcscheer.net\\\/\",\"name\":\"Centre for Harmony and Enhancement of Ethnic Minority Residents (CHEER)\",\"description\":\"Centre for Harmony and Enhancement of Ethnic Minority Residents (CHEER)\",\"publisher\":{\"@id\":\"https:\\\/\\\/hkcscheer.net\\\/#organization\"},\"potentialAction\":[{\"@type\":\"SearchAction\",\"target\":{\"@type\":\"EntryPoint\",\"urlTemplate\":\"https:\\\/\\\/hkcscheer.net\\\/?s={search_term_string}\"},\"query-input\":{\"@type\":\"PropertyValueSpecification\",\"valueRequired\":true,\"valueName\":\"search_term_string\"}}],\"inLanguage\":\"vi-VN\"},{\"@type\":\"Organization\",\"@id\":\"https:\\\/\\\/hkcscheer.net\\\/#organization\",\"name\":\"Centre for Harmony and Enhancement of Ethnic Minority Residents (CHEER)\",\"url\":\"https:\\\/\\\/hkcscheer.net\\\/\",\"logo\":{\"@type\":\"ImageObject\",\"inLanguage\":\"vi-VN\",\"@id\":\"https:\\\/\\\/hkcscheer.net\\\/#\\\/schema\\\/logo\\\/image\\\/\",\"url\":\"https:\\\/\\\/hkcscheer.net\\\/wp-content\\\/uploads\\\/2024\\\/08\\\/Site-Logo.jpg\",\"contentUrl\":\"https:\\\/\\\/hkcscheer.net\\\/wp-content\\\/uploads\\\/2024\\\/08\\\/Site-Logo.jpg\",\"width\":512,\"height\":512,\"caption\":\"Centre for Harmony and Enhancement of Ethnic Minority Residents (CHEER)\"},\"image\":{\"@id\":\"https:\\\/\\\/hkcscheer.net\\\/#\\\/schema\\\/logo\\\/image\\\/\"},\"sameAs\":[\"https:\\\/\\\/www.facebook.com\\\/CHEERHKCS\\\/\",\"https:\\\/\\\/www.instagram.com\\\/hkcs_cheer\"]}]}<\/script>\n<!-- \/ Yoast SEO plugin. -->","yoast_head_json":{"title":"D\u1ecbch v\u1ee5 D\u1ecbch Th\u1ecb gi\u00e1c cho c\u00e1c Nh\u00e0 Cung c\u1ea5p d\u1ecbch v\u1ee5 (STS) - Centre for Harmony and Enhancement of Ethnic Minority Residents (CHEER)","robots":{"index":"index","follow":"follow","max-snippet":"max-snippet:-1","max-image-preview":"max-image-preview:large","max-video-preview":"max-video-preview:-1"},"canonical":"https:\/\/hkcscheer.net\/vi\/dich-vu-phien-dich-va-bien-dich\/sight-translation-service-for-service-providers-sts\/","og_locale":"vi_VN","og_type":"article","og_title":"D\u1ecbch v\u1ee5 D\u1ecbch Th\u1ecb gi\u00e1c cho c\u00e1c Nh\u00e0 Cung c\u1ea5p d\u1ecbch v\u1ee5 (STS) - Centre for Harmony and Enhancement of Ethnic Minority Residents (CHEER)","og_description":"Phi\u00ean d\u1ecbch b\u1eb1ng l\u1eddi n\u00f3i n\u1ed9i dung t\u00e0i li\u1ec7u\/ch\u1ee9ng ch\u1ec9 t\u1eeb 8 ng\u00f4n ng\u1eef D\u00e2n t\u1ed9c Thi\u1ec3u s\u1ed1 EM sang ti\u1ebfng Anh. (Kh\u00f4ng qu\u00e1 2 trang A4). Kh\u00f4ng c\u00f3 d\u1ecbch v\u1ee5 d\u1ecbch v\u0103n b\u1ea3n ho\u1eb7c d\u1ecbch c\u00f4ng ch\u1ee9ng\/ch\u1ee9ng nh\u1eadn D\u00e0nh cho c\u00e1c nh\u00e0 cung c\u1ea5p d\u1ecbch v\u1ee5 c\u00f4ng C\u00e1c nh\u00e0 cung c\u1ea5p d\u1ecbch v\u1ee5 c\u00f4ng [&hellip;]","og_url":"https:\/\/hkcscheer.net\/vi\/dich-vu-phien-dich-va-bien-dich\/sight-translation-service-for-service-providers-sts\/","og_site_name":"Centre for Harmony and Enhancement of Ethnic Minority Residents (CHEER)","article_publisher":"https:\/\/www.facebook.com\/CHEERHKCS\/","article_modified_time":"2025-10-03T02:47:40+00:00","twitter_card":"summary_large_image","twitter_misc":{"Est. reading time":"1 minute"},"schema":{"@context":"https:\/\/schema.org","@graph":[{"@type":"WebPage","@id":"https:\/\/hkcscheer.net\/vi\/dich-vu-phien-dich-va-bien-dich\/sight-translation-service-for-service-providers-sts\/","url":"https:\/\/hkcscheer.net\/vi\/dich-vu-phien-dich-va-bien-dich\/sight-translation-service-for-service-providers-sts\/","name":"D\u1ecbch v\u1ee5 D\u1ecbch Th\u1ecb gi\u00e1c cho c\u00e1c Nh\u00e0 Cung c\u1ea5p d\u1ecbch v\u1ee5 (STS) - Centre for Harmony and Enhancement of Ethnic Minority Residents (CHEER)","isPartOf":{"@id":"https:\/\/hkcscheer.net\/#website"},"datePublished":"2023-12-22T05:55:11+00:00","dateModified":"2025-10-03T02:47:40+00:00","breadcrumb":{"@id":"https:\/\/hkcscheer.net\/vi\/dich-vu-phien-dich-va-bien-dich\/sight-translation-service-for-service-providers-sts\/#breadcrumb"},"inLanguage":"vi-VN","potentialAction":[{"@type":"ReadAction","target":["https:\/\/hkcscheer.net\/vi\/dich-vu-phien-dich-va-bien-dich\/sight-translation-service-for-service-providers-sts\/"]}]},{"@type":"BreadcrumbList","@id":"https:\/\/hkcscheer.net\/vi\/dich-vu-phien-dich-va-bien-dich\/sight-translation-service-for-service-providers-sts\/#breadcrumb","itemListElement":[{"@type":"ListItem","position":1,"name":"Home","item":"https:\/\/hkcscheer.net\/vi\/"},{"@type":"ListItem","position":2,"name":"D\u1ecbch v\u1ee5 Phi\u00ean d\u1ecbch v\u00e0 Bi\u00ean d\u1ecbch","item":"https:\/\/hkcscheer.net\/vi\/dich-vu-phien-dich-va-bien-dich\/"},{"@type":"ListItem","position":3,"name":"D\u1ecbch v\u1ee5 D\u1ecbch Th\u1ecb gi\u00e1c cho c\u00e1c Nh\u00e0 Cung c\u1ea5p d\u1ecbch v\u1ee5 (STS)"}]},{"@type":"WebSite","@id":"https:\/\/hkcscheer.net\/#website","url":"https:\/\/hkcscheer.net\/","name":"Centre for Harmony and Enhancement of Ethnic Minority Residents (CHEER)","description":"Centre for Harmony and Enhancement of Ethnic Minority Residents (CHEER)","publisher":{"@id":"https:\/\/hkcscheer.net\/#organization"},"potentialAction":[{"@type":"SearchAction","target":{"@type":"EntryPoint","urlTemplate":"https:\/\/hkcscheer.net\/?s={search_term_string}"},"query-input":{"@type":"PropertyValueSpecification","valueRequired":true,"valueName":"search_term_string"}}],"inLanguage":"vi-VN"},{"@type":"Organization","@id":"https:\/\/hkcscheer.net\/#organization","name":"Centre for Harmony and Enhancement of Ethnic Minority Residents (CHEER)","url":"https:\/\/hkcscheer.net\/","logo":{"@type":"ImageObject","inLanguage":"vi-VN","@id":"https:\/\/hkcscheer.net\/#\/schema\/logo\/image\/","url":"https:\/\/hkcscheer.net\/wp-content\/uploads\/2024\/08\/Site-Logo.jpg","contentUrl":"https:\/\/hkcscheer.net\/wp-content\/uploads\/2024\/08\/Site-Logo.jpg","width":512,"height":512,"caption":"Centre for Harmony and Enhancement of Ethnic Minority Residents (CHEER)"},"image":{"@id":"https:\/\/hkcscheer.net\/#\/schema\/logo\/image\/"},"sameAs":["https:\/\/www.facebook.com\/CHEERHKCS\/","https:\/\/www.instagram.com\/hkcs_cheer"]}]}},"featured_image_src":null,"featured_image_src_square":null,"_links":{"self":[{"href":"https:\/\/hkcscheer.net\/vi\/wp-json\/wp\/v2\/pages\/1707","targetHints":{"allow":["GET"]}}],"collection":[{"href":"https:\/\/hkcscheer.net\/vi\/wp-json\/wp\/v2\/pages"}],"about":[{"href":"https:\/\/hkcscheer.net\/vi\/wp-json\/wp\/v2\/types\/page"}],"author":[{"embeddable":true,"href":"https:\/\/hkcscheer.net\/vi\/wp-json\/wp\/v2\/users\/1"}],"replies":[{"embeddable":true,"href":"https:\/\/hkcscheer.net\/vi\/wp-json\/wp\/v2\/comments?post=1707"}],"version-history":[{"count":0,"href":"https:\/\/hkcscheer.net\/vi\/wp-json\/wp\/v2\/pages\/1707\/revisions"}],"up":[{"embeddable":true,"href":"https:\/\/hkcscheer.net\/vi\/wp-json\/wp\/v2\/pages\/1721"}],"wp:attachment":[{"href":"https:\/\/hkcscheer.net\/vi\/wp-json\/wp\/v2\/media?parent=1707"}],"curies":[{"name":"wp","href":"https:\/\/api.w.org\/{rel}","templated":true}]}}