{"id":1705,"date":"2023-12-22T14:14:10","date_gmt":"2023-12-22T06:14:10","guid":{"rendered":"https:\/\/hkcscheer.net\/dich-vu-phien-dich-tai-cho-ois\/"},"modified":"2025-10-03T10:45:06","modified_gmt":"2025-10-03T02:45:06","slug":"on-site-interpretation-service-ois","status":"publish","type":"page","link":"https:\/\/hkcscheer.net\/vi\/dich-vu-phien-dich-va-bien-dich\/on-site-interpretation-service-ois\/","title":{"rendered":"D\u1ecbch v\u1ee5 Phi\u00ean d\u1ecbch t\u1ea1i ch\u1ed7 (OIS)"},"content":{"rendered":"<header class=\"message__header\"><\/header>\n<section class=\"push_double--top\">\n<div class=\"formatted_content formatted_content--large\">\n<ul>\n<li>Phi\u00ean d\u1ecbch tr\u1ef1c ti\u1ebfp l\u00e0 khi phi\u00ean d\u1ecbch vi\u00ean c\u1ee7a ch\u00fang t\u00f4i c\u00f3 m\u1eb7t \u1edf c\u00f9ng \u0111\u1ecba \u0111i\u1ec3m v\u1edbi c\u00e1c nh\u00e0 cung c\u1ea5p d\u1ecbch v\u1ee5 c\u00f4ng v\u00e0 c\u01b0 d\u00e2n D\u00e2n t\u1ed9c Thi\u1ec3u s\u1ed1 EM<\/li>\n<li>OIS \u0111\u01b0\u1ee3c cung c\u1ea5p D\u1ef0A TR\u00caN Y\u00caU C\u1ea6U C\u1ee6A C\u00c1C NH\u00c0 CUNG C\u1ea4P D\u1ecaCH V\u1ee4 C\u00d4NG<\/li>\n<li>T\u1ea3i <strong><br \/>\n  <a href=\"https:\/\/drive.google.com\/file\/d\/1LtuzaOyLheFlrC5Vr8hWFma3zffFzYdl\/view?usp=sharing\">M\u1eabu \u0111\u01a1n Y\u00eau c\u1ea7u D\u1ecbch v\u1ee5 OIS<\/a><br \/>\n<\/strong>.<\/li>\n<\/ul>\n<blockquote><p>C\u00e1c nh\u00e0 cung c\u1ea5p d\u1ecbch v\u1ee5 c\u00f4ng c\u00f3 th\u1ec3 \u0111\u1eb7t l\u1ecbch h\u1eb9n qua s\u1ed1 fax (+852 3106 0455), email (<a class=\"autolinked\" href=\"mailto:tis-cheer@hkcs.org\" target=\"_blank\" rel=\"noopener noreferrer\" data-behavior=\"truncate\">tis-cheer@hkcs.org<\/a>) ho\u1eb7c \u0111\u0103ng k\u00fd <strong><br \/>\n  <a href=\"https:\/\/tis.hkcscheer.net\/ois\/request\/guest\">tr\u1ef1c tuy\u1ebfn<\/a><br \/>\n<\/strong> tr\u01b0\u1edbc \u00edt nh\u1ea5t 24 gi\u1edd. Ph\u1ea3n h\u1ed3i cho y\u00eau c\u1ea7u OIS s\u1ebd \u0111\u01b0\u1ee3c g\u1eedi qua email trong v\u00f2ng 24 gi\u1edd.<\/p><\/blockquote>\n<blockquote><p>Th\u1ee9 Hai \u0111\u1ebfn Th\u1ee9 s\u00e1u: 9h s\u00e1ng\u2013 6h chi\u1ec1u<br \/>\nTh\u1ee9 B\u1ea3y: 9h s\u00e1ng \u2013 2h chi\u1ec1u<br \/>\n*D\u1ecbch v\u1ee5 s\u1ebd \u0111\u01b0\u1ee3c cung c\u1ea5p theo nhu c\u1ea7u ngo\u00e0i gi\u1edd l\u00e0m vi\u1ec7c, tuy nhi\u00ean s\u1ebd \u0111\u00f3ng c\u1eeda v\u00e0o c\u00e1c ng\u00e0y Ngh\u1ec9 L\u1ec5.<\/p><\/blockquote>\n<div><strong>Ph\u00ed d\u1ecbch v\u1ee5 nh\u01b0 sau:<\/strong><\/div>\n<table width=\"519\">\n<tbody>\n<tr>\n<td width=\"108\"><strong> <\/strong><\/td>\n<td width=\"137\">C\u00e1c c\u01a1 quan ch\u00ednh ph\u1ee7 v\u00e0 \u0111\u01a1n v\u1ecb c\u00f4ng<\/td>\n<td width=\"132\">&nbsp;<\/p>\n<p>C\u00e1c \u0111\u01a1n v\u1ecb t\u01b0 nh\u00e2n<\/td>\n<td width=\"142\">Tr\u01b0\u1eddng h\u1ecdc v\u00e0 c\u00e1c T\u1ed5 ch\u1ee9c Phi ch\u00ednh ph\u1ee7 NGOs<\/td>\n<\/tr>\n<tr>\n<td width=\"108\">Trong Gi\u1edd l\u00e0m vi\u1ec7c:<\/td>\n<td width=\"137\">$100 m\u1ed9t gi\u1edd<\/td>\n<td width=\"132\">$300 m\u1ed9t gi\u1edd<\/td>\n<td width=\"142\">Mi\u1ec5n ph\u00ed<\/td>\n<\/tr>\n<tr>\n<td width=\"108\">Ngo\u00e0i Gi\u1edd l\u00e0m vi\u1ec7c:<\/td>\n<td width=\"137\">$200 m\u1ed9t gi\u1edd<\/td>\n<td width=\"132\">$600 m\u1ed9t gi\u1edd<\/td>\n<td width=\"142\">Mi\u1ec5n ph\u00ed<\/td>\n<\/tr>\n<\/tbody>\n<\/table>\n<p><em>Ph\u00ed \u0111\u01b0\u1ee3c t\u00ednh d\u1ef1a tr\u00ean 15 ph\u00fat cho m\u1ed7i \u0111\u01a1n v\u1ecb.<\/em><\/p>\n<p><img loading=\"lazy\" decoding=\"async\" class=\"alignnone wp-image-2093 size-large\" src=\"https:\/\/hkcscheer.net\/wp-content\/uploads\/2024\/05\/DSCF7269-1024x652.jpg\" alt=\"ois\" width=\"960\" height=\"611\" srcset=\"https:\/\/hkcscheer.net\/wp-content\/uploads\/2024\/05\/DSCF7269-1024x652.jpg 1024w, https:\/\/hkcscheer.net\/wp-content\/uploads\/2024\/05\/DSCF7269-300x191.jpg 300w, https:\/\/hkcscheer.net\/wp-content\/uploads\/2024\/05\/DSCF7269-768x489.jpg 768w, https:\/\/hkcscheer.net\/wp-content\/uploads\/2024\/05\/DSCF7269-1536x978.jpg 1536w, https:\/\/hkcscheer.net\/wp-content\/uploads\/2024\/05\/DSCF7269-2048x1305.jpg 2048w\" sizes=\"auto, (max-width: 960px) 100vw, 960px\" \/><\/p>\n<\/div>\n<\/section>\n","protected":false},"excerpt":{"rendered":"<p>Phi\u00ean d\u1ecbch tr\u1ef1c ti\u1ebfp l\u00e0 khi phi\u00ean d\u1ecbch vi\u00ean c\u1ee7a ch\u00fang t\u00f4i c\u00f3 m\u1eb7t \u1edf c\u00f9ng \u0111\u1ecba \u0111i\u1ec3m v\u1edbi c\u00e1c nh\u00e0 cung c\u1ea5p d\u1ecbch v\u1ee5 c\u00f4ng v\u00e0 c\u01b0 d\u00e2n D\u00e2n t\u1ed9c Thi\u1ec3u s\u1ed1 EM OIS \u0111\u01b0\u1ee3c cung c\u1ea5p D\u1ef0A TR\u00caN Y\u00caU C\u1ea6U C\u1ee6A C\u00c1C NH\u00c0 CUNG C\u1ea4P D\u1ecaCH V\u1ee4 C\u00d4NG T\u1ea3i M\u1eabu \u0111\u01a1n Y\u00eau c\u1ea7u [&hellip;]<\/p>\n","protected":false},"author":1,"featured_media":0,"parent":1721,"menu_order":0,"comment_status":"closed","ping_status":"closed","template":"","meta":{"footnotes":""},"class_list":["post-1705","page","type-page","status-publish","hentry"],"acf":[],"yoast_head":"<!-- This site is optimized with the Yoast SEO plugin v27.4 - https:\/\/yoast.com\/product\/yoast-seo-wordpress\/ -->\n<title>D\u1ecbch v\u1ee5 Phi\u00ean d\u1ecbch t\u1ea1i ch\u1ed7 (OIS) - Centre for Harmony and Enhancement of Ethnic Minority Residents (CHEER)<\/title>\n<meta name=\"robots\" content=\"index, follow, max-snippet:-1, max-image-preview:large, max-video-preview:-1\" \/>\n<link rel=\"canonical\" href=\"https:\/\/hkcscheer.net\/vi\/dich-vu-phien-dich-va-bien-dich\/on-site-interpretation-service-ois\/\" \/>\n<meta property=\"og:locale\" content=\"vi_VN\" \/>\n<meta property=\"og:type\" content=\"article\" \/>\n<meta property=\"og:title\" content=\"D\u1ecbch v\u1ee5 Phi\u00ean d\u1ecbch t\u1ea1i ch\u1ed7 (OIS) - Centre for Harmony and Enhancement of Ethnic Minority Residents (CHEER)\" \/>\n<meta property=\"og:description\" content=\"Phi\u00ean d\u1ecbch tr\u1ef1c ti\u1ebfp l\u00e0 khi phi\u00ean d\u1ecbch vi\u00ean c\u1ee7a ch\u00fang t\u00f4i c\u00f3 m\u1eb7t \u1edf c\u00f9ng \u0111\u1ecba \u0111i\u1ec3m v\u1edbi c\u00e1c nh\u00e0 cung c\u1ea5p d\u1ecbch v\u1ee5 c\u00f4ng v\u00e0 c\u01b0 d\u00e2n D\u00e2n t\u1ed9c Thi\u1ec3u s\u1ed1 EM OIS \u0111\u01b0\u1ee3c cung c\u1ea5p D\u1ef0A TR\u00caN Y\u00caU C\u1ea6U C\u1ee6A C\u00c1C NH\u00c0 CUNG C\u1ea4P D\u1ecaCH V\u1ee4 C\u00d4NG T\u1ea3i M\u1eabu \u0111\u01a1n Y\u00eau c\u1ea7u [&hellip;]\" \/>\n<meta property=\"og:url\" content=\"https:\/\/hkcscheer.net\/vi\/dich-vu-phien-dich-va-bien-dich\/on-site-interpretation-service-ois\/\" \/>\n<meta property=\"og:site_name\" content=\"Centre for Harmony and Enhancement of Ethnic Minority Residents (CHEER)\" \/>\n<meta property=\"article:publisher\" content=\"https:\/\/www.facebook.com\/CHEERHKCS\/\" \/>\n<meta property=\"article:modified_time\" content=\"2025-10-03T02:45:06+00:00\" \/>\n<meta property=\"og:image\" content=\"https:\/\/hkcscheer.net\/wp-content\/uploads\/2024\/05\/DSCF7269-scaled.jpg\" \/>\n\t<meta property=\"og:image:width\" content=\"2560\" \/>\n\t<meta property=\"og:image:height\" content=\"1631\" \/>\n\t<meta property=\"og:image:type\" content=\"image\/jpeg\" \/>\n<meta name=\"twitter:card\" content=\"summary_large_image\" \/>\n<meta name=\"twitter:label1\" content=\"Est. reading time\" \/>\n\t<meta name=\"twitter:data1\" content=\"1 minute\" \/>\n<script type=\"application\/ld+json\" class=\"yoast-schema-graph\">{\"@context\":\"https:\\\/\\\/schema.org\",\"@graph\":[{\"@type\":\"WebPage\",\"@id\":\"https:\\\/\\\/hkcscheer.net\\\/vi\\\/dich-vu-phien-dich-va-bien-dich\\\/on-site-interpretation-service-ois\\\/\",\"url\":\"https:\\\/\\\/hkcscheer.net\\\/vi\\\/dich-vu-phien-dich-va-bien-dich\\\/on-site-interpretation-service-ois\\\/\",\"name\":\"D\u1ecbch v\u1ee5 Phi\u00ean d\u1ecbch t\u1ea1i ch\u1ed7 (OIS) - Centre for Harmony and Enhancement of Ethnic Minority Residents (CHEER)\",\"isPartOf\":{\"@id\":\"https:\\\/\\\/hkcscheer.net\\\/#website\"},\"primaryImageOfPage\":{\"@id\":\"https:\\\/\\\/hkcscheer.net\\\/vi\\\/dich-vu-phien-dich-va-bien-dich\\\/on-site-interpretation-service-ois\\\/#primaryimage\"},\"image\":{\"@id\":\"https:\\\/\\\/hkcscheer.net\\\/vi\\\/dich-vu-phien-dich-va-bien-dich\\\/on-site-interpretation-service-ois\\\/#primaryimage\"},\"thumbnailUrl\":\"https:\\\/\\\/hkcscheer.net\\\/wp-content\\\/uploads\\\/2024\\\/05\\\/DSCF7269-1024x652.jpg\",\"datePublished\":\"2023-12-22T06:14:10+00:00\",\"dateModified\":\"2025-10-03T02:45:06+00:00\",\"breadcrumb\":{\"@id\":\"https:\\\/\\\/hkcscheer.net\\\/vi\\\/dich-vu-phien-dich-va-bien-dich\\\/on-site-interpretation-service-ois\\\/#breadcrumb\"},\"inLanguage\":\"vi-VN\",\"potentialAction\":[{\"@type\":\"ReadAction\",\"target\":[\"https:\\\/\\\/hkcscheer.net\\\/vi\\\/dich-vu-phien-dich-va-bien-dich\\\/on-site-interpretation-service-ois\\\/\"]}]},{\"@type\":\"ImageObject\",\"inLanguage\":\"vi-VN\",\"@id\":\"https:\\\/\\\/hkcscheer.net\\\/vi\\\/dich-vu-phien-dich-va-bien-dich\\\/on-site-interpretation-service-ois\\\/#primaryimage\",\"url\":\"https:\\\/\\\/hkcscheer.net\\\/wp-content\\\/uploads\\\/2024\\\/05\\\/DSCF7269-1024x652.jpg\",\"contentUrl\":\"https:\\\/\\\/hkcscheer.net\\\/wp-content\\\/uploads\\\/2024\\\/05\\\/DSCF7269-1024x652.jpg\"},{\"@type\":\"BreadcrumbList\",\"@id\":\"https:\\\/\\\/hkcscheer.net\\\/vi\\\/dich-vu-phien-dich-va-bien-dich\\\/on-site-interpretation-service-ois\\\/#breadcrumb\",\"itemListElement\":[{\"@type\":\"ListItem\",\"position\":1,\"name\":\"Home\",\"item\":\"https:\\\/\\\/hkcscheer.net\\\/vi\\\/\"},{\"@type\":\"ListItem\",\"position\":2,\"name\":\"D\u1ecbch v\u1ee5 Phi\u00ean d\u1ecbch v\u00e0 Bi\u00ean d\u1ecbch\",\"item\":\"https:\\\/\\\/hkcscheer.net\\\/vi\\\/dich-vu-phien-dich-va-bien-dich\\\/\"},{\"@type\":\"ListItem\",\"position\":3,\"name\":\"D\u1ecbch v\u1ee5 Phi\u00ean d\u1ecbch t\u1ea1i ch\u1ed7 (OIS)\"}]},{\"@type\":\"WebSite\",\"@id\":\"https:\\\/\\\/hkcscheer.net\\\/#website\",\"url\":\"https:\\\/\\\/hkcscheer.net\\\/\",\"name\":\"Centre for Harmony and Enhancement of Ethnic Minority Residents (CHEER)\",\"description\":\"Centre for Harmony and Enhancement of Ethnic Minority Residents (CHEER)\",\"publisher\":{\"@id\":\"https:\\\/\\\/hkcscheer.net\\\/#organization\"},\"potentialAction\":[{\"@type\":\"SearchAction\",\"target\":{\"@type\":\"EntryPoint\",\"urlTemplate\":\"https:\\\/\\\/hkcscheer.net\\\/?s={search_term_string}\"},\"query-input\":{\"@type\":\"PropertyValueSpecification\",\"valueRequired\":true,\"valueName\":\"search_term_string\"}}],\"inLanguage\":\"vi-VN\"},{\"@type\":\"Organization\",\"@id\":\"https:\\\/\\\/hkcscheer.net\\\/#organization\",\"name\":\"Centre for Harmony and Enhancement of Ethnic Minority Residents (CHEER)\",\"url\":\"https:\\\/\\\/hkcscheer.net\\\/\",\"logo\":{\"@type\":\"ImageObject\",\"inLanguage\":\"vi-VN\",\"@id\":\"https:\\\/\\\/hkcscheer.net\\\/#\\\/schema\\\/logo\\\/image\\\/\",\"url\":\"https:\\\/\\\/hkcscheer.net\\\/wp-content\\\/uploads\\\/2024\\\/08\\\/Site-Logo.jpg\",\"contentUrl\":\"https:\\\/\\\/hkcscheer.net\\\/wp-content\\\/uploads\\\/2024\\\/08\\\/Site-Logo.jpg\",\"width\":512,\"height\":512,\"caption\":\"Centre for Harmony and Enhancement of Ethnic Minority Residents (CHEER)\"},\"image\":{\"@id\":\"https:\\\/\\\/hkcscheer.net\\\/#\\\/schema\\\/logo\\\/image\\\/\"},\"sameAs\":[\"https:\\\/\\\/www.facebook.com\\\/CHEERHKCS\\\/\",\"https:\\\/\\\/www.instagram.com\\\/hkcs_cheer\"]}]}<\/script>\n<!-- \/ Yoast SEO plugin. -->","yoast_head_json":{"title":"D\u1ecbch v\u1ee5 Phi\u00ean d\u1ecbch t\u1ea1i ch\u1ed7 (OIS) - Centre for Harmony and Enhancement of Ethnic Minority Residents (CHEER)","robots":{"index":"index","follow":"follow","max-snippet":"max-snippet:-1","max-image-preview":"max-image-preview:large","max-video-preview":"max-video-preview:-1"},"canonical":"https:\/\/hkcscheer.net\/vi\/dich-vu-phien-dich-va-bien-dich\/on-site-interpretation-service-ois\/","og_locale":"vi_VN","og_type":"article","og_title":"D\u1ecbch v\u1ee5 Phi\u00ean d\u1ecbch t\u1ea1i ch\u1ed7 (OIS) - Centre for Harmony and Enhancement of Ethnic Minority Residents (CHEER)","og_description":"Phi\u00ean d\u1ecbch tr\u1ef1c ti\u1ebfp l\u00e0 khi phi\u00ean d\u1ecbch vi\u00ean c\u1ee7a ch\u00fang t\u00f4i c\u00f3 m\u1eb7t \u1edf c\u00f9ng \u0111\u1ecba \u0111i\u1ec3m v\u1edbi c\u00e1c nh\u00e0 cung c\u1ea5p d\u1ecbch v\u1ee5 c\u00f4ng v\u00e0 c\u01b0 d\u00e2n D\u00e2n t\u1ed9c Thi\u1ec3u s\u1ed1 EM OIS \u0111\u01b0\u1ee3c cung c\u1ea5p D\u1ef0A TR\u00caN Y\u00caU C\u1ea6U C\u1ee6A C\u00c1C NH\u00c0 CUNG C\u1ea4P D\u1ecaCH V\u1ee4 C\u00d4NG T\u1ea3i M\u1eabu \u0111\u01a1n Y\u00eau c\u1ea7u [&hellip;]","og_url":"https:\/\/hkcscheer.net\/vi\/dich-vu-phien-dich-va-bien-dich\/on-site-interpretation-service-ois\/","og_site_name":"Centre for Harmony and Enhancement of Ethnic Minority Residents (CHEER)","article_publisher":"https:\/\/www.facebook.com\/CHEERHKCS\/","article_modified_time":"2025-10-03T02:45:06+00:00","og_image":[{"width":2560,"height":1631,"url":"https:\/\/hkcscheer.net\/wp-content\/uploads\/2024\/05\/DSCF7269-scaled.jpg","type":"image\/jpeg"}],"twitter_card":"summary_large_image","twitter_misc":{"Est. reading time":"1 minute"},"schema":{"@context":"https:\/\/schema.org","@graph":[{"@type":"WebPage","@id":"https:\/\/hkcscheer.net\/vi\/dich-vu-phien-dich-va-bien-dich\/on-site-interpretation-service-ois\/","url":"https:\/\/hkcscheer.net\/vi\/dich-vu-phien-dich-va-bien-dich\/on-site-interpretation-service-ois\/","name":"D\u1ecbch v\u1ee5 Phi\u00ean d\u1ecbch t\u1ea1i ch\u1ed7 (OIS) - Centre for Harmony and Enhancement of Ethnic Minority Residents (CHEER)","isPartOf":{"@id":"https:\/\/hkcscheer.net\/#website"},"primaryImageOfPage":{"@id":"https:\/\/hkcscheer.net\/vi\/dich-vu-phien-dich-va-bien-dich\/on-site-interpretation-service-ois\/#primaryimage"},"image":{"@id":"https:\/\/hkcscheer.net\/vi\/dich-vu-phien-dich-va-bien-dich\/on-site-interpretation-service-ois\/#primaryimage"},"thumbnailUrl":"https:\/\/hkcscheer.net\/wp-content\/uploads\/2024\/05\/DSCF7269-1024x652.jpg","datePublished":"2023-12-22T06:14:10+00:00","dateModified":"2025-10-03T02:45:06+00:00","breadcrumb":{"@id":"https:\/\/hkcscheer.net\/vi\/dich-vu-phien-dich-va-bien-dich\/on-site-interpretation-service-ois\/#breadcrumb"},"inLanguage":"vi-VN","potentialAction":[{"@type":"ReadAction","target":["https:\/\/hkcscheer.net\/vi\/dich-vu-phien-dich-va-bien-dich\/on-site-interpretation-service-ois\/"]}]},{"@type":"ImageObject","inLanguage":"vi-VN","@id":"https:\/\/hkcscheer.net\/vi\/dich-vu-phien-dich-va-bien-dich\/on-site-interpretation-service-ois\/#primaryimage","url":"https:\/\/hkcscheer.net\/wp-content\/uploads\/2024\/05\/DSCF7269-1024x652.jpg","contentUrl":"https:\/\/hkcscheer.net\/wp-content\/uploads\/2024\/05\/DSCF7269-1024x652.jpg"},{"@type":"BreadcrumbList","@id":"https:\/\/hkcscheer.net\/vi\/dich-vu-phien-dich-va-bien-dich\/on-site-interpretation-service-ois\/#breadcrumb","itemListElement":[{"@type":"ListItem","position":1,"name":"Home","item":"https:\/\/hkcscheer.net\/vi\/"},{"@type":"ListItem","position":2,"name":"D\u1ecbch v\u1ee5 Phi\u00ean d\u1ecbch v\u00e0 Bi\u00ean d\u1ecbch","item":"https:\/\/hkcscheer.net\/vi\/dich-vu-phien-dich-va-bien-dich\/"},{"@type":"ListItem","position":3,"name":"D\u1ecbch v\u1ee5 Phi\u00ean d\u1ecbch t\u1ea1i ch\u1ed7 (OIS)"}]},{"@type":"WebSite","@id":"https:\/\/hkcscheer.net\/#website","url":"https:\/\/hkcscheer.net\/","name":"Centre for Harmony and Enhancement of Ethnic Minority Residents (CHEER)","description":"Centre for Harmony and Enhancement of Ethnic Minority Residents (CHEER)","publisher":{"@id":"https:\/\/hkcscheer.net\/#organization"},"potentialAction":[{"@type":"SearchAction","target":{"@type":"EntryPoint","urlTemplate":"https:\/\/hkcscheer.net\/?s={search_term_string}"},"query-input":{"@type":"PropertyValueSpecification","valueRequired":true,"valueName":"search_term_string"}}],"inLanguage":"vi-VN"},{"@type":"Organization","@id":"https:\/\/hkcscheer.net\/#organization","name":"Centre for Harmony and Enhancement of Ethnic Minority Residents (CHEER)","url":"https:\/\/hkcscheer.net\/","logo":{"@type":"ImageObject","inLanguage":"vi-VN","@id":"https:\/\/hkcscheer.net\/#\/schema\/logo\/image\/","url":"https:\/\/hkcscheer.net\/wp-content\/uploads\/2024\/08\/Site-Logo.jpg","contentUrl":"https:\/\/hkcscheer.net\/wp-content\/uploads\/2024\/08\/Site-Logo.jpg","width":512,"height":512,"caption":"Centre for Harmony and Enhancement of Ethnic Minority Residents (CHEER)"},"image":{"@id":"https:\/\/hkcscheer.net\/#\/schema\/logo\/image\/"},"sameAs":["https:\/\/www.facebook.com\/CHEERHKCS\/","https:\/\/www.instagram.com\/hkcs_cheer"]}]}},"featured_image_src":null,"featured_image_src_square":null,"_links":{"self":[{"href":"https:\/\/hkcscheer.net\/vi\/wp-json\/wp\/v2\/pages\/1705","targetHints":{"allow":["GET"]}}],"collection":[{"href":"https:\/\/hkcscheer.net\/vi\/wp-json\/wp\/v2\/pages"}],"about":[{"href":"https:\/\/hkcscheer.net\/vi\/wp-json\/wp\/v2\/types\/page"}],"author":[{"embeddable":true,"href":"https:\/\/hkcscheer.net\/vi\/wp-json\/wp\/v2\/users\/1"}],"replies":[{"embeddable":true,"href":"https:\/\/hkcscheer.net\/vi\/wp-json\/wp\/v2\/comments?post=1705"}],"version-history":[{"count":0,"href":"https:\/\/hkcscheer.net\/vi\/wp-json\/wp\/v2\/pages\/1705\/revisions"}],"up":[{"embeddable":true,"href":"https:\/\/hkcscheer.net\/vi\/wp-json\/wp\/v2\/pages\/1721"}],"wp:attachment":[{"href":"https:\/\/hkcscheer.net\/vi\/wp-json\/wp\/v2\/media?parent=1705"}],"curies":[{"name":"wp","href":"https:\/\/api.w.org\/{rel}","templated":true}]}}