{"id":1703,"date":"2023-12-22T14:16:19","date_gmt":"2023-12-22T06:16:19","guid":{"rendered":"https:\/\/hkcscheer.net\/dich-vu-bac-cau-brs\/"},"modified":"2024-04-09T11:57:39","modified_gmt":"2024-04-09T03:57:39","slug":"dich-vu-bac-cau-brs","status":"publish","type":"page","link":"https:\/\/hkcscheer.net\/vi\/dich-vu-phien-dich-va-bien-dich\/dich-vu-bac-cau-brs\/","title":{"rendered":"D\u1ecbch v\u1ee5 B\u1eafc c\u1ea7u (BRS)"},"content":{"rendered":"<header class=\"message__header\">\n<div class=\"message__attribution\">\n<div class=\"message__meta u-hide-on-template\"><\/div>\n<\/div>\n<\/header>\n<section class=\"push_double--top\">\n<div class=\"formatted_content formatted_content--large\">\n<ul>\n<li>D\u1ecbch v\u1ee5 B\u1eafc c\u1ea7u (BRS) h\u1ed7 tr\u1ee3 ng\u01b0\u1eddi s\u1eed d\u1ee5ng d\u1ecbch v\u1ee5 l\u00e0 ng\u01b0\u1eddi d\u00e2n t\u1ed9c thi\u1ec3u s\u1ed1 trong vi\u1ec7c th\u00f4ng b\u00e1o cho nh\u00e0 cung c\u1ea5p d\u1ecbch v\u1ee5 nh\u1eb1m s\u1eafp x\u1ebfp d\u1ecbch v\u1ee5 phi\u00ean d\u1ecbch cho c\u00e1c cu\u1ed9c h\u1eb9n trong t\u01b0\u01a1ng lai<\/li>\n<li>G\u1eedi email \u0111\u1ebfn <a class=\"autolinked\" href=\"mailto:tis-cheer@hkcs.org\" target=\"_blank\" rel=\"noopener noreferrer\" data-behavior=\"truncate\">tis-cheer@hkcs.org<\/a> ho\u1eb7c g\u1ecdi \u0111\u1ebfn s\u1ed1 3106 3104 cho ch\u00fang t\u00f4i \u0111\u1ec3 bi\u1ebft th\u00eam chi ti\u1ebft.<\/li>\n<li>B\u1ea1n c\u00f3 th\u1ec3 s\u1eed d\u1ee5ng d\u1ecbch v\u1ee5 n\u00e0y b\u1eb1ng c\u00e1ch g\u1eedi y\u00eau c\u1ea7u qua s\u1ed1 Whatsapp 5634 4587 tr\u01b0\u1edbc \u00edt nh\u1ea5t 10 ng\u00e0y l\u00e0m vi\u1ec7c<\/li>\n<\/ul>\n<blockquote><p>Th\u1ee9 Hai \u0111\u1ebfn Ch\u1ee7 nh\u1eadt: 8h s\u00e1ng-10h t\u1ed1i (ngo\u1ea1i tr\u1eeb ng\u00e0y l\u1ec5)<\/p><\/blockquote>\n<\/div>\n<\/section>\n","protected":false},"excerpt":{"rendered":"<p>D\u1ecbch v\u1ee5 B\u1eafc c\u1ea7u (BRS) h\u1ed7 tr\u1ee3 ng\u01b0\u1eddi s\u1eed d\u1ee5ng d\u1ecbch v\u1ee5 l\u00e0 ng\u01b0\u1eddi d\u00e2n t\u1ed9c thi\u1ec3u s\u1ed1 trong vi\u1ec7c th\u00f4ng b\u00e1o cho nh\u00e0 cung c\u1ea5p d\u1ecbch v\u1ee5 nh\u1eb1m s\u1eafp x\u1ebfp d\u1ecbch v\u1ee5 phi\u00ean d\u1ecbch cho c\u00e1c cu\u1ed9c h\u1eb9n trong t\u01b0\u01a1ng lai G\u1eedi email \u0111\u1ebfn tis-cheer@hkcs.org ho\u1eb7c g\u1ecdi \u0111\u1ebfn s\u1ed1 3106 3104 cho ch\u00fang t\u00f4i [&hellip;]<\/p>\n","protected":false},"author":1,"featured_media":0,"parent":1721,"menu_order":0,"comment_status":"closed","ping_status":"closed","template":"","meta":{"footnotes":""},"class_list":["post-1703","page","type-page","status-publish","hentry"],"acf":[],"yoast_head":"<!-- This site is optimized with the Yoast SEO plugin v27.5 - https:\/\/yoast.com\/product\/yoast-seo-wordpress\/ -->\n<title>D\u1ecbch v\u1ee5 B\u1eafc c\u1ea7u (BRS) - Centre for Harmony and Enhancement of Ethnic Minority Residents (CHEER)<\/title>\n<meta name=\"robots\" content=\"index, follow, max-snippet:-1, max-image-preview:large, max-video-preview:-1\" \/>\n<link rel=\"canonical\" href=\"https:\/\/hkcscheer.net\/interpretation-and-translation-services\/bridging-service-bs\/\" \/>\n<meta property=\"og:locale\" content=\"vi_VN\" \/>\n<meta property=\"og:type\" content=\"article\" \/>\n<meta property=\"og:title\" content=\"D\u1ecbch v\u1ee5 B\u1eafc c\u1ea7u (BRS) - Centre for Harmony and Enhancement of Ethnic Minority Residents (CHEER)\" \/>\n<meta property=\"og:description\" content=\"D\u1ecbch v\u1ee5 B\u1eafc c\u1ea7u (BRS) h\u1ed7 tr\u1ee3 ng\u01b0\u1eddi s\u1eed d\u1ee5ng d\u1ecbch v\u1ee5 l\u00e0 ng\u01b0\u1eddi d\u00e2n t\u1ed9c thi\u1ec3u s\u1ed1 trong vi\u1ec7c th\u00f4ng b\u00e1o cho nh\u00e0 cung c\u1ea5p d\u1ecbch v\u1ee5 nh\u1eb1m s\u1eafp x\u1ebfp d\u1ecbch v\u1ee5 phi\u00ean d\u1ecbch cho c\u00e1c cu\u1ed9c h\u1eb9n trong t\u01b0\u01a1ng lai G\u1eedi email \u0111\u1ebfn tis-cheer@hkcs.org ho\u1eb7c g\u1ecdi \u0111\u1ebfn s\u1ed1 3106 3104 cho ch\u00fang t\u00f4i [&hellip;]\" \/>\n<meta property=\"og:url\" content=\"https:\/\/hkcscheer.net\/interpretation-and-translation-services\/bridging-service-bs\/\" \/>\n<meta property=\"og:site_name\" content=\"Centre for Harmony and Enhancement of Ethnic Minority Residents (CHEER)\" \/>\n<meta property=\"article:publisher\" content=\"https:\/\/www.facebook.com\/CHEERHKCS\/\" \/>\n<meta property=\"article:modified_time\" content=\"2024-04-09T03:57:39+00:00\" \/>\n<meta name=\"twitter:card\" content=\"summary_large_image\" \/>\n<meta name=\"twitter:label1\" content=\"Est. reading time\" \/>\n\t<meta name=\"twitter:data1\" content=\"1 minute\" \/>\n<script type=\"application\/ld+json\" class=\"yoast-schema-graph\">{\"@context\":\"https:\\\/\\\/schema.org\",\"@graph\":[{\"@type\":\"WebPage\",\"@id\":\"https:\\\/\\\/hkcscheer.net\\\/interpretation-and-translation-services\\\/bridging-service-bs\\\/\",\"url\":\"https:\\\/\\\/hkcscheer.net\\\/interpretation-and-translation-services\\\/bridging-service-bs\\\/\",\"name\":\"D\u1ecbch v\u1ee5 B\u1eafc c\u1ea7u (BRS) - Centre for Harmony and Enhancement of Ethnic Minority Residents (CHEER)\",\"isPartOf\":{\"@id\":\"https:\\\/\\\/hkcscheer.net\\\/#website\"},\"datePublished\":\"2023-12-22T06:16:19+00:00\",\"dateModified\":\"2024-04-09T03:57:39+00:00\",\"breadcrumb\":{\"@id\":\"https:\\\/\\\/hkcscheer.net\\\/interpretation-and-translation-services\\\/bridging-service-bs\\\/#breadcrumb\"},\"inLanguage\":\"vi-VN\",\"potentialAction\":[{\"@type\":\"ReadAction\",\"target\":[\"https:\\\/\\\/hkcscheer.net\\\/interpretation-and-translation-services\\\/bridging-service-bs\\\/\"]}]},{\"@type\":\"BreadcrumbList\",\"@id\":\"https:\\\/\\\/hkcscheer.net\\\/interpretation-and-translation-services\\\/bridging-service-bs\\\/#breadcrumb\",\"itemListElement\":[{\"@type\":\"ListItem\",\"position\":1,\"name\":\"Home\",\"item\":\"https:\\\/\\\/hkcscheer.net\\\/vi\\\/\"},{\"@type\":\"ListItem\",\"position\":2,\"name\":\"D\u1ecbch v\u1ee5 Phi\u00ean d\u1ecbch v\u00e0 Bi\u00ean d\u1ecbch\",\"item\":\"https:\\\/\\\/hkcscheer.net\\\/vi\\\/dich-vu-phien-dich-va-bien-dich\\\/\"},{\"@type\":\"ListItem\",\"position\":3,\"name\":\"D\u1ecbch v\u1ee5 B\u1eafc c\u1ea7u (BRS)\"}]},{\"@type\":\"WebSite\",\"@id\":\"https:\\\/\\\/hkcscheer.net\\\/#website\",\"url\":\"https:\\\/\\\/hkcscheer.net\\\/\",\"name\":\"Centre for Harmony and Enhancement of Ethnic Minority Residents (CHEER)\",\"description\":\"Centre for Harmony and Enhancement of Ethnic Minority Residents (CHEER)\",\"publisher\":{\"@id\":\"https:\\\/\\\/hkcscheer.net\\\/#organization\"},\"potentialAction\":[{\"@type\":\"SearchAction\",\"target\":{\"@type\":\"EntryPoint\",\"urlTemplate\":\"https:\\\/\\\/hkcscheer.net\\\/?s={search_term_string}\"},\"query-input\":{\"@type\":\"PropertyValueSpecification\",\"valueRequired\":true,\"valueName\":\"search_term_string\"}}],\"inLanguage\":\"vi-VN\"},{\"@type\":\"Organization\",\"@id\":\"https:\\\/\\\/hkcscheer.net\\\/#organization\",\"name\":\"Centre for Harmony and Enhancement of Ethnic Minority Residents (CHEER)\",\"url\":\"https:\\\/\\\/hkcscheer.net\\\/\",\"logo\":{\"@type\":\"ImageObject\",\"inLanguage\":\"vi-VN\",\"@id\":\"https:\\\/\\\/hkcscheer.net\\\/#\\\/schema\\\/logo\\\/image\\\/\",\"url\":\"https:\\\/\\\/hkcscheer.net\\\/wp-content\\\/uploads\\\/2024\\\/08\\\/Site-Logo.jpg\",\"contentUrl\":\"https:\\\/\\\/hkcscheer.net\\\/wp-content\\\/uploads\\\/2024\\\/08\\\/Site-Logo.jpg\",\"width\":512,\"height\":512,\"caption\":\"Centre for Harmony and Enhancement of Ethnic Minority Residents (CHEER)\"},\"image\":{\"@id\":\"https:\\\/\\\/hkcscheer.net\\\/#\\\/schema\\\/logo\\\/image\\\/\"},\"sameAs\":[\"https:\\\/\\\/www.facebook.com\\\/CHEERHKCS\\\/\",\"https:\\\/\\\/www.instagram.com\\\/hkcs_cheer\"]}]}<\/script>\n<!-- \/ Yoast SEO plugin. -->","yoast_head_json":{"title":"D\u1ecbch v\u1ee5 B\u1eafc c\u1ea7u (BRS) - Centre for Harmony and Enhancement of Ethnic Minority Residents (CHEER)","robots":{"index":"index","follow":"follow","max-snippet":"max-snippet:-1","max-image-preview":"max-image-preview:large","max-video-preview":"max-video-preview:-1"},"canonical":"https:\/\/hkcscheer.net\/interpretation-and-translation-services\/bridging-service-bs\/","og_locale":"vi_VN","og_type":"article","og_title":"D\u1ecbch v\u1ee5 B\u1eafc c\u1ea7u (BRS) - Centre for Harmony and Enhancement of Ethnic Minority Residents (CHEER)","og_description":"D\u1ecbch v\u1ee5 B\u1eafc c\u1ea7u (BRS) h\u1ed7 tr\u1ee3 ng\u01b0\u1eddi s\u1eed d\u1ee5ng d\u1ecbch v\u1ee5 l\u00e0 ng\u01b0\u1eddi d\u00e2n t\u1ed9c thi\u1ec3u s\u1ed1 trong vi\u1ec7c th\u00f4ng b\u00e1o cho nh\u00e0 cung c\u1ea5p d\u1ecbch v\u1ee5 nh\u1eb1m s\u1eafp x\u1ebfp d\u1ecbch v\u1ee5 phi\u00ean d\u1ecbch cho c\u00e1c cu\u1ed9c h\u1eb9n trong t\u01b0\u01a1ng lai G\u1eedi email \u0111\u1ebfn tis-cheer@hkcs.org ho\u1eb7c g\u1ecdi \u0111\u1ebfn s\u1ed1 3106 3104 cho ch\u00fang t\u00f4i [&hellip;]","og_url":"https:\/\/hkcscheer.net\/interpretation-and-translation-services\/bridging-service-bs\/","og_site_name":"Centre for Harmony and Enhancement of Ethnic Minority Residents (CHEER)","article_publisher":"https:\/\/www.facebook.com\/CHEERHKCS\/","article_modified_time":"2024-04-09T03:57:39+00:00","twitter_card":"summary_large_image","twitter_misc":{"Est. reading time":"1 minute"},"schema":{"@context":"https:\/\/schema.org","@graph":[{"@type":"WebPage","@id":"https:\/\/hkcscheer.net\/interpretation-and-translation-services\/bridging-service-bs\/","url":"https:\/\/hkcscheer.net\/interpretation-and-translation-services\/bridging-service-bs\/","name":"D\u1ecbch v\u1ee5 B\u1eafc c\u1ea7u (BRS) - Centre for Harmony and Enhancement of Ethnic Minority Residents (CHEER)","isPartOf":{"@id":"https:\/\/hkcscheer.net\/#website"},"datePublished":"2023-12-22T06:16:19+00:00","dateModified":"2024-04-09T03:57:39+00:00","breadcrumb":{"@id":"https:\/\/hkcscheer.net\/interpretation-and-translation-services\/bridging-service-bs\/#breadcrumb"},"inLanguage":"vi-VN","potentialAction":[{"@type":"ReadAction","target":["https:\/\/hkcscheer.net\/interpretation-and-translation-services\/bridging-service-bs\/"]}]},{"@type":"BreadcrumbList","@id":"https:\/\/hkcscheer.net\/interpretation-and-translation-services\/bridging-service-bs\/#breadcrumb","itemListElement":[{"@type":"ListItem","position":1,"name":"Home","item":"https:\/\/hkcscheer.net\/vi\/"},{"@type":"ListItem","position":2,"name":"D\u1ecbch v\u1ee5 Phi\u00ean d\u1ecbch v\u00e0 Bi\u00ean d\u1ecbch","item":"https:\/\/hkcscheer.net\/vi\/dich-vu-phien-dich-va-bien-dich\/"},{"@type":"ListItem","position":3,"name":"D\u1ecbch v\u1ee5 B\u1eafc c\u1ea7u (BRS)"}]},{"@type":"WebSite","@id":"https:\/\/hkcscheer.net\/#website","url":"https:\/\/hkcscheer.net\/","name":"Centre for Harmony and Enhancement of Ethnic Minority Residents (CHEER)","description":"Centre for Harmony and Enhancement of Ethnic Minority Residents (CHEER)","publisher":{"@id":"https:\/\/hkcscheer.net\/#organization"},"potentialAction":[{"@type":"SearchAction","target":{"@type":"EntryPoint","urlTemplate":"https:\/\/hkcscheer.net\/?s={search_term_string}"},"query-input":{"@type":"PropertyValueSpecification","valueRequired":true,"valueName":"search_term_string"}}],"inLanguage":"vi-VN"},{"@type":"Organization","@id":"https:\/\/hkcscheer.net\/#organization","name":"Centre for Harmony and Enhancement of Ethnic Minority Residents (CHEER)","url":"https:\/\/hkcscheer.net\/","logo":{"@type":"ImageObject","inLanguage":"vi-VN","@id":"https:\/\/hkcscheer.net\/#\/schema\/logo\/image\/","url":"https:\/\/hkcscheer.net\/wp-content\/uploads\/2024\/08\/Site-Logo.jpg","contentUrl":"https:\/\/hkcscheer.net\/wp-content\/uploads\/2024\/08\/Site-Logo.jpg","width":512,"height":512,"caption":"Centre for Harmony and Enhancement of Ethnic Minority Residents (CHEER)"},"image":{"@id":"https:\/\/hkcscheer.net\/#\/schema\/logo\/image\/"},"sameAs":["https:\/\/www.facebook.com\/CHEERHKCS\/","https:\/\/www.instagram.com\/hkcs_cheer"]}]}},"featured_image_src":null,"featured_image_src_square":null,"_links":{"self":[{"href":"https:\/\/hkcscheer.net\/vi\/wp-json\/wp\/v2\/pages\/1703","targetHints":{"allow":["GET"]}}],"collection":[{"href":"https:\/\/hkcscheer.net\/vi\/wp-json\/wp\/v2\/pages"}],"about":[{"href":"https:\/\/hkcscheer.net\/vi\/wp-json\/wp\/v2\/types\/page"}],"author":[{"embeddable":true,"href":"https:\/\/hkcscheer.net\/vi\/wp-json\/wp\/v2\/users\/1"}],"replies":[{"embeddable":true,"href":"https:\/\/hkcscheer.net\/vi\/wp-json\/wp\/v2\/comments?post=1703"}],"version-history":[{"count":0,"href":"https:\/\/hkcscheer.net\/vi\/wp-json\/wp\/v2\/pages\/1703\/revisions"}],"up":[{"embeddable":true,"href":"https:\/\/hkcscheer.net\/vi\/wp-json\/wp\/v2\/pages\/1721"}],"wp:attachment":[{"href":"https:\/\/hkcscheer.net\/vi\/wp-json\/wp\/v2\/media?parent=1703"}],"curies":[{"name":"wp","href":"https:\/\/api.w.org\/{rel}","templated":true}]}}