{"id":1423,"date":"2023-12-22T16:41:47","date_gmt":"2023-12-22T08:41:47","guid":{"rendered":"https:\/\/hkcscheer.net\/cho-nguoi-tim-viec\/cong-nhan-trinh-do-chuyen-mon\/"},"modified":"2023-12-22T16:41:47","modified_gmt":"2023-12-22T08:41:47","slug":"cong-nhan-trinh-do-chuyen-mon","status":"publish","type":"page","link":"https:\/\/hkcscheer.net\/vi\/cho-nguoi-tim-viec\/cong-nhan-trinh-do-chuyen-mon\/","title":{"rendered":"C\u00f4ng nh\u1eadn Tr\u00ecnh \u0111\u1ed9 chuy\u00ean m\u00f4n"},"content":{"rendered":"<div>N\u00f3i chung, c\u00e1c c\u00f4ng vi\u1ec7c tay ch\u00e2n ho\u1eb7c k\u1ef9 thu\u1eadt chung kh\u00f4ng c\u1ea7n b\u1ea5t k\u1ef3 y\u00eau c\u1ea7u \u0111\u1ea7u v\u00e0o c\u1ee5 th\u1ec3 n\u00e0o \u1edf H\u1ed3ng K\u00f4ng. Nh\u01b0ng nh\u1eefng ng\u01b0\u1eddi l\u00e0m vi\u1ec7c trong m\u1ed9t s\u1ed1 ng\u00e0nh ngh\u1ec1 nh\u1ea5t \u0111\u1ecbnh c\u00f3 th\u1ec3 c\u1ea7n c\u00f3 b\u1eb1ng c\u1ea5p \u0111\u01b0\u1ee3c Ch\u00ednh ph\u1ee7 \u0110\u1eb7c khu H\u00e0nh ch\u00ednh H\u1ed3ng K\u00f4ng v\u00e0\/ho\u1eb7c c\u00e1c c\u01a1 quan chuy\u00ean m\u00f4n li\u00ean quan c\u00f4ng nh\u1eadn. Ngo\u00e0i ra, c\u00e1 nh\u00e2n ng\u01b0\u1eddi s\u1eed d\u1ee5ng lao \u0111\u1ed9ng, t\u1ed5 ch\u1ee9c ho\u1eb7c c\u01a1 s\u1edf gi\u00e1o d\u1ee5c s\u1ebd c\u00f3 to\u00e0n quy\u1ec1n quy\u1ebft \u0111\u1ecbnh li\u1ec7u h\u1ecd c\u00f3 ch\u1ea5p nh\u1eadn tr\u00ecnh \u0111\u1ed9 chuy\u00ean m\u00f4n c\u1ee7a b\u1ea5t k\u1ef3 c\u00e1 nh\u00e2n c\u1ee5 th\u1ec3 n\u00e0o cho m\u1ee5c \u0111\u00edch l\u00e0m vi\u1ec7c, \u0111\u0103ng k\u00fd ho\u1eb7c h\u1ecdc t\u1eadp.<\/p>\n<\/div>\n<div>H\u1ed9i \u0111\u1ed3ng Ki\u1ec3m \u0111\u1ecbnh Tr\u00ecnh \u0111\u1ed9 H\u1ecdc thu\u1eadt v\u00e0 D\u1ea1y ngh\u1ec1 H\u1ed3ng K\u00f4ng (HKCAAVQ) \u0111\u01b0\u1ee3c th\u00e0nh l\u1eadp nh\u01b0 m\u1ed9t c\u01a1 quan theo lu\u1eadt \u0111\u1ecbnh nh\u1eb1m ch\u1ecbu tr\u00e1ch nhi\u1ec7m th\u1ef1c hi\u1ec7n c\u00e1c ho\u1ea1t \u0111\u1ed9ng ki\u1ec3m \u0111\u1ecbnh n\u00f3i chung ho\u1eb7c \u0111\u01b0\u1ee3c \u1ee7y quy\u1ec1n theo b\u1ea5t k\u1ef3 \u0111\u1ea1o lu\u1eadt n\u00e0o kh\u00e1c c\u1ee7a \u0111\u1ecba ph\u01b0\u01a1ng.<\/p>\n<\/div>\n<div>HKCAAVQ cung c\u1ea5p d\u1ecbch v\u1ee5 \u0111\u00e1nh gi\u00e1 tr\u00ecnh \u0111\u1ed9 b\u1eb1ng c\u00e1ch<\/p>\n<\/div>\n<div>(v.d k\u1ebft qu\u1ea3 h\u1ecdc t\u1eadp t\u00edch h\u1ee3p c\u1ee7a tr\u00ecnh \u0111\u1ed9 cao nh\u1ea5t v\u00e0 tr\u00ecnh \u0111\u1ed9 cu\u1ed1i c\u00f9ng) \u0111\u00e1p \u1ee9ng ti\u00eau chu\u1ea9n c\u1ee7a m\u1ed9t tr\u00ecnh \u0111\u1ed9 chuy\u00ean m\u00f4n c\u1ee5 th\u1ec3 \u1edf H\u1ed3ng K\u00f4ng. \u00dd ki\u1ebfn trong tr\u01b0\u1eddng h\u1ee3p n\u00e0y l\u00e0 kh\u00f4ng r\u00e0ng bu\u1ed9c. \u0110\u1ec3 bi\u1ebft th\u00eam chi ti\u1ebft, vui l\u00f2ng truy c\u1eadp: <a href=\"http:\/\/www.hkcaavq.edu.hk\/\" target=\"_blank\" rel=\"noopener noreferrer\">http:\/\/www.hkcaavq.edu.hk<\/a>.<\/div>\n","protected":false},"excerpt":{"rendered":"<p>N\u00f3i chung, c\u00e1c c\u00f4ng vi\u1ec7c tay ch\u00e2n ho\u1eb7c k\u1ef9 thu\u1eadt chung kh\u00f4ng c\u1ea7n b\u1ea5t k\u1ef3 y\u00eau c\u1ea7u \u0111\u1ea7u v\u00e0o c\u1ee5 th\u1ec3 n\u00e0o \u1edf H\u1ed3ng K\u00f4ng. Nh\u01b0ng nh\u1eefng ng\u01b0\u1eddi l\u00e0m vi\u1ec7c trong m\u1ed9t s\u1ed1 ng\u00e0nh ngh\u1ec1 nh\u1ea5t \u0111\u1ecbnh c\u00f3 th\u1ec3 c\u1ea7n c\u00f3 b\u1eb1ng c\u1ea5p \u0111\u01b0\u1ee3c Ch\u00ednh ph\u1ee7 \u0110\u1eb7c khu H\u00e0nh ch\u00ednh H\u1ed3ng K\u00f4ng v\u00e0\/ho\u1eb7c c\u00e1c c\u01a1 [&hellip;]<\/p>\n","protected":false},"author":1,"featured_media":0,"parent":1418,"menu_order":0,"comment_status":"closed","ping_status":"closed","template":"","meta":{"footnotes":""},"class_list":["post-1423","page","type-page","status-publish","hentry"],"acf":[],"yoast_head":"<!-- This site is optimized with the Yoast SEO plugin v27.5 - https:\/\/yoast.com\/product\/yoast-seo-wordpress\/ -->\n<title>C\u00f4ng nh\u1eadn Tr\u00ecnh \u0111\u1ed9 chuy\u00ean m\u00f4n - Centre for Harmony and Enhancement of Ethnic Minority Residents (CHEER)<\/title>\n<meta name=\"robots\" content=\"index, follow, max-snippet:-1, max-image-preview:large, max-video-preview:-1\" \/>\n<link rel=\"canonical\" href=\"https:\/\/hkcscheer.net\/for-jobseeker\/accreditation-of-qualifications\/\" \/>\n<meta property=\"og:locale\" content=\"vi_VN\" \/>\n<meta property=\"og:type\" content=\"article\" \/>\n<meta property=\"og:title\" content=\"C\u00f4ng nh\u1eadn Tr\u00ecnh \u0111\u1ed9 chuy\u00ean m\u00f4n - Centre for Harmony and Enhancement of Ethnic Minority Residents (CHEER)\" \/>\n<meta property=\"og:description\" content=\"N\u00f3i chung, c\u00e1c c\u00f4ng vi\u1ec7c tay ch\u00e2n ho\u1eb7c k\u1ef9 thu\u1eadt chung kh\u00f4ng c\u1ea7n b\u1ea5t k\u1ef3 y\u00eau c\u1ea7u \u0111\u1ea7u v\u00e0o c\u1ee5 th\u1ec3 n\u00e0o \u1edf H\u1ed3ng K\u00f4ng. Nh\u01b0ng nh\u1eefng ng\u01b0\u1eddi l\u00e0m vi\u1ec7c trong m\u1ed9t s\u1ed1 ng\u00e0nh ngh\u1ec1 nh\u1ea5t \u0111\u1ecbnh c\u00f3 th\u1ec3 c\u1ea7n c\u00f3 b\u1eb1ng c\u1ea5p \u0111\u01b0\u1ee3c Ch\u00ednh ph\u1ee7 \u0110\u1eb7c khu H\u00e0nh ch\u00ednh H\u1ed3ng K\u00f4ng v\u00e0\/ho\u1eb7c c\u00e1c c\u01a1 [&hellip;]\" \/>\n<meta property=\"og:url\" content=\"https:\/\/hkcscheer.net\/for-jobseeker\/accreditation-of-qualifications\/\" \/>\n<meta property=\"og:site_name\" content=\"Centre for Harmony and Enhancement of Ethnic Minority Residents (CHEER)\" \/>\n<meta property=\"article:publisher\" content=\"https:\/\/www.facebook.com\/CHEERHKCS\/\" \/>\n<meta name=\"twitter:card\" content=\"summary_large_image\" \/>\n<meta name=\"twitter:label1\" content=\"Est. reading time\" \/>\n\t<meta name=\"twitter:data1\" content=\"2 minutes\" \/>\n<script type=\"application\/ld+json\" class=\"yoast-schema-graph\">{\"@context\":\"https:\\\/\\\/schema.org\",\"@graph\":[{\"@type\":\"WebPage\",\"@id\":\"https:\\\/\\\/hkcscheer.net\\\/for-jobseeker\\\/accreditation-of-qualifications\\\/\",\"url\":\"https:\\\/\\\/hkcscheer.net\\\/for-jobseeker\\\/accreditation-of-qualifications\\\/\",\"name\":\"C\u00f4ng nh\u1eadn Tr\u00ecnh \u0111\u1ed9 chuy\u00ean m\u00f4n - Centre for Harmony and Enhancement of Ethnic Minority Residents (CHEER)\",\"isPartOf\":{\"@id\":\"https:\\\/\\\/hkcscheer.net\\\/#website\"},\"datePublished\":\"2023-12-22T08:41:47+00:00\",\"breadcrumb\":{\"@id\":\"https:\\\/\\\/hkcscheer.net\\\/for-jobseeker\\\/accreditation-of-qualifications\\\/#breadcrumb\"},\"inLanguage\":\"vi-VN\",\"potentialAction\":[{\"@type\":\"ReadAction\",\"target\":[\"https:\\\/\\\/hkcscheer.net\\\/for-jobseeker\\\/accreditation-of-qualifications\\\/\"]}]},{\"@type\":\"BreadcrumbList\",\"@id\":\"https:\\\/\\\/hkcscheer.net\\\/for-jobseeker\\\/accreditation-of-qualifications\\\/#breadcrumb\",\"itemListElement\":[{\"@type\":\"ListItem\",\"position\":1,\"name\":\"Home\",\"item\":\"https:\\\/\\\/hkcscheer.net\\\/vi\\\/\"},{\"@type\":\"ListItem\",\"position\":2,\"name\":\"Cho Ng\u01b0\u1eddi t\u00ecm vi\u1ec7c\",\"item\":\"https:\\\/\\\/hkcscheer.net\\\/for-jobseeker\\\/\"},{\"@type\":\"ListItem\",\"position\":3,\"name\":\"C\u00f4ng nh\u1eadn Tr\u00ecnh \u0111\u1ed9 chuy\u00ean m\u00f4n\"}]},{\"@type\":\"WebSite\",\"@id\":\"https:\\\/\\\/hkcscheer.net\\\/#website\",\"url\":\"https:\\\/\\\/hkcscheer.net\\\/\",\"name\":\"Centre for Harmony and Enhancement of Ethnic Minority Residents (CHEER)\",\"description\":\"Centre for Harmony and Enhancement of Ethnic Minority Residents (CHEER)\",\"publisher\":{\"@id\":\"https:\\\/\\\/hkcscheer.net\\\/#organization\"},\"potentialAction\":[{\"@type\":\"SearchAction\",\"target\":{\"@type\":\"EntryPoint\",\"urlTemplate\":\"https:\\\/\\\/hkcscheer.net\\\/?s={search_term_string}\"},\"query-input\":{\"@type\":\"PropertyValueSpecification\",\"valueRequired\":true,\"valueName\":\"search_term_string\"}}],\"inLanguage\":\"vi-VN\"},{\"@type\":\"Organization\",\"@id\":\"https:\\\/\\\/hkcscheer.net\\\/#organization\",\"name\":\"Centre for Harmony and Enhancement of Ethnic Minority Residents (CHEER)\",\"url\":\"https:\\\/\\\/hkcscheer.net\\\/\",\"logo\":{\"@type\":\"ImageObject\",\"inLanguage\":\"vi-VN\",\"@id\":\"https:\\\/\\\/hkcscheer.net\\\/#\\\/schema\\\/logo\\\/image\\\/\",\"url\":\"https:\\\/\\\/hkcscheer.net\\\/wp-content\\\/uploads\\\/2024\\\/08\\\/Site-Logo.jpg\",\"contentUrl\":\"https:\\\/\\\/hkcscheer.net\\\/wp-content\\\/uploads\\\/2024\\\/08\\\/Site-Logo.jpg\",\"width\":512,\"height\":512,\"caption\":\"Centre for Harmony and Enhancement of Ethnic Minority Residents (CHEER)\"},\"image\":{\"@id\":\"https:\\\/\\\/hkcscheer.net\\\/#\\\/schema\\\/logo\\\/image\\\/\"},\"sameAs\":[\"https:\\\/\\\/www.facebook.com\\\/CHEERHKCS\\\/\",\"https:\\\/\\\/www.instagram.com\\\/hkcs_cheer\"]}]}<\/script>\n<!-- \/ Yoast SEO plugin. -->","yoast_head_json":{"title":"C\u00f4ng nh\u1eadn Tr\u00ecnh \u0111\u1ed9 chuy\u00ean m\u00f4n - Centre for Harmony and Enhancement of Ethnic Minority Residents (CHEER)","robots":{"index":"index","follow":"follow","max-snippet":"max-snippet:-1","max-image-preview":"max-image-preview:large","max-video-preview":"max-video-preview:-1"},"canonical":"https:\/\/hkcscheer.net\/for-jobseeker\/accreditation-of-qualifications\/","og_locale":"vi_VN","og_type":"article","og_title":"C\u00f4ng nh\u1eadn Tr\u00ecnh \u0111\u1ed9 chuy\u00ean m\u00f4n - Centre for Harmony and Enhancement of Ethnic Minority Residents (CHEER)","og_description":"N\u00f3i chung, c\u00e1c c\u00f4ng vi\u1ec7c tay ch\u00e2n ho\u1eb7c k\u1ef9 thu\u1eadt chung kh\u00f4ng c\u1ea7n b\u1ea5t k\u1ef3 y\u00eau c\u1ea7u \u0111\u1ea7u v\u00e0o c\u1ee5 th\u1ec3 n\u00e0o \u1edf H\u1ed3ng K\u00f4ng. Nh\u01b0ng nh\u1eefng ng\u01b0\u1eddi l\u00e0m vi\u1ec7c trong m\u1ed9t s\u1ed1 ng\u00e0nh ngh\u1ec1 nh\u1ea5t \u0111\u1ecbnh c\u00f3 th\u1ec3 c\u1ea7n c\u00f3 b\u1eb1ng c\u1ea5p \u0111\u01b0\u1ee3c Ch\u00ednh ph\u1ee7 \u0110\u1eb7c khu H\u00e0nh ch\u00ednh H\u1ed3ng K\u00f4ng v\u00e0\/ho\u1eb7c c\u00e1c c\u01a1 [&hellip;]","og_url":"https:\/\/hkcscheer.net\/for-jobseeker\/accreditation-of-qualifications\/","og_site_name":"Centre for Harmony and Enhancement of Ethnic Minority Residents (CHEER)","article_publisher":"https:\/\/www.facebook.com\/CHEERHKCS\/","twitter_card":"summary_large_image","twitter_misc":{"Est. reading time":"2 minutes"},"schema":{"@context":"https:\/\/schema.org","@graph":[{"@type":"WebPage","@id":"https:\/\/hkcscheer.net\/for-jobseeker\/accreditation-of-qualifications\/","url":"https:\/\/hkcscheer.net\/for-jobseeker\/accreditation-of-qualifications\/","name":"C\u00f4ng nh\u1eadn Tr\u00ecnh \u0111\u1ed9 chuy\u00ean m\u00f4n - Centre for Harmony and Enhancement of Ethnic Minority Residents (CHEER)","isPartOf":{"@id":"https:\/\/hkcscheer.net\/#website"},"datePublished":"2023-12-22T08:41:47+00:00","breadcrumb":{"@id":"https:\/\/hkcscheer.net\/for-jobseeker\/accreditation-of-qualifications\/#breadcrumb"},"inLanguage":"vi-VN","potentialAction":[{"@type":"ReadAction","target":["https:\/\/hkcscheer.net\/for-jobseeker\/accreditation-of-qualifications\/"]}]},{"@type":"BreadcrumbList","@id":"https:\/\/hkcscheer.net\/for-jobseeker\/accreditation-of-qualifications\/#breadcrumb","itemListElement":[{"@type":"ListItem","position":1,"name":"Home","item":"https:\/\/hkcscheer.net\/vi\/"},{"@type":"ListItem","position":2,"name":"Cho Ng\u01b0\u1eddi t\u00ecm vi\u1ec7c","item":"https:\/\/hkcscheer.net\/for-jobseeker\/"},{"@type":"ListItem","position":3,"name":"C\u00f4ng nh\u1eadn Tr\u00ecnh \u0111\u1ed9 chuy\u00ean m\u00f4n"}]},{"@type":"WebSite","@id":"https:\/\/hkcscheer.net\/#website","url":"https:\/\/hkcscheer.net\/","name":"Centre for Harmony and Enhancement of Ethnic Minority Residents (CHEER)","description":"Centre for Harmony and Enhancement of Ethnic Minority Residents (CHEER)","publisher":{"@id":"https:\/\/hkcscheer.net\/#organization"},"potentialAction":[{"@type":"SearchAction","target":{"@type":"EntryPoint","urlTemplate":"https:\/\/hkcscheer.net\/?s={search_term_string}"},"query-input":{"@type":"PropertyValueSpecification","valueRequired":true,"valueName":"search_term_string"}}],"inLanguage":"vi-VN"},{"@type":"Organization","@id":"https:\/\/hkcscheer.net\/#organization","name":"Centre for Harmony and Enhancement of Ethnic Minority Residents (CHEER)","url":"https:\/\/hkcscheer.net\/","logo":{"@type":"ImageObject","inLanguage":"vi-VN","@id":"https:\/\/hkcscheer.net\/#\/schema\/logo\/image\/","url":"https:\/\/hkcscheer.net\/wp-content\/uploads\/2024\/08\/Site-Logo.jpg","contentUrl":"https:\/\/hkcscheer.net\/wp-content\/uploads\/2024\/08\/Site-Logo.jpg","width":512,"height":512,"caption":"Centre for Harmony and Enhancement of Ethnic Minority Residents (CHEER)"},"image":{"@id":"https:\/\/hkcscheer.net\/#\/schema\/logo\/image\/"},"sameAs":["https:\/\/www.facebook.com\/CHEERHKCS\/","https:\/\/www.instagram.com\/hkcs_cheer"]}]}},"featured_image_src":null,"featured_image_src_square":null,"_links":{"self":[{"href":"https:\/\/hkcscheer.net\/vi\/wp-json\/wp\/v2\/pages\/1423","targetHints":{"allow":["GET"]}}],"collection":[{"href":"https:\/\/hkcscheer.net\/vi\/wp-json\/wp\/v2\/pages"}],"about":[{"href":"https:\/\/hkcscheer.net\/vi\/wp-json\/wp\/v2\/types\/page"}],"author":[{"embeddable":true,"href":"https:\/\/hkcscheer.net\/vi\/wp-json\/wp\/v2\/users\/1"}],"replies":[{"embeddable":true,"href":"https:\/\/hkcscheer.net\/vi\/wp-json\/wp\/v2\/comments?post=1423"}],"version-history":[{"count":0,"href":"https:\/\/hkcscheer.net\/vi\/wp-json\/wp\/v2\/pages\/1423\/revisions"}],"up":[{"embeddable":true,"href":"https:\/\/hkcscheer.net\/vi\/wp-json\/wp\/v2\/pages\/1418"}],"wp:attachment":[{"href":"https:\/\/hkcscheer.net\/vi\/wp-json\/wp\/v2\/media?parent=1423"}],"curies":[{"name":"wp","href":"https:\/\/api.w.org\/{rel}","templated":true}]}}