{"id":1421,"date":"2023-12-22T16:41:18","date_gmt":"2023-12-22T08:41:18","guid":{"rendered":"https:\/\/hkcscheer.net\/cho-nguoi-tim-viec\/quy-du-phong-bat-buoc-mpf\/"},"modified":"2023-12-22T16:41:18","modified_gmt":"2023-12-22T08:41:18","slug":"quy-du-phong-bat-buoc-mpf","status":"publish","type":"page","link":"https:\/\/hkcscheer.net\/vi\/cho-nguoi-tim-viec\/quy-du-phong-bat-buoc-mpf\/","title":{"rendered":"Qu\u1ef9 D\u1ef1 ph\u00f2ng B\u1eaft bu\u1ed9c (MPF)"},"content":{"rendered":"<header class=\"message__header\">\n<div class=\"message__attribution\">\n<div class=\"message__meta u-hide-on-template\">N\u1ebfu b\u1ea1n l\u00e0 nh\u00e2n vi\u00ean ho\u1eb7c ng\u01b0\u1eddi t\u1ef1 kinh doanh, H\u1ec7 th\u1ed1ng MPF cho ph\u00e9p b\u1ea1n ti\u1ebft ki\u1ec7m \u0111\u1ec3 ngh\u1ec9 h\u01b0u. Ngo\u1ea1i tr\u1eeb nh\u1eefng tr\u01b0\u1eddng h\u1ee3p \u0111\u01b0\u1ee3c mi\u1ec5n, t\u1ea5t c\u1ea3 nh\u1eefng ng\u01b0\u1eddi c\u00f3 vi\u1ec7c l\u00e0m t\u1eeb 18 tu\u1ed5i \u0111\u1ebfn d\u01b0\u1edbi 65 tu\u1ed5i \u0111\u1ec1u ph\u1ea3i tham gia c\u00e1c ch\u01b0\u01a1ng tr\u00ecnh MPF. D\u01b0\u1edbi \u0111\u00e2y l\u00e0 c\u00e1c \u0111\u1ed1i t\u01b0\u1ee3ng \u0111\u01b0\u1ee3c mi\u1ec5n:<\/div>\n<\/div>\n<\/header>\n<section class=\"push_double--top\">\n<div class=\"formatted_content formatted_content--large\">\n<div><\/div>\n<ul>\n<li>Ng\u01b0\u1eddi gi\u00fap vi\u1ec7c gia \u0111\u00ecnh (bao g\u1ed3m ng\u01b0\u1eddi n\u01b0\u1edbc ngo\u00e0i l\u00e0m gi\u00fap vi\u1ec7c)<\/li>\n<li>Ng\u01b0\u1eddi b\u00e1n h\u00e0ng rong t\u1ef1 kinh doanh;<\/li>\n<li>Nh\u1eefng ng\u01b0\u1eddi \u0111\u01b0\u1ee3c h\u01b0\u1edfng l\u01b0\u01a1ng h\u01b0u ho\u1eb7c c\u00e1c ch\u01b0\u01a1ng tr\u00ecnh qu\u1ef9 d\u1ef1 ph\u00f2ng theo lu\u1eadt \u0111\u1ecbnh, ch\u1eb3ng h\u1ea1n nh\u01b0 c\u00f4ng ch\u1ee9c v\u00e0 gi\u00e1o vi\u00ean tr\u01b0\u1eddng h\u1ecdc \u0111\u01b0\u1ee3c tr\u1ee3 c\u1ea5p ho\u1eb7c t\u00e0i tr\u1ee3;<\/li>\n<li>Ng\u01b0\u1eddi tham gia ch\u01b0\u01a1ng tr\u00ecnh h\u01b0u tr\u00ed ngh\u1ec1 nghi\u1ec7p \u0111\u01b0\u1ee3c c\u1ea5p gi\u1ea5y ch\u1ee9ng nh\u1eadn mi\u1ec5n tr\u1eeb;<\/li>\n<li>Nh\u1eefng ng\u01b0\u1eddi t\u1eeb n\u01b0\u1edbc ngo\u00e0i \u0111\u1ebfn H\u1ed3ng K\u00f4ng \u0111\u1ec3 l\u00e0m vi\u1ec7c d\u01b0\u1edbi 13 th\u00e1ng ho\u1eb7c nh\u1eefng ng\u01b0\u1eddi \u0111\u01b0\u1ee3c b\u1ea3o hi\u1ec3m theo ch\u1ebf \u0111\u1ed9 h\u01b0u tr\u00ed \u1edf n\u01b0\u1edbc ngo\u00e0i; V\u00e0<\/li>\n<li>Nh\u00e2n vi\u00ean c\u1ee7a V\u0103n ph\u00f2ng C\u1ed9ng \u0111\u1ed3ng Ch\u00e2u \u00c2u thu\u1ed9c \u1ee6y ban Ch\u00e2u \u00c2u t\u1ea1i H\u1ed3ng K\u00f4ng.<\/li>\n<\/ul>\n<div>Khi ch\u1ee7 lao \u0111\u1ed9ng \u0111\u0103ng k\u00fd cho b\u1ea1n tham gia m\u1ed9t ch\u01b0\u01a1ng tr\u00ecnh MPF, gi\u1ea5y ch\u1ee9ng nh\u1eadn th\u00e0nh vi\u00ean t\u1eeb ng\u01b0\u1eddi \u0111\u01b0\u1ee3c \u1ee7y th\u00e1c c\u1ee7a MPF s\u1ebd \u0111\u01b0\u1ee3c c\u1ea5p cho b\u1ea1n. B\u1ea1n c\u00f3 quy\u1ec1n l\u1ef1a ch\u1ecdn trong s\u1ed1 c\u00e1c qu\u1ef9 c\u1ea5u th\u00e0nh \u0111\u01b0\u1ee3c cung c\u1ea5p theo ch\u01b0\u01a1ng tr\u00ecnh.<\/p>\n<\/div>\n<div>C\u00e1c kho\u1ea3n \u0111\u00f3ng g\u00f3p b\u1eaft bu\u1ed9c \u0111\u01b0\u1ee3c t\u00ednh tr\u00ean c\u01a1 s\u1edf 5% thu nh\u1eadp li\u00ean quan c\u1ee7a ng\u01b0\u1eddi lao \u0111\u1ed9ng v\u00e0 ng\u01b0\u1eddi s\u1eed d\u1ee5ng lao \u0111\u1ed9ng c\u0169ng \u0111\u00f3ng g\u00f3p 5%. C\u00e1c kho\u1ea3n \u0111\u00f3ng g\u00f3p b\u1eaft bu\u1ed9c c\u1ee7a ng\u01b0\u1eddi lao \u0111\u1ed9ng tu\u00e2n theo m\u1ee9c thu nh\u1eadp t\u1ed1i thi\u1ec3u v\u00e0 t\u1ed1i \u0111a c\u00f3 li\u00ean quan, trong khi c\u00e1c kho\u1ea3n \u0111\u00f3ng g\u00f3p b\u1eaft bu\u1ed9c c\u1ee7a ng\u01b0\u1eddi s\u1eed d\u1ee5ng lao \u0111\u1ed9ng tu\u00e2n theo m\u1ee9c thu nh\u1eadp t\u1ed1i \u0111a c\u00f3 li\u00ean quan Nh\u1eefng ng\u01b0\u1eddi t\u1ef1 kinh doanh c\u0169ng ph\u1ea3i \u0111\u00f3ng g\u00f3p 5% thu nh\u1eadp li\u00ean quan c\u1ee7a h\u1ecd, t\u00f9y theo m\u1ee9c thu nh\u1eadp t\u1ed1i thi\u1ec3u v\u00e0 t\u1ed1i \u0111a c\u1ee7a h\u1ecd.<\/p>\n<\/div>\n<div>B\u1ea1n c\u00f3 th\u1ec3 r\u00fat c\u00e1c kho\u1ea3n tr\u1ee3 c\u1ea5p m\u1ed9t l\u1ea7n trong ch\u01b0\u01a1ng tr\u00ecnh MPF c\u1ee7a m\u00ecnh khi b\u1ea1n \u0111\u1ee7 tu\u1ed5i ngh\u1ec9 h\u01b0u l\u00e0 65 ho\u1eb7c theo c\u00e1c \u0111i\u1ec1u ki\u1ec7n \u0111\u1eb7c bi\u1ec7t kh\u00e1c nh\u01b0 ngh\u1ec9 h\u01b0u s\u1edbm \u1edf tu\u1ed5i 60 ho\u1eb7c r\u1eddi kh\u1ecfi H\u1ed3ng K\u00f4ng v\u0129nh vi\u1ec5n.<\/p>\n<p>\u0110\u1ec3 bi\u1ebft chi ti\u1ebft v\u1ec1 MPF:<\/p>\n<\/div>\n<div>\u0110\u01b0\u1eddng d\u00e2y n\u00f3ng: 2918 0102<\/p>\n<\/div>\n<div>Trang web: <a href=\"http:\/\/www.mpfa.org.hk\/\" target=\"_blank\" rel=\"noopener noreferrer\">www.mpfa.org.hk<\/a><\/div>\n<\/div>\n<\/section>\n","protected":false},"excerpt":{"rendered":"<p>N\u1ebfu b\u1ea1n l\u00e0 nh\u00e2n vi\u00ean ho\u1eb7c ng\u01b0\u1eddi t\u1ef1 kinh doanh, H\u1ec7 th\u1ed1ng MPF cho ph\u00e9p b\u1ea1n ti\u1ebft ki\u1ec7m \u0111\u1ec3 ngh\u1ec9 h\u01b0u. Ngo\u1ea1i tr\u1eeb nh\u1eefng tr\u01b0\u1eddng h\u1ee3p \u0111\u01b0\u1ee3c mi\u1ec5n, t\u1ea5t c\u1ea3 nh\u1eefng ng\u01b0\u1eddi c\u00f3 vi\u1ec7c l\u00e0m t\u1eeb 18 tu\u1ed5i \u0111\u1ebfn d\u01b0\u1edbi 65 tu\u1ed5i \u0111\u1ec1u ph\u1ea3i tham gia c\u00e1c ch\u01b0\u01a1ng tr\u00ecnh MPF. D\u01b0\u1edbi \u0111\u00e2y l\u00e0 c\u00e1c \u0111\u1ed1i [&hellip;]<\/p>\n","protected":false},"author":1,"featured_media":0,"parent":1418,"menu_order":0,"comment_status":"closed","ping_status":"closed","template":"","meta":{"footnotes":""},"class_list":["post-1421","page","type-page","status-publish","hentry"],"acf":[],"yoast_head":"<!-- This site is optimized with the Yoast SEO plugin v27.6 - https:\/\/yoast.com\/product\/yoast-seo-wordpress\/ -->\n<title>Qu\u1ef9 D\u1ef1 ph\u00f2ng B\u1eaft bu\u1ed9c (MPF) - Centre for Harmony and Enhancement of Ethnic Minority Residents (CHEER)<\/title>\n<meta name=\"robots\" content=\"index, follow, max-snippet:-1, max-image-preview:large, max-video-preview:-1\" \/>\n<link rel=\"canonical\" href=\"https:\/\/hkcscheer.net\/for-jobseeker\/mandatory-provident-fund-mpf\/\" \/>\n<meta property=\"og:locale\" content=\"vi_VN\" \/>\n<meta property=\"og:type\" content=\"article\" \/>\n<meta property=\"og:title\" content=\"Qu\u1ef9 D\u1ef1 ph\u00f2ng B\u1eaft bu\u1ed9c (MPF) - Centre for Harmony and Enhancement of Ethnic Minority Residents (CHEER)\" \/>\n<meta property=\"og:description\" content=\"N\u1ebfu b\u1ea1n l\u00e0 nh\u00e2n vi\u00ean ho\u1eb7c ng\u01b0\u1eddi t\u1ef1 kinh doanh, H\u1ec7 th\u1ed1ng MPF cho ph\u00e9p b\u1ea1n ti\u1ebft ki\u1ec7m \u0111\u1ec3 ngh\u1ec9 h\u01b0u. Ngo\u1ea1i tr\u1eeb nh\u1eefng tr\u01b0\u1eddng h\u1ee3p \u0111\u01b0\u1ee3c mi\u1ec5n, t\u1ea5t c\u1ea3 nh\u1eefng ng\u01b0\u1eddi c\u00f3 vi\u1ec7c l\u00e0m t\u1eeb 18 tu\u1ed5i \u0111\u1ebfn d\u01b0\u1edbi 65 tu\u1ed5i \u0111\u1ec1u ph\u1ea3i tham gia c\u00e1c ch\u01b0\u01a1ng tr\u00ecnh MPF. D\u01b0\u1edbi \u0111\u00e2y l\u00e0 c\u00e1c \u0111\u1ed1i [&hellip;]\" \/>\n<meta property=\"og:url\" content=\"https:\/\/hkcscheer.net\/for-jobseeker\/mandatory-provident-fund-mpf\/\" \/>\n<meta property=\"og:site_name\" content=\"Centre for Harmony and Enhancement of Ethnic Minority Residents (CHEER)\" \/>\n<meta property=\"article:publisher\" content=\"https:\/\/www.facebook.com\/CHEERHKCS\/\" \/>\n<meta name=\"twitter:card\" content=\"summary_large_image\" \/>\n<meta name=\"twitter:label1\" content=\"Est. reading time\" \/>\n\t<meta name=\"twitter:data1\" content=\"3 minutes\" \/>\n<script type=\"application\/ld+json\" class=\"yoast-schema-graph\">{\"@context\":\"https:\\\/\\\/schema.org\",\"@graph\":[{\"@type\":\"WebPage\",\"@id\":\"https:\\\/\\\/hkcscheer.net\\\/for-jobseeker\\\/mandatory-provident-fund-mpf\\\/\",\"url\":\"https:\\\/\\\/hkcscheer.net\\\/for-jobseeker\\\/mandatory-provident-fund-mpf\\\/\",\"name\":\"Qu\u1ef9 D\u1ef1 ph\u00f2ng B\u1eaft bu\u1ed9c (MPF) - Centre for Harmony and Enhancement of Ethnic Minority Residents (CHEER)\",\"isPartOf\":{\"@id\":\"https:\\\/\\\/hkcscheer.net\\\/#website\"},\"datePublished\":\"2023-12-22T08:41:18+00:00\",\"breadcrumb\":{\"@id\":\"https:\\\/\\\/hkcscheer.net\\\/for-jobseeker\\\/mandatory-provident-fund-mpf\\\/#breadcrumb\"},\"inLanguage\":\"vi-VN\",\"potentialAction\":[{\"@type\":\"ReadAction\",\"target\":[\"https:\\\/\\\/hkcscheer.net\\\/for-jobseeker\\\/mandatory-provident-fund-mpf\\\/\"]}]},{\"@type\":\"BreadcrumbList\",\"@id\":\"https:\\\/\\\/hkcscheer.net\\\/for-jobseeker\\\/mandatory-provident-fund-mpf\\\/#breadcrumb\",\"itemListElement\":[{\"@type\":\"ListItem\",\"position\":1,\"name\":\"Home\",\"item\":\"https:\\\/\\\/hkcscheer.net\\\/vi\\\/\"},{\"@type\":\"ListItem\",\"position\":2,\"name\":\"Cho Ng\u01b0\u1eddi t\u00ecm vi\u1ec7c\",\"item\":\"https:\\\/\\\/hkcscheer.net\\\/for-jobseeker\\\/\"},{\"@type\":\"ListItem\",\"position\":3,\"name\":\"Qu\u1ef9 D\u1ef1 ph\u00f2ng B\u1eaft bu\u1ed9c (MPF)\"}]},{\"@type\":\"WebSite\",\"@id\":\"https:\\\/\\\/hkcscheer.net\\\/#website\",\"url\":\"https:\\\/\\\/hkcscheer.net\\\/\",\"name\":\"Centre for Harmony and Enhancement of Ethnic Minority Residents (CHEER)\",\"description\":\"Centre for Harmony and Enhancement of Ethnic Minority Residents (CHEER)\",\"publisher\":{\"@id\":\"https:\\\/\\\/hkcscheer.net\\\/#organization\"},\"potentialAction\":[{\"@type\":\"SearchAction\",\"target\":{\"@type\":\"EntryPoint\",\"urlTemplate\":\"https:\\\/\\\/hkcscheer.net\\\/?s={search_term_string}\"},\"query-input\":{\"@type\":\"PropertyValueSpecification\",\"valueRequired\":true,\"valueName\":\"search_term_string\"}}],\"inLanguage\":\"vi-VN\"},{\"@type\":\"Organization\",\"@id\":\"https:\\\/\\\/hkcscheer.net\\\/#organization\",\"name\":\"Centre for Harmony and Enhancement of Ethnic Minority Residents (CHEER)\",\"url\":\"https:\\\/\\\/hkcscheer.net\\\/\",\"logo\":{\"@type\":\"ImageObject\",\"inLanguage\":\"vi-VN\",\"@id\":\"https:\\\/\\\/hkcscheer.net\\\/#\\\/schema\\\/logo\\\/image\\\/\",\"url\":\"https:\\\/\\\/hkcscheer.net\\\/wp-content\\\/uploads\\\/2024\\\/08\\\/Site-Logo.jpg\",\"contentUrl\":\"https:\\\/\\\/hkcscheer.net\\\/wp-content\\\/uploads\\\/2024\\\/08\\\/Site-Logo.jpg\",\"width\":512,\"height\":512,\"caption\":\"Centre for Harmony and Enhancement of Ethnic Minority Residents (CHEER)\"},\"image\":{\"@id\":\"https:\\\/\\\/hkcscheer.net\\\/#\\\/schema\\\/logo\\\/image\\\/\"},\"sameAs\":[\"https:\\\/\\\/www.facebook.com\\\/CHEERHKCS\\\/\",\"https:\\\/\\\/www.instagram.com\\\/hkcs_cheer\"]}]}<\/script>\n<!-- \/ Yoast SEO plugin. -->","yoast_head_json":{"title":"Qu\u1ef9 D\u1ef1 ph\u00f2ng B\u1eaft bu\u1ed9c (MPF) - Centre for Harmony and Enhancement of Ethnic Minority Residents (CHEER)","robots":{"index":"index","follow":"follow","max-snippet":"max-snippet:-1","max-image-preview":"max-image-preview:large","max-video-preview":"max-video-preview:-1"},"canonical":"https:\/\/hkcscheer.net\/for-jobseeker\/mandatory-provident-fund-mpf\/","og_locale":"vi_VN","og_type":"article","og_title":"Qu\u1ef9 D\u1ef1 ph\u00f2ng B\u1eaft bu\u1ed9c (MPF) - Centre for Harmony and Enhancement of Ethnic Minority Residents (CHEER)","og_description":"N\u1ebfu b\u1ea1n l\u00e0 nh\u00e2n vi\u00ean ho\u1eb7c ng\u01b0\u1eddi t\u1ef1 kinh doanh, H\u1ec7 th\u1ed1ng MPF cho ph\u00e9p b\u1ea1n ti\u1ebft ki\u1ec7m \u0111\u1ec3 ngh\u1ec9 h\u01b0u. Ngo\u1ea1i tr\u1eeb nh\u1eefng tr\u01b0\u1eddng h\u1ee3p \u0111\u01b0\u1ee3c mi\u1ec5n, t\u1ea5t c\u1ea3 nh\u1eefng ng\u01b0\u1eddi c\u00f3 vi\u1ec7c l\u00e0m t\u1eeb 18 tu\u1ed5i \u0111\u1ebfn d\u01b0\u1edbi 65 tu\u1ed5i \u0111\u1ec1u ph\u1ea3i tham gia c\u00e1c ch\u01b0\u01a1ng tr\u00ecnh MPF. D\u01b0\u1edbi \u0111\u00e2y l\u00e0 c\u00e1c \u0111\u1ed1i [&hellip;]","og_url":"https:\/\/hkcscheer.net\/for-jobseeker\/mandatory-provident-fund-mpf\/","og_site_name":"Centre for Harmony and Enhancement of Ethnic Minority Residents (CHEER)","article_publisher":"https:\/\/www.facebook.com\/CHEERHKCS\/","twitter_card":"summary_large_image","twitter_misc":{"Est. reading time":"3 minutes"},"schema":{"@context":"https:\/\/schema.org","@graph":[{"@type":"WebPage","@id":"https:\/\/hkcscheer.net\/for-jobseeker\/mandatory-provident-fund-mpf\/","url":"https:\/\/hkcscheer.net\/for-jobseeker\/mandatory-provident-fund-mpf\/","name":"Qu\u1ef9 D\u1ef1 ph\u00f2ng B\u1eaft bu\u1ed9c (MPF) - Centre for Harmony and Enhancement of Ethnic Minority Residents (CHEER)","isPartOf":{"@id":"https:\/\/hkcscheer.net\/#website"},"datePublished":"2023-12-22T08:41:18+00:00","breadcrumb":{"@id":"https:\/\/hkcscheer.net\/for-jobseeker\/mandatory-provident-fund-mpf\/#breadcrumb"},"inLanguage":"vi-VN","potentialAction":[{"@type":"ReadAction","target":["https:\/\/hkcscheer.net\/for-jobseeker\/mandatory-provident-fund-mpf\/"]}]},{"@type":"BreadcrumbList","@id":"https:\/\/hkcscheer.net\/for-jobseeker\/mandatory-provident-fund-mpf\/#breadcrumb","itemListElement":[{"@type":"ListItem","position":1,"name":"Home","item":"https:\/\/hkcscheer.net\/vi\/"},{"@type":"ListItem","position":2,"name":"Cho Ng\u01b0\u1eddi t\u00ecm vi\u1ec7c","item":"https:\/\/hkcscheer.net\/for-jobseeker\/"},{"@type":"ListItem","position":3,"name":"Qu\u1ef9 D\u1ef1 ph\u00f2ng B\u1eaft bu\u1ed9c (MPF)"}]},{"@type":"WebSite","@id":"https:\/\/hkcscheer.net\/#website","url":"https:\/\/hkcscheer.net\/","name":"Centre for Harmony and Enhancement of Ethnic Minority Residents (CHEER)","description":"Centre for Harmony and Enhancement of Ethnic Minority Residents (CHEER)","publisher":{"@id":"https:\/\/hkcscheer.net\/#organization"},"potentialAction":[{"@type":"SearchAction","target":{"@type":"EntryPoint","urlTemplate":"https:\/\/hkcscheer.net\/?s={search_term_string}"},"query-input":{"@type":"PropertyValueSpecification","valueRequired":true,"valueName":"search_term_string"}}],"inLanguage":"vi-VN"},{"@type":"Organization","@id":"https:\/\/hkcscheer.net\/#organization","name":"Centre for Harmony and Enhancement of Ethnic Minority Residents (CHEER)","url":"https:\/\/hkcscheer.net\/","logo":{"@type":"ImageObject","inLanguage":"vi-VN","@id":"https:\/\/hkcscheer.net\/#\/schema\/logo\/image\/","url":"https:\/\/hkcscheer.net\/wp-content\/uploads\/2024\/08\/Site-Logo.jpg","contentUrl":"https:\/\/hkcscheer.net\/wp-content\/uploads\/2024\/08\/Site-Logo.jpg","width":512,"height":512,"caption":"Centre for Harmony and Enhancement of Ethnic Minority Residents (CHEER)"},"image":{"@id":"https:\/\/hkcscheer.net\/#\/schema\/logo\/image\/"},"sameAs":["https:\/\/www.facebook.com\/CHEERHKCS\/","https:\/\/www.instagram.com\/hkcs_cheer"]}]}},"featured_image_src":null,"featured_image_src_square":null,"_links":{"self":[{"href":"https:\/\/hkcscheer.net\/vi\/wp-json\/wp\/v2\/pages\/1421","targetHints":{"allow":["GET"]}}],"collection":[{"href":"https:\/\/hkcscheer.net\/vi\/wp-json\/wp\/v2\/pages"}],"about":[{"href":"https:\/\/hkcscheer.net\/vi\/wp-json\/wp\/v2\/types\/page"}],"author":[{"embeddable":true,"href":"https:\/\/hkcscheer.net\/vi\/wp-json\/wp\/v2\/users\/1"}],"replies":[{"embeddable":true,"href":"https:\/\/hkcscheer.net\/vi\/wp-json\/wp\/v2\/comments?post=1421"}],"version-history":[{"count":0,"href":"https:\/\/hkcscheer.net\/vi\/wp-json\/wp\/v2\/pages\/1421\/revisions"}],"up":[{"embeddable":true,"href":"https:\/\/hkcscheer.net\/vi\/wp-json\/wp\/v2\/pages\/1418"}],"wp:attachment":[{"href":"https:\/\/hkcscheer.net\/vi\/wp-json\/wp\/v2\/media?parent=1421"}],"curies":[{"name":"wp","href":"https:\/\/api.w.org\/{rel}","templated":true}]}}