{"id":1412,"date":"2023-12-22T16:18:32","date_gmt":"2023-12-22T08:18:32","guid":{"rendered":"https:\/\/hkcscheer.net\/lien-he-voi-chung-toi\/"},"modified":"2024-05-06T17:09:55","modified_gmt":"2024-05-06T09:09:55","slug":"lien-he-voi-chung-toi","status":"publish","type":"page","link":"https:\/\/hkcscheer.net\/vi\/lien-he-voi-chung-toi\/","title":{"rendered":"Li\u00ean h\u1ec7 v\u1edbi Ch\u00fang t\u00f4i"},"content":{"rendered":"<h1><strong>D\u1ecbch v\u1ee5 Phi\u00ean d\u1ecbch v\u00e0 Bi\u00ean d\u1ecbch<\/strong><\/h1>\n<div>\u0110i\u1ec7n tho\u1ea1i\uff1a | 31063104<br \/>\nFax\uff1a | 3106 0454<br \/>\nEmail\uff1a | <a href=\"mailto:tis-cheer@hkcs.org\" target=\"_blank\" rel=\"noopener noreferrer\">tis-cheer@hkcs.org<\/a><\/div>\n<div>\n<p>&nbsp;<\/p>\n<\/div>\n<h1><strong>\u0110\u01b0\u1eddng d\u00e2y n\u00f3ng T\u01b0 v\u1ea5n D\u1ecbch v\u1ee5 Thanh thi\u1ebfu ni\u00ean<\/strong><\/h1>\n<div>\n<p>\u0110i\u1ec7n tho\u1ea1i\uff1a | 5222 0554<\/p>\n<p>&nbsp;<\/p>\n<\/div>\n<h1><strong>Th\u1eafc m\u1eafc chung<\/strong><\/h1>\n<div>\u0110\u1ecba ch\u1ec9\uff1a | 4\/F, South Asia Commercial Centre, 64 Tsun Yip Street, Kwun Tong, Kowloon, Hong Kong<br \/>\n\u0110i\u1ec7n tho\u1ea1i\uff1a | 31063104<br \/>\nFax\uff1a | 3106 0454<br \/>\nEmail\uff1a | <a href=\"mailto:cheer@hkcs.org\" target=\"_blank\" rel=\"noopener noreferrer\">cheer@hkcs.org<\/a><br \/>\nTrang web\uff1a | <a href=\"http:\/\/www.hkcscheer.net\/\" target=\"_blank\" rel=\"noopener noreferrer\">www.hkcscheer.net<\/a> (Trang web v\u1edbi Th\u00f4ng tin \u0110a Ng\u00f4n ng\u1eef)<\/p>\n<div>\n<p>&nbsp;<\/p>\n<\/div>\n<h1><\/h1>\n<\/div>\n<h1><strong>D\u1ecbch v\u1ee5 m\u1edf c\u1eeda ph\u1ee5c v\u1ee5 \u0111\u00f3n ti\u1ebfp<\/strong><\/h1>\n<div>Th\u1ee9 Hai 9:00h s\u00e1ng &#8211; 5:00h chi\u1ec1u<\/div>\n<div>Th\u1ee9 Ba \u0111\u1ebfn Ch\u1ee7 nh\u1eadt: 9:00h s\u00e1ng &#8211; 9:00h t\u1ed1i<\/div>\n<div>\n<p>(\u0110\u00f3ng c\u1eeda v\u00e0 c\u00e1c ng\u00e0y l\u1ec5)<\/p>\n<div>\n<p><img loading=\"lazy\" decoding=\"async\" class=\"alignnone wp-image-2148\" src=\"https:\/\/hkcscheer.net\/wp-content\/uploads\/2024\/05\/DSCF7293_edited-300x200.jpg\" alt=\"drop-in\" width=\"500\" height=\"334\" srcset=\"https:\/\/hkcscheer.net\/wp-content\/uploads\/2024\/05\/DSCF7293_edited-300x200.jpg 300w, https:\/\/hkcscheer.net\/wp-content\/uploads\/2024\/05\/DSCF7293_edited-1024x684.jpg 1024w, https:\/\/hkcscheer.net\/wp-content\/uploads\/2024\/05\/DSCF7293_edited-768x513.jpg 768w, https:\/\/hkcscheer.net\/wp-content\/uploads\/2024\/05\/DSCF7293_edited-1536x1026.jpg 1536w, https:\/\/hkcscheer.net\/wp-content\/uploads\/2024\/05\/DSCF7293_edited-600x400.jpg 600w, https:\/\/hkcscheer.net\/wp-content\/uploads\/2024\/05\/DSCF7293_edited.jpg 1920w\" sizes=\"auto, (max-width: 500px) 100vw, 500px\" \/><\/p>\n<\/div>\n<h1><\/h1>\n<\/div>\n<h1><strong>B\u1ed1 tr\u00ed d\u1ecbch v\u1ee5 khi c\u00f3 t\u00edn hi\u1ec7u b\u00e3o s\u1ed1 8 ho\u1eb7c c\u00f3 t\u00edn hi\u1ec7u m\u01b0a b\u00e3o \u0111en <\/strong><\/h1>\n<div>Khi t\u00edn hi\u1ec7u b\u00e3o s\u1ed1 8 ho\u1eb7c t\u00edn hi\u1ec7u m\u01b0a b\u00e3o \u0111en \u0111\u01b0\u1ee3c ph\u00e1t ra ho\u1eb7c d\u1ef1 ki\u1ebfn s\u1ebd \u0111\u01b0\u1ee3c ph\u00e1t, trung t\u00e2m c\u1ee7a ch\u00fang t\u00f4i s\u1ebd \u0111\u00f3ng c\u1eeda v\u00e0 t\u1ea5t c\u1ea3 c\u00e1c d\u1ecbch v\u1ee5 phi\u00ean d\u1ecbch s\u1ebd ng\u1eebng l\u1ea1i. Nh\u00e2n vi\u00ean c\u1ee7a ch\u00fang t\u00f4i s\u1ebd li\u00ean h\u1ec7 v\u1edbi nh\u1eefng ai \u0111\u00e3 \u0111\u0103ng k\u00fd d\u1ecbch v\u1ee5 TELISA, OIS v\u00e0 SIS \u0111\u1ec3 ti\u1ebfn h\u00e0nh \u0111\u0103ng k\u00fd l\u1ea1i.<\/div>\n<div><\/div>\n<div><img loading=\"lazy\" decoding=\"async\" class=\"alignnone size-full wp-image-499\" src=\"https:\/\/hkcscheer.net\/wp-content\/uploads\/2023\/12\/Map.jpg\" alt=\"\" width=\"1090\" height=\"721\" srcset=\"https:\/\/hkcscheer.net\/wp-content\/uploads\/2023\/12\/Map.jpg 1090w, https:\/\/hkcscheer.net\/wp-content\/uploads\/2023\/12\/Map-300x198.jpg 300w, https:\/\/hkcscheer.net\/wp-content\/uploads\/2023\/12\/Map-1024x677.jpg 1024w, https:\/\/hkcscheer.net\/wp-content\/uploads\/2023\/12\/Map-768x508.jpg 768w\" sizes=\"auto, (max-width: 1090px) 100vw, 1090px\" \/><\/div>\n","protected":false},"excerpt":{"rendered":"<p>D\u1ecbch v\u1ee5 Phi\u00ean d\u1ecbch v\u00e0 Bi\u00ean d\u1ecbch \u0110i\u1ec7n tho\u1ea1i\uff1a | 31063104 Fax\uff1a | 3106 0454 Email\uff1a | tis-cheer@hkcs.org &nbsp; \u0110\u01b0\u1eddng d\u00e2y n\u00f3ng T\u01b0 v\u1ea5n D\u1ecbch v\u1ee5 Thanh thi\u1ebfu ni\u00ean \u0110i\u1ec7n tho\u1ea1i\uff1a | 5222 0554 &nbsp; Th\u1eafc m\u1eafc chung \u0110\u1ecba ch\u1ec9\uff1a | 4\/F, South Asia Commercial Centre, 64 Tsun Yip Street, Kwun Tong, Kowloon, Hong Kong [&hellip;]<\/p>\n","protected":false},"author":1,"featured_media":0,"parent":0,"menu_order":0,"comment_status":"closed","ping_status":"closed","template":"","meta":{"footnotes":""},"class_list":["post-1412","page","type-page","status-publish","hentry"],"acf":[],"yoast_head":"<!-- This site is optimized with the Yoast SEO plugin v27.4 - https:\/\/yoast.com\/product\/yoast-seo-wordpress\/ -->\n<title>Li\u00ean h\u1ec7 v\u1edbi Ch\u00fang t\u00f4i - Centre for Harmony and Enhancement of Ethnic Minority Residents (CHEER)<\/title>\n<meta name=\"robots\" content=\"index, follow, max-snippet:-1, max-image-preview:large, max-video-preview:-1\" \/>\n<link rel=\"canonical\" href=\"https:\/\/hkcscheer.net\/contact-us\/\" \/>\n<meta property=\"og:locale\" content=\"vi_VN\" \/>\n<meta property=\"og:type\" content=\"article\" \/>\n<meta property=\"og:title\" content=\"Li\u00ean h\u1ec7 v\u1edbi Ch\u00fang t\u00f4i - Centre for Harmony and Enhancement of Ethnic Minority Residents (CHEER)\" \/>\n<meta property=\"og:description\" content=\"D\u1ecbch v\u1ee5 Phi\u00ean d\u1ecbch v\u00e0 Bi\u00ean d\u1ecbch \u0110i\u1ec7n tho\u1ea1i\uff1a | 31063104 Fax\uff1a | 3106 0454 Email\uff1a | tis-cheer@hkcs.org &nbsp; \u0110\u01b0\u1eddng d\u00e2y n\u00f3ng T\u01b0 v\u1ea5n D\u1ecbch v\u1ee5 Thanh thi\u1ebfu ni\u00ean \u0110i\u1ec7n tho\u1ea1i\uff1a | 5222 0554 &nbsp; Th\u1eafc m\u1eafc chung \u0110\u1ecba ch\u1ec9\uff1a | 4\/F, South Asia Commercial Centre, 64 Tsun Yip Street, Kwun Tong, Kowloon, Hong Kong [&hellip;]\" \/>\n<meta property=\"og:url\" content=\"https:\/\/hkcscheer.net\/contact-us\/\" \/>\n<meta property=\"og:site_name\" content=\"Centre for Harmony and Enhancement of Ethnic Minority Residents (CHEER)\" \/>\n<meta property=\"article:publisher\" content=\"https:\/\/www.facebook.com\/CHEERHKCS\/\" \/>\n<meta property=\"article:modified_time\" content=\"2024-05-06T09:09:55+00:00\" \/>\n<meta property=\"og:image\" content=\"https:\/\/hkcscheer.net\/wp-content\/uploads\/2024\/05\/DSCF7293_edited-300x200.jpg\" \/>\n<meta name=\"twitter:card\" content=\"summary_large_image\" \/>\n<meta name=\"twitter:label1\" content=\"Est. reading time\" \/>\n\t<meta name=\"twitter:data1\" content=\"1 minute\" \/>\n<script type=\"application\/ld+json\" class=\"yoast-schema-graph\">{\"@context\":\"https:\\\/\\\/schema.org\",\"@graph\":[{\"@type\":\"WebPage\",\"@id\":\"https:\\\/\\\/hkcscheer.net\\\/contact-us\\\/\",\"url\":\"https:\\\/\\\/hkcscheer.net\\\/contact-us\\\/\",\"name\":\"Li\u00ean h\u1ec7 v\u1edbi Ch\u00fang t\u00f4i - Centre for Harmony and Enhancement of Ethnic Minority Residents (CHEER)\",\"isPartOf\":{\"@id\":\"https:\\\/\\\/hkcscheer.net\\\/#website\"},\"primaryImageOfPage\":{\"@id\":\"https:\\\/\\\/hkcscheer.net\\\/contact-us\\\/#primaryimage\"},\"image\":{\"@id\":\"https:\\\/\\\/hkcscheer.net\\\/contact-us\\\/#primaryimage\"},\"thumbnailUrl\":\"https:\\\/\\\/hkcscheer.net\\\/wp-content\\\/uploads\\\/2024\\\/05\\\/DSCF7293_edited-300x200.jpg\",\"datePublished\":\"2023-12-22T08:18:32+00:00\",\"dateModified\":\"2024-05-06T09:09:55+00:00\",\"breadcrumb\":{\"@id\":\"https:\\\/\\\/hkcscheer.net\\\/contact-us\\\/#breadcrumb\"},\"inLanguage\":\"vi-VN\",\"potentialAction\":[{\"@type\":\"ReadAction\",\"target\":[\"https:\\\/\\\/hkcscheer.net\\\/contact-us\\\/\"]}]},{\"@type\":\"ImageObject\",\"inLanguage\":\"vi-VN\",\"@id\":\"https:\\\/\\\/hkcscheer.net\\\/contact-us\\\/#primaryimage\",\"url\":\"https:\\\/\\\/hkcscheer.net\\\/wp-content\\\/uploads\\\/2024\\\/05\\\/DSCF7293_edited-300x200.jpg\",\"contentUrl\":\"https:\\\/\\\/hkcscheer.net\\\/wp-content\\\/uploads\\\/2024\\\/05\\\/DSCF7293_edited-300x200.jpg\"},{\"@type\":\"BreadcrumbList\",\"@id\":\"https:\\\/\\\/hkcscheer.net\\\/contact-us\\\/#breadcrumb\",\"itemListElement\":[{\"@type\":\"ListItem\",\"position\":1,\"name\":\"Home\",\"item\":\"https:\\\/\\\/hkcscheer.net\\\/vi\\\/\"},{\"@type\":\"ListItem\",\"position\":2,\"name\":\"Li\u00ean h\u1ec7 v\u1edbi Ch\u00fang t\u00f4i\"}]},{\"@type\":\"WebSite\",\"@id\":\"https:\\\/\\\/hkcscheer.net\\\/#website\",\"url\":\"https:\\\/\\\/hkcscheer.net\\\/\",\"name\":\"Centre for Harmony and Enhancement of Ethnic Minority Residents (CHEER)\",\"description\":\"Centre for Harmony and Enhancement of Ethnic Minority Residents (CHEER)\",\"publisher\":{\"@id\":\"https:\\\/\\\/hkcscheer.net\\\/#organization\"},\"potentialAction\":[{\"@type\":\"SearchAction\",\"target\":{\"@type\":\"EntryPoint\",\"urlTemplate\":\"https:\\\/\\\/hkcscheer.net\\\/?s={search_term_string}\"},\"query-input\":{\"@type\":\"PropertyValueSpecification\",\"valueRequired\":true,\"valueName\":\"search_term_string\"}}],\"inLanguage\":\"vi-VN\"},{\"@type\":\"Organization\",\"@id\":\"https:\\\/\\\/hkcscheer.net\\\/#organization\",\"name\":\"Centre for Harmony and Enhancement of Ethnic Minority Residents (CHEER)\",\"url\":\"https:\\\/\\\/hkcscheer.net\\\/\",\"logo\":{\"@type\":\"ImageObject\",\"inLanguage\":\"vi-VN\",\"@id\":\"https:\\\/\\\/hkcscheer.net\\\/#\\\/schema\\\/logo\\\/image\\\/\",\"url\":\"https:\\\/\\\/hkcscheer.net\\\/wp-content\\\/uploads\\\/2024\\\/08\\\/Site-Logo.jpg\",\"contentUrl\":\"https:\\\/\\\/hkcscheer.net\\\/wp-content\\\/uploads\\\/2024\\\/08\\\/Site-Logo.jpg\",\"width\":512,\"height\":512,\"caption\":\"Centre for Harmony and Enhancement of Ethnic Minority Residents (CHEER)\"},\"image\":{\"@id\":\"https:\\\/\\\/hkcscheer.net\\\/#\\\/schema\\\/logo\\\/image\\\/\"},\"sameAs\":[\"https:\\\/\\\/www.facebook.com\\\/CHEERHKCS\\\/\",\"https:\\\/\\\/www.instagram.com\\\/hkcs_cheer\"]}]}<\/script>\n<!-- \/ Yoast SEO plugin. -->","yoast_head_json":{"title":"Li\u00ean h\u1ec7 v\u1edbi Ch\u00fang t\u00f4i - Centre for Harmony and Enhancement of Ethnic Minority Residents (CHEER)","robots":{"index":"index","follow":"follow","max-snippet":"max-snippet:-1","max-image-preview":"max-image-preview:large","max-video-preview":"max-video-preview:-1"},"canonical":"https:\/\/hkcscheer.net\/contact-us\/","og_locale":"vi_VN","og_type":"article","og_title":"Li\u00ean h\u1ec7 v\u1edbi Ch\u00fang t\u00f4i - Centre for Harmony and Enhancement of Ethnic Minority Residents (CHEER)","og_description":"D\u1ecbch v\u1ee5 Phi\u00ean d\u1ecbch v\u00e0 Bi\u00ean d\u1ecbch \u0110i\u1ec7n tho\u1ea1i\uff1a | 31063104 Fax\uff1a | 3106 0454 Email\uff1a | tis-cheer@hkcs.org &nbsp; \u0110\u01b0\u1eddng d\u00e2y n\u00f3ng T\u01b0 v\u1ea5n D\u1ecbch v\u1ee5 Thanh thi\u1ebfu ni\u00ean \u0110i\u1ec7n tho\u1ea1i\uff1a | 5222 0554 &nbsp; Th\u1eafc m\u1eafc chung \u0110\u1ecba ch\u1ec9\uff1a | 4\/F, South Asia Commercial Centre, 64 Tsun Yip Street, Kwun Tong, Kowloon, Hong Kong [&hellip;]","og_url":"https:\/\/hkcscheer.net\/contact-us\/","og_site_name":"Centre for Harmony and Enhancement of Ethnic Minority Residents (CHEER)","article_publisher":"https:\/\/www.facebook.com\/CHEERHKCS\/","article_modified_time":"2024-05-06T09:09:55+00:00","og_image":[{"url":"https:\/\/hkcscheer.net\/wp-content\/uploads\/2024\/05\/DSCF7293_edited-300x200.jpg","type":"","width":"","height":""}],"twitter_card":"summary_large_image","twitter_misc":{"Est. reading time":"1 minute"},"schema":{"@context":"https:\/\/schema.org","@graph":[{"@type":"WebPage","@id":"https:\/\/hkcscheer.net\/contact-us\/","url":"https:\/\/hkcscheer.net\/contact-us\/","name":"Li\u00ean h\u1ec7 v\u1edbi Ch\u00fang t\u00f4i - Centre for Harmony and Enhancement of Ethnic Minority Residents (CHEER)","isPartOf":{"@id":"https:\/\/hkcscheer.net\/#website"},"primaryImageOfPage":{"@id":"https:\/\/hkcscheer.net\/contact-us\/#primaryimage"},"image":{"@id":"https:\/\/hkcscheer.net\/contact-us\/#primaryimage"},"thumbnailUrl":"https:\/\/hkcscheer.net\/wp-content\/uploads\/2024\/05\/DSCF7293_edited-300x200.jpg","datePublished":"2023-12-22T08:18:32+00:00","dateModified":"2024-05-06T09:09:55+00:00","breadcrumb":{"@id":"https:\/\/hkcscheer.net\/contact-us\/#breadcrumb"},"inLanguage":"vi-VN","potentialAction":[{"@type":"ReadAction","target":["https:\/\/hkcscheer.net\/contact-us\/"]}]},{"@type":"ImageObject","inLanguage":"vi-VN","@id":"https:\/\/hkcscheer.net\/contact-us\/#primaryimage","url":"https:\/\/hkcscheer.net\/wp-content\/uploads\/2024\/05\/DSCF7293_edited-300x200.jpg","contentUrl":"https:\/\/hkcscheer.net\/wp-content\/uploads\/2024\/05\/DSCF7293_edited-300x200.jpg"},{"@type":"BreadcrumbList","@id":"https:\/\/hkcscheer.net\/contact-us\/#breadcrumb","itemListElement":[{"@type":"ListItem","position":1,"name":"Home","item":"https:\/\/hkcscheer.net\/vi\/"},{"@type":"ListItem","position":2,"name":"Li\u00ean h\u1ec7 v\u1edbi Ch\u00fang t\u00f4i"}]},{"@type":"WebSite","@id":"https:\/\/hkcscheer.net\/#website","url":"https:\/\/hkcscheer.net\/","name":"Centre for Harmony and Enhancement of Ethnic Minority Residents (CHEER)","description":"Centre for Harmony and Enhancement of Ethnic Minority Residents (CHEER)","publisher":{"@id":"https:\/\/hkcscheer.net\/#organization"},"potentialAction":[{"@type":"SearchAction","target":{"@type":"EntryPoint","urlTemplate":"https:\/\/hkcscheer.net\/?s={search_term_string}"},"query-input":{"@type":"PropertyValueSpecification","valueRequired":true,"valueName":"search_term_string"}}],"inLanguage":"vi-VN"},{"@type":"Organization","@id":"https:\/\/hkcscheer.net\/#organization","name":"Centre for Harmony and Enhancement of Ethnic Minority Residents (CHEER)","url":"https:\/\/hkcscheer.net\/","logo":{"@type":"ImageObject","inLanguage":"vi-VN","@id":"https:\/\/hkcscheer.net\/#\/schema\/logo\/image\/","url":"https:\/\/hkcscheer.net\/wp-content\/uploads\/2024\/08\/Site-Logo.jpg","contentUrl":"https:\/\/hkcscheer.net\/wp-content\/uploads\/2024\/08\/Site-Logo.jpg","width":512,"height":512,"caption":"Centre for Harmony and Enhancement of Ethnic Minority Residents (CHEER)"},"image":{"@id":"https:\/\/hkcscheer.net\/#\/schema\/logo\/image\/"},"sameAs":["https:\/\/www.facebook.com\/CHEERHKCS\/","https:\/\/www.instagram.com\/hkcs_cheer"]}]}},"featured_image_src":null,"featured_image_src_square":null,"_links":{"self":[{"href":"https:\/\/hkcscheer.net\/vi\/wp-json\/wp\/v2\/pages\/1412","targetHints":{"allow":["GET"]}}],"collection":[{"href":"https:\/\/hkcscheer.net\/vi\/wp-json\/wp\/v2\/pages"}],"about":[{"href":"https:\/\/hkcscheer.net\/vi\/wp-json\/wp\/v2\/types\/page"}],"author":[{"embeddable":true,"href":"https:\/\/hkcscheer.net\/vi\/wp-json\/wp\/v2\/users\/1"}],"replies":[{"embeddable":true,"href":"https:\/\/hkcscheer.net\/vi\/wp-json\/wp\/v2\/comments?post=1412"}],"version-history":[{"count":0,"href":"https:\/\/hkcscheer.net\/vi\/wp-json\/wp\/v2\/pages\/1412\/revisions"}],"wp:attachment":[{"href":"https:\/\/hkcscheer.net\/vi\/wp-json\/wp\/v2\/media?parent=1412"}],"curies":[{"name":"wp","href":"https:\/\/api.w.org\/{rel}","templated":true}]}}