{"id":1410,"date":"2023-12-10T06:00:06","date_gmt":"2023-12-09T22:00:06","guid":{"rendered":"https:\/\/hkcscheer.net\/ve-chung-toi\/"},"modified":"2024-08-14T11:01:26","modified_gmt":"2024-08-14T03:01:26","slug":"ve-chung-toi","status":"publish","type":"page","link":"https:\/\/hkcscheer.net\/vi\/ve-chung-toi\/","title":{"rendered":"V\u1ec1 Ch\u00fang t\u00f4i"},"content":{"rendered":"<div>\n<h1>Th\u00f4ng tin v\u00e0 C\u00e1c M\u1ee5c ti\u00eau<\/h1>\n<p>Trung t\u00e2m H\u00f2a h\u1ee3p v\u00e0 N\u00e2ng cao \u0111\u1eddi s\u1ed1ng cho Ng\u01b0\u1eddi d\u00e2n t\u1ed9c thi\u1ec3u s\u1ed1 (CHEER) \u0111\u01b0\u1ee3c B\u1ed9 N\u1ed9i v\u1ee5 (HAD) t\u00e0i tr\u1ee3 t\u1eeb n\u0103m 2009 \u0111\u1ec3 cung c\u1ea5p c\u00e1c d\u1ecbch v\u1ee5 d\u1ec5 ti\u1ebfp c\u1eadn cho ng\u01b0\u1eddi d\u00e2n t\u1ed9c thi\u1ec3u s\u1ed1 \u1edf H\u1ed3ng K\u00f4ng. Th\u00f4ng qua vi\u1ec7c cung c\u1ea5p d\u1ecbch v\u1ee5 phi\u00ean d\u1ecbch v\u00e0 c\u00e1c ch\u01b0\u01a1ng tr\u00ecnh \u0111a chi\u1ec1u, CHEER h\u01b0\u1edbng t\u1edbi m\u1ee5c ti\u00eau sau:<\/p>\n<\/div>\n<ol>\n<li>H\u1ed7 tr\u1ee3 ng\u01b0\u1eddi d\u00e2n t\u1ed9c thi\u1ec3u s\u1ed1 bi\u1ebft v\u00e0 ti\u1ebfp c\u1eadn c\u00e1c d\u1ecbch v\u1ee5 v\u00e0 ngu\u1ed3n l\u1ef1c c\u00f4ng thi\u1ebft y\u1ebfu.<\/li>\n<li>N\u00e2ng cao tr\u00ecnh \u0111\u1ed9 th\u00f4ng th\u1ea1o ti\u1ebfng Trung v\u00e0 ti\u1ebfng Anh c\u1ee7a ng\u01b0\u1eddi d\u00e2n t\u1ed9c thi\u1ec3u s\u1ed1.<\/li>\n<li>N\u00e2ng cao n\u0103ng l\u1ef1c c\u1ee7a ng\u01b0\u1eddi d\u00e2n t\u1ed9c thi\u1ec3u s\u1ed1 trong vi\u1ec7c gi\u1ea3i quy\u1ebft v\u1ea5n \u0111\u1ec1 v\u00e0 th\u00edch nghi v\u1edbi cu\u1ed9c s\u1ed1ng \u1edf H\u1ed3ng K\u00f4ng.<\/li>\n<li>Th\u00fac \u0111\u1ea9y s\u1ef1 h\u00f2a nh\u1eadp v\u00e0 h\u1ed9i nh\u1eadp x\u00e3 h\u1ed9i \u1edf H\u1ed3ng K\u00f4ng.<\/li>\n<\/ol>\n<div><\/div>\n<blockquote><p><strong>D\u1ecbch v\u1ee5 n\u00e0y \u0111\u01b0\u1ee3c t\u00e0i tr\u1ee3 b\u1edfi S\u1edf N\u1ed9i v\u1ee5<\/strong><\/p><\/blockquote>\n<h1><\/h1>\n<h1>\u0110\u1ed1i t\u01b0\u1ee3ng c\u1ee7a D\u1ecbch v\u1ee5<\/h1>\n<p><strong>T\u1ea5t c\u1ea3 c\u00e1c d\u00e2n t\u1ed9c thi\u1ec3u s\u1ed1 \u1edf H\u1ed3ng K\u00f4ng v\u00e0 t\u1ea5t c\u1ea3 c\u00e1c t\u1ed5 ch\u1ee9c ph\u1ee5c v\u1ee5 ng\u01b0\u1eddi d\u00e2n t\u1ed9c thi\u1ec3u s\u1ed1.<\/strong><\/p>\n<h1><\/h1>\n<h1 class=\"message__subject flush--top push_quarter--bottom\">\u0110\u0103ng k\u00fd S\u1eed d\u1ee5ng D\u1ecbch v\u1ee5<\/h1>\n<ul>\n<li><strong>T\u1ea5t c\u1ea3 ng\u01b0\u1eddi d\u00e2n t\u1ed9c thi\u1ec3u s\u1ed1 <\/strong>c\u00f3 th\u1ec3 g\u1ecdi t\u1edbi \u0110\u01b0\u1eddng d\u00e2y n\u00f3ng TELIS, whatsapp ho\u1eb7c \u0111\u1ebfn Trung t\u00e2m c\u1ee7a ch\u00fang t\u00f4i \u0111\u1ec3 \u0111\u0103ng k\u00fd s\u1eed d\u1ee5ng d\u1ecbch v\u1ee5 mi\u1ec5n ph\u00ed. C\u00e1c d\u1ecbch v\u1ee5 c\u1ee7a ch\u00fang t\u00f4i bao g\u1ed3m d\u1ecbch v\u1ee5 phi\u00ean d\u1ecbch, c\u00e1c ch\u01b0\u01a1ng tr\u00ecnh ng\u00f4n ng\u1eef v\u00e0 h\u1ed9i nh\u1eadp, d\u1ecbch v\u1ee5 t\u01b0 v\u1ea5n, h\u01b0\u1edbng d\u1eabn v\u00e0 gi\u1edbi thi\u1ec7u.<\/li>\n<li><strong>T\u1ea5t c\u1ea3 c\u00e1c t\u1ed5 ch\u1ee9c ph\u1ee5c v\u1ee5 ng\u01b0\u1eddi d\u00e2n t\u1ed9c thi\u1ec3u s\u1ed1<\/strong> c\u00f3 th\u1ec3 g\u1ecdi \u0111\u1ebfn \u0110\u01b0\u1eddng d\u00e2y n\u00f3ng TELIS, g\u1eedi email ho\u1eb7c fax y\u00eau c\u1ea7u \u0111\u1ebfn Trung t\u00e2m trong gi\u1edd l\u00e0m vi\u1ec7c. C\u00e1c d\u1ecbch v\u1ee5 c\u1ee7a ch\u00fang t\u00f4i bao g\u1ed3m d\u1ecbch v\u1ee5 phi\u00ean d\u1ecbch v\u00e0 d\u1ecbch thu\u1eadt (Mi\u1ec5n ph\u00ed cho c\u00e1c t\u1ed5 ch\u1ee9c phi ch\u00ednh ph\u1ee7 NGOs v\u00e0 t\u1ea5t c\u1ea3 c\u00e1c tr\u01b0\u1eddng m\u1eabu gi\u00e1o, tr\u01b0\u1eddng ti\u1ec3u h\u1ecdc, trung h\u1ecdc v\u00e0 \u0111\u1ea1i h\u1ecdc phi l\u1ee3i nhu\u1eadn nh\u01b0 \u0111\u01b0\u1ee3c li\u1ec7t k\u00ea trong EDB), c\u00e1c bu\u1ed5i gi\u1edbi thi\u1ec7u mi\u1ec5n ph\u00ed v\u1ec1 d\u1ecbch v\u1ee5 phi\u00ean d\u1ecbch &amp; d\u1ecbch thu\u1eadt c\u0169ng nh\u01b0 nh\u1eadn th\u1ee9c v\u1ec1 v\u0103n h\u00f3a.<\/li>\n<\/ul>\n<blockquote><p><strong>Ng\u1eebng s\u1eed d\u1ee5ng d\u1ecbch v\u1ee5<\/strong>: Ng\u01b0\u1eddi d\u00f9ng d\u1ecbch v\u1ee5 c\u00f3 th\u1ec3 ng\u1eebng s\u1eed d\u1ee5ng d\u1ecbch v\u1ee5 b\u1eb1ng c\u00e1ch \u0111\u01b0a ra y\u00eau c\u1ea7u b\u1eb1ng l\u1eddi cho nh\u00e2n vi\u00ean c\u1ee7a ch\u00fang t\u00f4i.<\/p><\/blockquote>\n<blockquote><p>\u0110\u1ec3 bi\u1ebft th\u00eam th\u00f4ng tin v\u1ec1 c\u00e1c d\u1ecbch v\u1ee5 bi\u00ean d\u1ecbch v\u00e0 phi\u00ean d\u1ecbch, vui l\u00f2ng <a href=\"https:\/\/hkcscheer.wpenginepowered.com\/interpretation-and-translation-services\/\"><strong>nh\u1ea5p v\u00e0o<\/strong><\/a> \u0111\u00e2y.<\/p>\n<p>\u0110\u1ec3 bi\u1ebft th\u00eam th\u00f4ng tin v\u1ec1 c\u00e1c ch\u01b0\u01a1ng tr\u00ecnh kh\u00e1c, vui l\u00f2ng <a href=\"https:\/\/hkcscheer.wpenginepowered.com\/about-programme\/\"><strong>nh\u1ea5p v\u00e0o<\/strong><\/a> \u0111\u00e2y.<\/p><\/blockquote>\n","protected":false},"excerpt":{"rendered":"<p>Th\u00f4ng tin v\u00e0 C\u00e1c M\u1ee5c ti\u00eau Trung t\u00e2m H\u00f2a h\u1ee3p v\u00e0 N\u00e2ng cao \u0111\u1eddi s\u1ed1ng cho Ng\u01b0\u1eddi d\u00e2n t\u1ed9c thi\u1ec3u s\u1ed1 (CHEER) \u0111\u01b0\u1ee3c B\u1ed9 N\u1ed9i v\u1ee5 (HAD) t\u00e0i tr\u1ee3 t\u1eeb n\u0103m 2009 \u0111\u1ec3 cung c\u1ea5p c\u00e1c d\u1ecbch v\u1ee5 d\u1ec5 ti\u1ebfp c\u1eadn cho ng\u01b0\u1eddi d\u00e2n t\u1ed9c thi\u1ec3u s\u1ed1 \u1edf H\u1ed3ng K\u00f4ng. Th\u00f4ng qua vi\u1ec7c cung c\u1ea5p [&hellip;]<\/p>\n","protected":false},"author":1,"featured_media":0,"parent":0,"menu_order":0,"comment_status":"closed","ping_status":"closed","template":"","meta":{"footnotes":""},"class_list":["post-1410","page","type-page","status-publish","hentry"],"acf":[],"yoast_head":"<!-- This site is optimized with the Yoast SEO plugin v27.3 - https:\/\/yoast.com\/product\/yoast-seo-wordpress\/ -->\n<title>V\u1ec1 Ch\u00fang t\u00f4i - Centre for Harmony and Enhancement of Ethnic Minority Residents (CHEER)<\/title>\n<meta name=\"robots\" content=\"index, follow, max-snippet:-1, max-image-preview:large, max-video-preview:-1\" \/>\n<link rel=\"canonical\" href=\"https:\/\/hkcscheer.net\/about-us\/\" \/>\n<meta property=\"og:locale\" content=\"vi_VN\" \/>\n<meta property=\"og:type\" content=\"article\" \/>\n<meta property=\"og:title\" content=\"V\u1ec1 Ch\u00fang t\u00f4i - Centre for Harmony and Enhancement of Ethnic Minority Residents (CHEER)\" \/>\n<meta property=\"og:description\" content=\"Th\u00f4ng tin v\u00e0 C\u00e1c M\u1ee5c ti\u00eau Trung t\u00e2m H\u00f2a h\u1ee3p v\u00e0 N\u00e2ng cao \u0111\u1eddi s\u1ed1ng cho Ng\u01b0\u1eddi d\u00e2n t\u1ed9c thi\u1ec3u s\u1ed1 (CHEER) \u0111\u01b0\u1ee3c B\u1ed9 N\u1ed9i v\u1ee5 (HAD) t\u00e0i tr\u1ee3 t\u1eeb n\u0103m 2009 \u0111\u1ec3 cung c\u1ea5p c\u00e1c d\u1ecbch v\u1ee5 d\u1ec5 ti\u1ebfp c\u1eadn cho ng\u01b0\u1eddi d\u00e2n t\u1ed9c thi\u1ec3u s\u1ed1 \u1edf H\u1ed3ng K\u00f4ng. Th\u00f4ng qua vi\u1ec7c cung c\u1ea5p [&hellip;]\" \/>\n<meta property=\"og:url\" content=\"https:\/\/hkcscheer.net\/about-us\/\" \/>\n<meta property=\"og:site_name\" content=\"Centre for Harmony and Enhancement of Ethnic Minority Residents (CHEER)\" \/>\n<meta property=\"article:publisher\" content=\"https:\/\/www.facebook.com\/CHEERHKCS\/\" \/>\n<meta property=\"article:modified_time\" content=\"2024-08-14T03:01:26+00:00\" \/>\n<meta name=\"twitter:card\" content=\"summary_large_image\" \/>\n<meta name=\"twitter:label1\" content=\"Est. reading time\" \/>\n\t<meta name=\"twitter:data1\" content=\"3 minutes\" \/>\n<script type=\"application\/ld+json\" class=\"yoast-schema-graph\">{\"@context\":\"https:\\\/\\\/schema.org\",\"@graph\":[{\"@type\":\"WebPage\",\"@id\":\"https:\\\/\\\/hkcscheer.net\\\/about-us\\\/\",\"url\":\"https:\\\/\\\/hkcscheer.net\\\/about-us\\\/\",\"name\":\"V\u1ec1 Ch\u00fang t\u00f4i - Centre for Harmony and Enhancement of Ethnic Minority Residents (CHEER)\",\"isPartOf\":{\"@id\":\"https:\\\/\\\/hkcscheer.net\\\/#website\"},\"datePublished\":\"2023-12-09T22:00:06+00:00\",\"dateModified\":\"2024-08-14T03:01:26+00:00\",\"breadcrumb\":{\"@id\":\"https:\\\/\\\/hkcscheer.net\\\/about-us\\\/#breadcrumb\"},\"inLanguage\":\"vi-VN\",\"potentialAction\":[{\"@type\":\"ReadAction\",\"target\":[\"https:\\\/\\\/hkcscheer.net\\\/about-us\\\/\"]}]},{\"@type\":\"BreadcrumbList\",\"@id\":\"https:\\\/\\\/hkcscheer.net\\\/about-us\\\/#breadcrumb\",\"itemListElement\":[{\"@type\":\"ListItem\",\"position\":1,\"name\":\"Home\",\"item\":\"https:\\\/\\\/hkcscheer.net\\\/vi\\\/\"},{\"@type\":\"ListItem\",\"position\":2,\"name\":\"V\u1ec1 Ch\u00fang t\u00f4i\"}]},{\"@type\":\"WebSite\",\"@id\":\"https:\\\/\\\/hkcscheer.net\\\/#website\",\"url\":\"https:\\\/\\\/hkcscheer.net\\\/\",\"name\":\"Centre for Harmony and Enhancement of Ethnic Minority Residents (CHEER)\",\"description\":\"Centre for Harmony and Enhancement of Ethnic Minority Residents (CHEER)\",\"publisher\":{\"@id\":\"https:\\\/\\\/hkcscheer.net\\\/#organization\"},\"potentialAction\":[{\"@type\":\"SearchAction\",\"target\":{\"@type\":\"EntryPoint\",\"urlTemplate\":\"https:\\\/\\\/hkcscheer.net\\\/?s={search_term_string}\"},\"query-input\":{\"@type\":\"PropertyValueSpecification\",\"valueRequired\":true,\"valueName\":\"search_term_string\"}}],\"inLanguage\":\"vi-VN\"},{\"@type\":\"Organization\",\"@id\":\"https:\\\/\\\/hkcscheer.net\\\/#organization\",\"name\":\"Centre for Harmony and Enhancement of Ethnic Minority Residents (CHEER)\",\"url\":\"https:\\\/\\\/hkcscheer.net\\\/\",\"logo\":{\"@type\":\"ImageObject\",\"inLanguage\":\"vi-VN\",\"@id\":\"https:\\\/\\\/hkcscheer.net\\\/#\\\/schema\\\/logo\\\/image\\\/\",\"url\":\"https:\\\/\\\/hkcscheer.net\\\/wp-content\\\/uploads\\\/2024\\\/08\\\/Site-Logo.jpg\",\"contentUrl\":\"https:\\\/\\\/hkcscheer.net\\\/wp-content\\\/uploads\\\/2024\\\/08\\\/Site-Logo.jpg\",\"width\":512,\"height\":512,\"caption\":\"Centre for Harmony and Enhancement of Ethnic Minority Residents (CHEER)\"},\"image\":{\"@id\":\"https:\\\/\\\/hkcscheer.net\\\/#\\\/schema\\\/logo\\\/image\\\/\"},\"sameAs\":[\"https:\\\/\\\/www.facebook.com\\\/CHEERHKCS\\\/\",\"https:\\\/\\\/www.instagram.com\\\/hkcs_cheer\"]}]}<\/script>\n<!-- \/ Yoast SEO plugin. -->","yoast_head_json":{"title":"V\u1ec1 Ch\u00fang t\u00f4i - Centre for Harmony and Enhancement of Ethnic Minority Residents (CHEER)","robots":{"index":"index","follow":"follow","max-snippet":"max-snippet:-1","max-image-preview":"max-image-preview:large","max-video-preview":"max-video-preview:-1"},"canonical":"https:\/\/hkcscheer.net\/about-us\/","og_locale":"vi_VN","og_type":"article","og_title":"V\u1ec1 Ch\u00fang t\u00f4i - Centre for Harmony and Enhancement of Ethnic Minority Residents (CHEER)","og_description":"Th\u00f4ng tin v\u00e0 C\u00e1c M\u1ee5c ti\u00eau Trung t\u00e2m H\u00f2a h\u1ee3p v\u00e0 N\u00e2ng cao \u0111\u1eddi s\u1ed1ng cho Ng\u01b0\u1eddi d\u00e2n t\u1ed9c thi\u1ec3u s\u1ed1 (CHEER) \u0111\u01b0\u1ee3c B\u1ed9 N\u1ed9i v\u1ee5 (HAD) t\u00e0i tr\u1ee3 t\u1eeb n\u0103m 2009 \u0111\u1ec3 cung c\u1ea5p c\u00e1c d\u1ecbch v\u1ee5 d\u1ec5 ti\u1ebfp c\u1eadn cho ng\u01b0\u1eddi d\u00e2n t\u1ed9c thi\u1ec3u s\u1ed1 \u1edf H\u1ed3ng K\u00f4ng. Th\u00f4ng qua vi\u1ec7c cung c\u1ea5p [&hellip;]","og_url":"https:\/\/hkcscheer.net\/about-us\/","og_site_name":"Centre for Harmony and Enhancement of Ethnic Minority Residents (CHEER)","article_publisher":"https:\/\/www.facebook.com\/CHEERHKCS\/","article_modified_time":"2024-08-14T03:01:26+00:00","twitter_card":"summary_large_image","twitter_misc":{"Est. reading time":"3 minutes"},"schema":{"@context":"https:\/\/schema.org","@graph":[{"@type":"WebPage","@id":"https:\/\/hkcscheer.net\/about-us\/","url":"https:\/\/hkcscheer.net\/about-us\/","name":"V\u1ec1 Ch\u00fang t\u00f4i - Centre for Harmony and Enhancement of Ethnic Minority Residents (CHEER)","isPartOf":{"@id":"https:\/\/hkcscheer.net\/#website"},"datePublished":"2023-12-09T22:00:06+00:00","dateModified":"2024-08-14T03:01:26+00:00","breadcrumb":{"@id":"https:\/\/hkcscheer.net\/about-us\/#breadcrumb"},"inLanguage":"vi-VN","potentialAction":[{"@type":"ReadAction","target":["https:\/\/hkcscheer.net\/about-us\/"]}]},{"@type":"BreadcrumbList","@id":"https:\/\/hkcscheer.net\/about-us\/#breadcrumb","itemListElement":[{"@type":"ListItem","position":1,"name":"Home","item":"https:\/\/hkcscheer.net\/vi\/"},{"@type":"ListItem","position":2,"name":"V\u1ec1 Ch\u00fang t\u00f4i"}]},{"@type":"WebSite","@id":"https:\/\/hkcscheer.net\/#website","url":"https:\/\/hkcscheer.net\/","name":"Centre for Harmony and Enhancement of Ethnic Minority Residents (CHEER)","description":"Centre for Harmony and Enhancement of Ethnic Minority Residents (CHEER)","publisher":{"@id":"https:\/\/hkcscheer.net\/#organization"},"potentialAction":[{"@type":"SearchAction","target":{"@type":"EntryPoint","urlTemplate":"https:\/\/hkcscheer.net\/?s={search_term_string}"},"query-input":{"@type":"PropertyValueSpecification","valueRequired":true,"valueName":"search_term_string"}}],"inLanguage":"vi-VN"},{"@type":"Organization","@id":"https:\/\/hkcscheer.net\/#organization","name":"Centre for Harmony and Enhancement of Ethnic Minority Residents (CHEER)","url":"https:\/\/hkcscheer.net\/","logo":{"@type":"ImageObject","inLanguage":"vi-VN","@id":"https:\/\/hkcscheer.net\/#\/schema\/logo\/image\/","url":"https:\/\/hkcscheer.net\/wp-content\/uploads\/2024\/08\/Site-Logo.jpg","contentUrl":"https:\/\/hkcscheer.net\/wp-content\/uploads\/2024\/08\/Site-Logo.jpg","width":512,"height":512,"caption":"Centre for Harmony and Enhancement of Ethnic Minority Residents (CHEER)"},"image":{"@id":"https:\/\/hkcscheer.net\/#\/schema\/logo\/image\/"},"sameAs":["https:\/\/www.facebook.com\/CHEERHKCS\/","https:\/\/www.instagram.com\/hkcs_cheer"]}]}},"featured_image_src":null,"featured_image_src_square":null,"_links":{"self":[{"href":"https:\/\/hkcscheer.net\/vi\/wp-json\/wp\/v2\/pages\/1410","targetHints":{"allow":["GET"]}}],"collection":[{"href":"https:\/\/hkcscheer.net\/vi\/wp-json\/wp\/v2\/pages"}],"about":[{"href":"https:\/\/hkcscheer.net\/vi\/wp-json\/wp\/v2\/types\/page"}],"author":[{"embeddable":true,"href":"https:\/\/hkcscheer.net\/vi\/wp-json\/wp\/v2\/users\/1"}],"replies":[{"embeddable":true,"href":"https:\/\/hkcscheer.net\/vi\/wp-json\/wp\/v2\/comments?post=1410"}],"version-history":[{"count":0,"href":"https:\/\/hkcscheer.net\/vi\/wp-json\/wp\/v2\/pages\/1410\/revisions"}],"wp:attachment":[{"href":"https:\/\/hkcscheer.net\/vi\/wp-json\/wp\/v2\/media?parent=1410"}],"curies":[{"name":"wp","href":"https:\/\/api.w.org\/{rel}","templated":true}]}}