{"id":1402,"date":"2024-01-12T10:55:19","date_gmt":"2024-01-12T02:55:19","guid":{"rendered":"https:\/\/hkcscheer.net\/test\/"},"modified":"2026-04-22T10:27:30","modified_gmt":"2026-04-22T02:27:30","slug":"tuyen-dung-viec-lam","status":"publish","type":"page","link":"https:\/\/hkcscheer.net\/vi\/cho-nguoi-tim-viec\/tuyen-dung-viec-lam\/","title":{"rendered":"Tuy\u1ec3n d\u1ee5ng Vi\u1ec7c l\u00e0m"},"content":{"rendered":"<ul>\n<li>\n<h1><a href=\"https:\/\/hkcscheer.net\/wp-content\/uploads\/2026\/04\/Summary-of-civil-service-job-opportunities-as-at-21.4.2026.pdf\">1. C\u00e1c C\u00f4ng vi\u1ec7c c\u1ee7a Ch\u00ednh ph\u1ee7<\/a><\/h1>\n<\/li>\n<li>\n<h1><a href=\"https:\/\/hkcscheer.net\/wp-content\/uploads\/2025\/12\/Employment-briefings_2026-1EM.pdf\">2. L\u1ecbch tr\u00ecnh c\u00e1c bu\u1ed5i Th\u00f4ng tin Vi\u1ec7c l\u00e0m cho Ng\u01b0\u1eddi d\u00e2n t\u1ed9c Thi\u1ec3u s\u1ed1 do S\u1edf Lao \u0111\u1ed9ng t\u1ed5 ch\u1ee9c (01\/2026)<\/a><\/h1>\n<\/li>\n<li>\n<h1><a href=\"https:\/\/hkcscheer.net\/wp-content\/uploads\/2025\/12\/Employment-related-activities_2026-1-TC-Eng.pdf\">3. C\u00e1c Ho\u1ea1t \u0111\u1ed9ng Li\u00ean quan \u0111\u1ebfn Vi\u1ec7c l\u00e0m do S\u1edf Lao \u0111\u1ed9ng t\u1ed5 ch\u1ee9c (01\/2026)<\/a><\/h1>\n<\/li>\n<li>\n<h1><a href=\"https:\/\/hkcscheer.net\/wp-content\/uploads\/2024\/08\/Job_Noble-Spirit-Limited_Workshop-Logistics-Assistant_20240810.pdf\">4. Noble Spirit Limited T\/A Life Solutions &#8211; Tr\u1ee3 l\u00fd H\u1eadu c\u1ea7n X\u01b0\u1edfng<\/a><\/h1>\n<\/li>\n<li>\n<h1><a href=\"https:\/\/hkcscheer.net\/wp-content\/uploads\/2024\/01\/CHEER_Job-vacancy-form-for-employer_CXServer.pdf\">5. Danh s\u00e1ch C\u00f4ng vi\u1ec7c t\u1ea1i Cathay Pacific<\/a><\/h1>\n<\/li>\n<li>\n<h1><a href=\"https:\/\/hkcscheer.net\/wp-content\/uploads\/2024\/08\/Job_SEB-Asia-Ltd_Accounting-Clerk_20240829.pdf\">6. C\u00f4ng ty TNHH Asia SEB &#8211; Nh\u00e2n vi\u00ean K\u1ebf to\u00e1n<\/a><\/h1>\n<\/li>\n<li>\n<h1><a href=\"https:\/\/hkcscheer.net\/wp-content\/uploads\/2024\/12\/Job_Lutheran-Bliss_EMDA_20241228.pdf\">7. Trung t\u00e2m H\u1ed7 tr\u1ee3 Khu v\u1ef1c Lutheran Bliss (Yau Tsim Mong) &#8211; \u0110\u1ea1i S\u1ee9 Khu V\u1ef1c D\u00e2n t\u1ed9c Thi\u1ec3u s\u1ed1<\/a><\/h1>\n<\/li>\n<li>\n<h1><a href=\"https:\/\/hkcscheer.net\/wp-content\/uploads\/2024\/11\/CHEER_Job-vacancy-form-for-employer_20230422.pdf\">8. Cathay Pacific Airways Limited &#8211; Customer Services Officer<\/a><\/h1>\n<\/li>\n<li>\n<h1><a href=\"https:\/\/hkcscheer.net\/wp-content\/uploads\/2024\/11\/Job_CBRE_Technician_20241125.pdf\">9. C\u00f4ng Ty Tr\u00e1ch nhi\u1ec7m h\u1eefu h\u1ea1n CBRE- K\u1ef9 thu\u1eadt vi\u00ean<\/a><\/h1>\n<\/li>\n<li>\n<h1><a href=\"https:\/\/hkcscheer.net\/wp-content\/uploads\/2024\/12\/Job_SoftwareOne_Engineer_20241216.pdf\">10. SoftwareOne \u2013 K\u1ef9 s\u01b0 L1 24 X 7<\/a><\/h1>\n<\/li>\n<li>\n<h1><a href=\"https:\/\/hkcscheer.net\/wp-content\/uploads\/2025\/01\/Job_Hong-Chi-School_Teaching-Assistant_20250113.pdf\">11. Tr\u01b0\u1eddng Hong Chi Morninglight, Yuen Long &#8211; Tr\u1ee3 gi\u1ea3ng (\u0110\u0103ng ng\u00e0y 13\/01\/2025)<\/a><\/h1>\n<\/li>\n<li>\n<h1><a href=\"https:\/\/hkcscheer.net\/wp-content\/uploads\/2025\/07\/J-Top-Agency_Welfare-Desk-Officer_20250721.pdf\">12. J\u2019s Top Agency \u2013 Nh\u00e2n vi\u00ean Qu\u1ea7y Ph\u00fac l\u1ee3i l\u00e0m vi\u1ec7c theo ca trong c\u00f4ng vi\u00ean (Posted on 21\/07\/2025)<\/a><\/h1>\n<\/li>\n<li>\n<h1><a href=\"https:\/\/csboa1.csb.gov.hk\/csboa\/jve\/JVE_003.action?jobid=49742&amp;extractDto.mark=&amp;languageType=1&amp;extractDto.showCheckList=Y&amp;extractDto.onlineGF340=Y&amp;mylang=2\">13. S\u1edf N\u00f4ng nghi\u1ec7p, Th\u1ee7y s\u1ea3n v\u00e0 B\u1ea3o t\u1ed3n \u2013 Ng\u00e0nh ngh\u1ec1 th\u1ee7 c\u00f4ng (H\u1ea1n n\u1ed9p \u0111\u01a1n: Nh\u1eadn \u0111\u01a1n quanh n\u0103m cho \u0111\u1ebfn khi c\u00f3 th\u00f4ng b\u00e1o m\u1edbi.)<\/a><\/h1>\n<\/li>\n<li>\n<h1><a href=\"https:\/\/hkcscheer.net\/wp-content\/uploads\/2026\/03\/Bibo-Ltd_20260312.pdf\">14. BIBO Limited &#8211; Counter Officer (Posted on 12\/03\/2026)<\/a><\/h1>\n<\/li>\n<\/ul>\n","protected":false},"excerpt":{"rendered":"<p>1. C\u00e1c C\u00f4ng vi\u1ec7c c\u1ee7a Ch\u00ednh ph\u1ee7 2. L\u1ecbch tr\u00ecnh c\u00e1c bu\u1ed5i Th\u00f4ng tin Vi\u1ec7c l\u00e0m cho Ng\u01b0\u1eddi d\u00e2n t\u1ed9c Thi\u1ec3u s\u1ed1 do S\u1edf Lao \u0111\u1ed9ng t\u1ed5 ch\u1ee9c (01\/2026) 3. C\u00e1c Ho\u1ea1t \u0111\u1ed9ng Li\u00ean quan \u0111\u1ebfn Vi\u1ec7c l\u00e0m do S\u1edf Lao \u0111\u1ed9ng t\u1ed5 ch\u1ee9c (01\/2026) 4. Noble Spirit Limited T\/A Life Solutions &#8211; Tr\u1ee3 l\u00fd [&hellip;]<\/p>\n","protected":false},"author":1,"featured_media":0,"parent":1418,"menu_order":0,"comment_status":"closed","ping_status":"closed","template":"","meta":{"footnotes":""},"class_list":["post-1402","page","type-page","status-publish","hentry"],"acf":[],"yoast_head":"<!-- This site is optimized with the Yoast SEO plugin v27.4 - https:\/\/yoast.com\/product\/yoast-seo-wordpress\/ -->\n<title>Tuy\u1ec3n d\u1ee5ng Vi\u1ec7c l\u00e0m - Centre for Harmony and Enhancement of Ethnic Minority Residents (CHEER)<\/title>\n<meta name=\"robots\" content=\"index, follow, max-snippet:-1, max-image-preview:large, max-video-preview:-1\" \/>\n<link rel=\"canonical\" href=\"https:\/\/hkcscheer.net\/vi\/cho-nguoi-tim-viec\/tuyen-dung-viec-lam\/\" \/>\n<meta property=\"og:locale\" content=\"vi_VN\" \/>\n<meta property=\"og:type\" content=\"article\" \/>\n<meta property=\"og:title\" content=\"Tuy\u1ec3n d\u1ee5ng Vi\u1ec7c l\u00e0m - Centre for Harmony and Enhancement of Ethnic Minority Residents (CHEER)\" \/>\n<meta property=\"og:description\" content=\"1. C\u00e1c C\u00f4ng vi\u1ec7c c\u1ee7a Ch\u00ednh ph\u1ee7 2. L\u1ecbch tr\u00ecnh c\u00e1c bu\u1ed5i Th\u00f4ng tin Vi\u1ec7c l\u00e0m cho Ng\u01b0\u1eddi d\u00e2n t\u1ed9c Thi\u1ec3u s\u1ed1 do S\u1edf Lao \u0111\u1ed9ng t\u1ed5 ch\u1ee9c (01\/2026) 3. C\u00e1c Ho\u1ea1t \u0111\u1ed9ng Li\u00ean quan \u0111\u1ebfn Vi\u1ec7c l\u00e0m do S\u1edf Lao \u0111\u1ed9ng t\u1ed5 ch\u1ee9c (01\/2026) 4. Noble Spirit Limited T\/A Life Solutions &#8211; Tr\u1ee3 l\u00fd [&hellip;]\" \/>\n<meta property=\"og:url\" content=\"https:\/\/hkcscheer.net\/vi\/cho-nguoi-tim-viec\/tuyen-dung-viec-lam\/\" \/>\n<meta property=\"og:site_name\" content=\"Centre for Harmony and Enhancement of Ethnic Minority Residents (CHEER)\" \/>\n<meta property=\"article:publisher\" content=\"https:\/\/www.facebook.com\/CHEERHKCS\/\" \/>\n<meta property=\"article:modified_time\" content=\"2026-04-22T02:27:30+00:00\" \/>\n<meta name=\"twitter:card\" content=\"summary_large_image\" \/>\n<meta name=\"twitter:label1\" content=\"Est. reading time\" \/>\n\t<meta name=\"twitter:data1\" content=\"1 minute\" \/>\n<script type=\"application\/ld+json\" class=\"yoast-schema-graph\">{\"@context\":\"https:\\\/\\\/schema.org\",\"@graph\":[{\"@type\":\"WebPage\",\"@id\":\"https:\\\/\\\/hkcscheer.net\\\/vi\\\/cho-nguoi-tim-viec\\\/tuyen-dung-viec-lam\\\/\",\"url\":\"https:\\\/\\\/hkcscheer.net\\\/vi\\\/cho-nguoi-tim-viec\\\/tuyen-dung-viec-lam\\\/\",\"name\":\"Tuy\u1ec3n d\u1ee5ng Vi\u1ec7c l\u00e0m - Centre for Harmony and Enhancement of Ethnic Minority Residents (CHEER)\",\"isPartOf\":{\"@id\":\"https:\\\/\\\/hkcscheer.net\\\/#website\"},\"datePublished\":\"2024-01-12T02:55:19+00:00\",\"dateModified\":\"2026-04-22T02:27:30+00:00\",\"breadcrumb\":{\"@id\":\"https:\\\/\\\/hkcscheer.net\\\/vi\\\/cho-nguoi-tim-viec\\\/tuyen-dung-viec-lam\\\/#breadcrumb\"},\"inLanguage\":\"vi-VN\",\"potentialAction\":[{\"@type\":\"ReadAction\",\"target\":[\"https:\\\/\\\/hkcscheer.net\\\/vi\\\/cho-nguoi-tim-viec\\\/tuyen-dung-viec-lam\\\/\"]}]},{\"@type\":\"BreadcrumbList\",\"@id\":\"https:\\\/\\\/hkcscheer.net\\\/vi\\\/cho-nguoi-tim-viec\\\/tuyen-dung-viec-lam\\\/#breadcrumb\",\"itemListElement\":[{\"@type\":\"ListItem\",\"position\":1,\"name\":\"Home\",\"item\":\"https:\\\/\\\/hkcscheer.net\\\/vi\\\/\"},{\"@type\":\"ListItem\",\"position\":2,\"name\":\"Cho Ng\u01b0\u1eddi t\u00ecm vi\u1ec7c\",\"item\":\"https:\\\/\\\/hkcscheer.net\\\/for-jobseeker\\\/\"},{\"@type\":\"ListItem\",\"position\":3,\"name\":\"Tuy\u1ec3n d\u1ee5ng Vi\u1ec7c l\u00e0m\"}]},{\"@type\":\"WebSite\",\"@id\":\"https:\\\/\\\/hkcscheer.net\\\/#website\",\"url\":\"https:\\\/\\\/hkcscheer.net\\\/\",\"name\":\"Centre for Harmony and Enhancement of Ethnic Minority Residents (CHEER)\",\"description\":\"Centre for Harmony and Enhancement of Ethnic Minority Residents (CHEER)\",\"publisher\":{\"@id\":\"https:\\\/\\\/hkcscheer.net\\\/#organization\"},\"potentialAction\":[{\"@type\":\"SearchAction\",\"target\":{\"@type\":\"EntryPoint\",\"urlTemplate\":\"https:\\\/\\\/hkcscheer.net\\\/?s={search_term_string}\"},\"query-input\":{\"@type\":\"PropertyValueSpecification\",\"valueRequired\":true,\"valueName\":\"search_term_string\"}}],\"inLanguage\":\"vi-VN\"},{\"@type\":\"Organization\",\"@id\":\"https:\\\/\\\/hkcscheer.net\\\/#organization\",\"name\":\"Centre for Harmony and Enhancement of Ethnic Minority Residents (CHEER)\",\"url\":\"https:\\\/\\\/hkcscheer.net\\\/\",\"logo\":{\"@type\":\"ImageObject\",\"inLanguage\":\"vi-VN\",\"@id\":\"https:\\\/\\\/hkcscheer.net\\\/#\\\/schema\\\/logo\\\/image\\\/\",\"url\":\"https:\\\/\\\/hkcscheer.net\\\/wp-content\\\/uploads\\\/2024\\\/08\\\/Site-Logo.jpg\",\"contentUrl\":\"https:\\\/\\\/hkcscheer.net\\\/wp-content\\\/uploads\\\/2024\\\/08\\\/Site-Logo.jpg\",\"width\":512,\"height\":512,\"caption\":\"Centre for Harmony and Enhancement of Ethnic Minority Residents (CHEER)\"},\"image\":{\"@id\":\"https:\\\/\\\/hkcscheer.net\\\/#\\\/schema\\\/logo\\\/image\\\/\"},\"sameAs\":[\"https:\\\/\\\/www.facebook.com\\\/CHEERHKCS\\\/\",\"https:\\\/\\\/www.instagram.com\\\/hkcs_cheer\"]}]}<\/script>\n<!-- \/ Yoast SEO plugin. -->","yoast_head_json":{"title":"Tuy\u1ec3n d\u1ee5ng Vi\u1ec7c l\u00e0m - Centre for Harmony and Enhancement of Ethnic Minority Residents (CHEER)","robots":{"index":"index","follow":"follow","max-snippet":"max-snippet:-1","max-image-preview":"max-image-preview:large","max-video-preview":"max-video-preview:-1"},"canonical":"https:\/\/hkcscheer.net\/vi\/cho-nguoi-tim-viec\/tuyen-dung-viec-lam\/","og_locale":"vi_VN","og_type":"article","og_title":"Tuy\u1ec3n d\u1ee5ng Vi\u1ec7c l\u00e0m - Centre for Harmony and Enhancement of Ethnic Minority Residents (CHEER)","og_description":"1. C\u00e1c C\u00f4ng vi\u1ec7c c\u1ee7a Ch\u00ednh ph\u1ee7 2. L\u1ecbch tr\u00ecnh c\u00e1c bu\u1ed5i Th\u00f4ng tin Vi\u1ec7c l\u00e0m cho Ng\u01b0\u1eddi d\u00e2n t\u1ed9c Thi\u1ec3u s\u1ed1 do S\u1edf Lao \u0111\u1ed9ng t\u1ed5 ch\u1ee9c (01\/2026) 3. C\u00e1c Ho\u1ea1t \u0111\u1ed9ng Li\u00ean quan \u0111\u1ebfn Vi\u1ec7c l\u00e0m do S\u1edf Lao \u0111\u1ed9ng t\u1ed5 ch\u1ee9c (01\/2026) 4. Noble Spirit Limited T\/A Life Solutions &#8211; Tr\u1ee3 l\u00fd [&hellip;]","og_url":"https:\/\/hkcscheer.net\/vi\/cho-nguoi-tim-viec\/tuyen-dung-viec-lam\/","og_site_name":"Centre for Harmony and Enhancement of Ethnic Minority Residents (CHEER)","article_publisher":"https:\/\/www.facebook.com\/CHEERHKCS\/","article_modified_time":"2026-04-22T02:27:30+00:00","twitter_card":"summary_large_image","twitter_misc":{"Est. reading time":"1 minute"},"schema":{"@context":"https:\/\/schema.org","@graph":[{"@type":"WebPage","@id":"https:\/\/hkcscheer.net\/vi\/cho-nguoi-tim-viec\/tuyen-dung-viec-lam\/","url":"https:\/\/hkcscheer.net\/vi\/cho-nguoi-tim-viec\/tuyen-dung-viec-lam\/","name":"Tuy\u1ec3n d\u1ee5ng Vi\u1ec7c l\u00e0m - Centre for Harmony and Enhancement of Ethnic Minority Residents (CHEER)","isPartOf":{"@id":"https:\/\/hkcscheer.net\/#website"},"datePublished":"2024-01-12T02:55:19+00:00","dateModified":"2026-04-22T02:27:30+00:00","breadcrumb":{"@id":"https:\/\/hkcscheer.net\/vi\/cho-nguoi-tim-viec\/tuyen-dung-viec-lam\/#breadcrumb"},"inLanguage":"vi-VN","potentialAction":[{"@type":"ReadAction","target":["https:\/\/hkcscheer.net\/vi\/cho-nguoi-tim-viec\/tuyen-dung-viec-lam\/"]}]},{"@type":"BreadcrumbList","@id":"https:\/\/hkcscheer.net\/vi\/cho-nguoi-tim-viec\/tuyen-dung-viec-lam\/#breadcrumb","itemListElement":[{"@type":"ListItem","position":1,"name":"Home","item":"https:\/\/hkcscheer.net\/vi\/"},{"@type":"ListItem","position":2,"name":"Cho Ng\u01b0\u1eddi t\u00ecm vi\u1ec7c","item":"https:\/\/hkcscheer.net\/for-jobseeker\/"},{"@type":"ListItem","position":3,"name":"Tuy\u1ec3n d\u1ee5ng Vi\u1ec7c l\u00e0m"}]},{"@type":"WebSite","@id":"https:\/\/hkcscheer.net\/#website","url":"https:\/\/hkcscheer.net\/","name":"Centre for Harmony and Enhancement of Ethnic Minority Residents (CHEER)","description":"Centre for Harmony and Enhancement of Ethnic Minority Residents (CHEER)","publisher":{"@id":"https:\/\/hkcscheer.net\/#organization"},"potentialAction":[{"@type":"SearchAction","target":{"@type":"EntryPoint","urlTemplate":"https:\/\/hkcscheer.net\/?s={search_term_string}"},"query-input":{"@type":"PropertyValueSpecification","valueRequired":true,"valueName":"search_term_string"}}],"inLanguage":"vi-VN"},{"@type":"Organization","@id":"https:\/\/hkcscheer.net\/#organization","name":"Centre for Harmony and Enhancement of Ethnic Minority Residents (CHEER)","url":"https:\/\/hkcscheer.net\/","logo":{"@type":"ImageObject","inLanguage":"vi-VN","@id":"https:\/\/hkcscheer.net\/#\/schema\/logo\/image\/","url":"https:\/\/hkcscheer.net\/wp-content\/uploads\/2024\/08\/Site-Logo.jpg","contentUrl":"https:\/\/hkcscheer.net\/wp-content\/uploads\/2024\/08\/Site-Logo.jpg","width":512,"height":512,"caption":"Centre for Harmony and Enhancement of Ethnic Minority Residents (CHEER)"},"image":{"@id":"https:\/\/hkcscheer.net\/#\/schema\/logo\/image\/"},"sameAs":["https:\/\/www.facebook.com\/CHEERHKCS\/","https:\/\/www.instagram.com\/hkcs_cheer"]}]}},"featured_image_src":null,"featured_image_src_square":null,"_links":{"self":[{"href":"https:\/\/hkcscheer.net\/vi\/wp-json\/wp\/v2\/pages\/1402","targetHints":{"allow":["GET"]}}],"collection":[{"href":"https:\/\/hkcscheer.net\/vi\/wp-json\/wp\/v2\/pages"}],"about":[{"href":"https:\/\/hkcscheer.net\/vi\/wp-json\/wp\/v2\/types\/page"}],"author":[{"embeddable":true,"href":"https:\/\/hkcscheer.net\/vi\/wp-json\/wp\/v2\/users\/1"}],"replies":[{"embeddable":true,"href":"https:\/\/hkcscheer.net\/vi\/wp-json\/wp\/v2\/comments?post=1402"}],"version-history":[{"count":0,"href":"https:\/\/hkcscheer.net\/vi\/wp-json\/wp\/v2\/pages\/1402\/revisions"}],"up":[{"embeddable":true,"href":"https:\/\/hkcscheer.net\/vi\/wp-json\/wp\/v2\/pages\/1418"}],"wp:attachment":[{"href":"https:\/\/hkcscheer.net\/vi\/wp-json\/wp\/v2\/media?parent=1402"}],"curies":[{"name":"wp","href":"https:\/\/api.w.org\/{rel}","templated":true}]}}